{"id":102,"date":"2011-08-01T14:56:00","date_gmt":"2011-08-01T13:56:00","guid":{"rendered":"https:\/\/www.neuro-physiol.med.uni-goettingen.de\/wordpress\/?page_id=102"},"modified":"2024-09-23T09:30:40","modified_gmt":"2024-09-23T07:30:40","slug":"2005-2","status":"publish","type":"page","link":"https:\/\/www.neuro-physiol.med.uni-goettingen.de\/wordpress\/publications\/2005-2\/","title":{"rendered":"Publications\u00a0\u00a02005"},"content":{"rendered":"<p><img loading=\"lazy\" decoding=\"async\" src=\"https:\/\/www.neuro-physiol.med.uni-goettingen.de\/wordpress\/wp-content\/uploads\/Publication-Regale3.png\" alt=\"\" width=\"1135\" height=\"200\" \/><br \/>\n&nbsp;<br \/>\n&nbsp;<br \/>\n&nbsp;<br \/>\n&nbsp;<\/p>\n<div style=\"margin-left: 5em; text-align: left; line-height: 1.2em; font-family: dinalternate-italic; font-size: 12pt;\">1. Beglopoulos V, Montag-Sallaz M, Rohlmann A, Piechotta K, Ahmad M, Montag D, Missler M.<\/p>\n<div style=\"line-height: 22pt; font-family: dinalternate-bold; font-size: 18pt;\"><a href=\"https:\/\/pubmed.ncbi.nlm.nih.gov\/16055736\/\" target=\"_blank\" rel=\"noopener noreferrer\">Neurexophilin 3 is highly localized in cortical and cerebellar regions and<br \/>\nis functionally important for sensorimotor gating and motor coordination<\/a><\/p>\n<div style=\"margin-top: -1em; line-height: 1.2em; font-family: din-regularalternate; font-size: 12pt;\">Mol Cell Biol. 2005 Aug;25(16):7278-88. doi: 10.1128\/MCB.25.16.7278-7288.2005<\/div>\n<\/div>\n<\/div>\n<hr style=\"margin-left: -20%; align-right; width: 65%; border: 0; height: 1px; background-image: linear-gradient(90deg, rgba(239,239,239,1) 0%, rgba(168,168,168,1) 38%, rgba(50,50,50,1) 88%);\"\/>\n&nbsp;<br \/>\n&nbsp;<br \/>\n&nbsp;<\/p>\n<div style=\"margin-left: 5em; text-align: left; line-height: 1.2em; font-family: dinalternate-italic; font-size: 12pt;\">2. Dutschmann M, Paton JF.<\/p>\n<div style=\"line-height: 22pt; font-family: dinalternate-bold; font-size: 18pt;\"><a href=\"https:\/\/pubmed.ncbi.nlm.nih.gov\/16055938\/\" target=\"_blank\" rel=\"noopener noreferrer\">Dynamic changes in glottal resistance during exposure to severe hypoxia<br \/>\nin neonatal rats in situ<\/a><\/p>\n<div style=\"margin-top: -1em; line-height: 1.2em; font-family: din-regularalternate; font-size: 12pt;\">Pediatr Res. 2005 Aug;58(2):193-8. doi: 10.1203\/01.PDR.0000169968.07488.AD. Epub 2005 Jul 31.<\/div>\n<\/div>\n<\/div>\n<hr style=\"margin-left: -20%; align-right; width: 65%; border: 0; height: 1px; background-image: linear-gradient(90deg, rgba(239,239,239,1) 0%, rgba(168,168,168,1) 38%, rgba(50,50,50,1) 88%);\"\/>\n&nbsp;<br \/>\n&nbsp;<br \/>\n&nbsp;<\/p>\n<div style=\"margin-left: 5em; text-align: left; line-height: 1.2em; font-family: dinalternate-italic; font-size: 12pt;\">3. Hepp S, Gerich FJ, M\u00fcller M.<\/p>\n<div style=\"line-height: 22pt; font-family: dinalternate-bold; font-size: 18pt;\"><a href=\"https:\/\/pubmed.ncbi.nlm.nih.gov\/15872065\/\" target=\"_blank\" rel=\"noopener noreferrer\">Sulfhydryl oxidation reduces hippocampal susceptibility to hypoxia-induced spreading depression by activating BK channels<\/a><\/p>\n<div style=\"margin-top: -1em; line-height: 1.2em; font-family: din-regularalternate; font-size: 12pt;\">Comparative Study  J Neurophysiol. 2005 Aug;94(2):1091-103. doi: 10.1152\/jn.00291.2005. Epub 2005 May 4.<\/div>\n<\/div>\n<\/div>\n<hr style=\"margin-left: -20%; align-right; width: 65%; border: 0; height: 1px; background-image: linear-gradient(90deg, rgba(239,239,239,1) 0%, rgba(168,168,168,1) 38%, rgba(50,50,50,1) 88%);\"\/>\n&nbsp;<br \/>\n&nbsp;<br \/>\n&nbsp;<\/p>\n<div style=\"margin-left: 5em; text-align: left; line-height: 1.2em; font-family: dinalternate-italic; font-size: 12pt;\">4. Kvachnina E, Liu G, Dityatev A, Renner U, Dumuis A, Richter DW, Dityateva G, Schachner M,<br \/>\nVoyno-Yasenetskaya TA, Ponimaskin EG.<\/p>\n<div style=\"line-height: 22pt; font-family: dinalternate-bold; font-size: 18pt;\"><a href=\"https:\/\/pubmed.ncbi.nlm.nih.gov\/16120784\/\" target=\"_blank\" rel=\"noopener noreferrer\">5-HT7 receptor is coupled to G alpha subunits of heterotrimeric G12-protein<br \/>\nto regulate gene transcription and neuronal morphology<\/a><\/p>\n<div style=\"margin-top: -1em; line-height: 1.2em; font-family: din-regularalternate; font-size: 12pt;\">Comparative Study  J Neurosci. 2005 Aug 24;25(34):7821-30. doi: 10.1523\/JNEUROSCI.1790-05.2005<\/div>\n<\/div>\n<\/div>\n<hr style=\"margin-left: -20%; align-right; width: 65%; border: 0; height: 1px; background-image: linear-gradient(90deg, rgba(239,239,239,1) 0%, rgba(168,168,168,1) 38%, rgba(50,50,50,1) 88%);\"\/>\n&nbsp;<br \/>\n&nbsp;<br \/>\n&nbsp;<\/p>\n<div style=\"margin-left: 5em; text-align: left; line-height: 1.2em; font-family: dinalternate-italic; font-size: 12pt;\">5. Mironov SL, Langohr K.<\/p>\n<div style=\"line-height: 22pt; font-family: dinalternate-bold; font-size: 18pt;\"><a href=\"https:\/\/pubmed.ncbi.nlm.nih.gov\/15857632\/\" target=\"_blank\" rel=\"noopener noreferrer\">Mechanisms of Na+ and Ca2+ influx into respiratory neurons during hypoxia<\/a><\/p>\n<div style=\"margin-top: -1em; line-height: 1.2em; font-family: din-regularalternate; font-size: 12pt;\">Comparative Study  Neuropharmacology. 2005 Jun;48(7):1056-65. doi: 10.1016\/j.neuropharm.2005.01.021<\/div>\n<\/div>\n<\/div>\n<hr style=\"margin-left: -20%; align-right; width: 65%; border: 0; height: 1px; background-image: linear-gradient(90deg, rgba(239,239,239,1) 0%, rgba(168,168,168,1) 38%, rgba(50,50,50,1) 88%);\"\/>\n&nbsp;<br \/>\n&nbsp;<br \/>\n&nbsp;<\/p>\n<div style=\"margin-left: 5em; text-align: left; line-height: 1.2em; font-family: dinalternate-italic; font-size: 12pt;\">6. Mironov SL, Hartelt N, Ivannikov MV.<\/p>\n<div style=\"line-height: 22pt; font-family: dinalternate-bold; font-size: 18pt;\"><a href=\"https:\/\/pubmed.ncbi.nlm.nih.gov\/15680335\/\" target=\"_blank\" rel=\"noopener noreferrer\">Mitochondrial K(ATP) channels in respiratory neurons and their role<br \/>\nin the hypoxic facilitation of rhythmic activity<\/a><\/p>\n<div style=\"margin-top: -1em; line-height: 1.2em; font-family: din-regularalternate; font-size: 12pt;\">Comparative Study  Brain Res. 2005 Feb 1;1033(1):20-7. doi: 10.1016\/j.brainres.2004.11.011<\/div>\n<\/div>\n<\/div>\n<hr style=\"margin-left: -20%; align-right; width: 65%; border: 0; height: 1px; background-image: linear-gradient(90deg, rgba(239,239,239,1) 0%, rgba(168,168,168,1) 38%, rgba(50,50,50,1) 88%);\"\/>\n&nbsp;<br \/>\n&nbsp;<br \/>\n&nbsp;<\/p>\n<div style=\"margin-left: 5em; text-align: left; line-height: 1.2em; font-family: dinalternate-italic; font-size: 12pt;\">7. Mironov SL, Ivannikov MV, Johansson M.<\/p>\n<div style=\"line-height: 22pt; font-family: dinalternate-bold; font-size: 18pt;\"><a href=\"https:\/\/pubmed.ncbi.nlm.nih.gov\/15516333\/\" target=\"_blank\" rel=\"noopener noreferrer\">[Ca2+]i signaling between mitochondria and endoplasmic reticulum in neurons is regulated by microtubules. From mitochondrial permeability transition pore to Ca2+-induced Ca2+ release<\/a><\/p>\n<div style=\"margin-top: -1em; line-height: 1.2em; font-family: din-regularalternate; font-size: 12pt;\">J Biol Chem. 2005 Jan 7;280(1):715-21. doi: 10.1074\/jbc.M409819200. Epub 2004 Oct 29.<\/div>\n<\/div>\n<\/div>\n<hr style=\"margin-left: -20%; align-right; width: 65%; border: 0; height: 1px; background-image: linear-gradient(90deg, rgba(239,239,239,1) 0%, rgba(168,168,168,1) 38%, rgba(50,50,50,1) 88%);\"\/>\n&nbsp;<br \/>\n&nbsp;<br \/>\n&nbsp;<\/p>\n<div style=\"margin-left: 5em; text-align: left; line-height: 1.2em; font-family: dinalternate-italic; font-size: 12pt;\">8. M\u00fcller M.<\/p>\n<div style=\"line-height: 22pt; font-family: dinalternate-bold; font-size: 18pt;\">Hypoxic responses of central neurons and the role of mitochondria<br \/>\nas metabolic sensors<\/span><\/p>\n<div style=\"margin-top: -1em; line-height: 1.2em; font-family: din-regularalternate; font-size: 12pt;\">In: Pantalai SG (Hg.) Recent Res Devel Physiol 3. Research Signpost Verlag, Kerala, 59-90<\/div>\n<\/div>\n<\/div>\n<hr style=\"margin-left: -20%; align-right; width: 65%; border: 0; height: 1px; background-image: linear-gradient(90deg, rgba(239,239,239,1) 0%, rgba(168,168,168,1) 38%, rgba(50,50,50,1) 88%);\"\/>\n&nbsp;<br \/>\n&nbsp;<br \/>\n&nbsp;<\/p>\n<div style=\"margin-left: 5em; text-align: left; line-height: 1.2em; font-family: dinalternate-italic; font-size: 12pt;\">9. M\u00fcller M, Mironov SL, Ivannikov MV, Schmidt J, Richter DW.<\/p>\n<div style=\"line-height: 22pt; font-family: dinalternate-bold; font-size: 18pt;\"><a href=\"https:\/\/pubmed.ncbi.nlm.nih.gov\/15572032\/\" target=\"_blank\" rel=\"noopener noreferrer\">Mitochondrial organization and motility probed by two-photon microscopy<br \/>\nin cultured mouse brainstem neurons<\/a><\/p>\n<div style=\"margin-top: -1em; line-height: 1.2em; font-family: din-regularalternate; font-size: 12pt;\">Exp Cell Res. 2005 Feb 1;303(1):114-27. doi: 10.1016\/j.yexcr.2004.09.025<\/div>\n<\/div>\n<\/div>\n<hr style=\"margin-left: -20%; align-right; width: 65%; border: 0; height: 1px; background-image: linear-gradient(90deg, rgba(239,239,239,1) 0%, rgba(168,168,168,1) 38%, rgba(50,50,50,1) 88%);\"\/>\n&nbsp;<br \/>\n&nbsp;<br \/>\n&nbsp;<\/p>\n<div style=\"margin-left: 5em; text-align: left; line-height: 1.2em; font-family: dinalternate-italic; font-size: 12pt;\">10. Paarmann I, Frermann D, Keller BU, Villmann C, Breitinger HG, Hollmann M.<\/p>\n<div style=\"line-height: 22pt; font-family: dinalternate-bold; font-size: 18pt;\"><a href=\"https:\/\/pubmed.ncbi.nlm.nih.gov\/15857385\/\" target=\"_blank\" rel=\"noopener noreferrer\">Kinetics and subunit composition of NMDA receptors in<br \/>\nrespiratory-related neurons<\/a><\/p>\n<div style=\"margin-top: -1em; line-height: 1.2em; font-family: din-regularalternate; font-size: 12pt;\">Comparative Study  J Neurochem. 2005 May;93(4):812-24. doi: 10.1111\/j.1471-4159.2005.03027.x<\/div>\n<\/div>\n<\/div>\n<hr style=\"margin-left: -20%; align-right; width: 65%; border: 0; height: 1px; background-image: linear-gradient(90deg, rgba(239,239,239,1) 0%, rgba(168,168,168,1) 38%, rgba(50,50,50,1) 88%);\"\/>\n&nbsp;<br \/>\n&nbsp;<br \/>\n&nbsp;<\/p>\n<div style=\"margin-left: 5em; text-align: left; line-height: 1.2em; font-family: dinalternate-italic; font-size: 12pt;\">11. Ponimaskin E, Dumuis A, Gaven F, Barthet G, Heine M, Glebov K, Richter DW, Oppermann M.<\/p>\n<div style=\"line-height: 22pt; font-family: dinalternate-bold; font-size: 18pt;\"><a href=\"https:\/\/pubmed.ncbi.nlm.nih.gov\/15689570\/\" target=\"_blank\" rel=\"noopener noreferrer\">Palmitoylation of the 5-hydroxytryptamine4a receptor regulates receptor phosphorylation, desensitization, and beta-arrestin-mediated endocytosis<\/a><\/p>\n<div style=\"margin-top: -1em; line-height: 1.2em; font-family: din-regularalternate; font-size: 12pt;\">Comparative Study  Mol Pharmacol. 2005 May;67(5):1434-43. doi: 10.1124\/mol.104.008748. Epub 2005 Feb 2.<\/div>\n<\/div>\n<\/div>\n<hr style=\"margin-left: -20%; align-right; width: 65%; border: 0; height: 1px; background-image: linear-gradient(90deg, rgba(239,239,239,1) 0%, rgba(168,168,168,1) 38%, rgba(50,50,50,1) 88%);\"\/>\n&nbsp;<br \/>\n&nbsp;<br \/>\n&nbsp;<\/p>\n<div style=\"margin-left: 5em; text-align: left; line-height: 1.2em; font-family: dinalternate-italic; font-size: 12pt;\">12. Qin G, Schwarz T, Kittel RJ, Schmid A, Rasse TM, Kappei D, Ponimaskin E, Heckmann M, Sigrist SJ.<\/p>\n<div style=\"line-height: 22pt; font-family: dinalternate-bold; font-size: 18pt;\"><a href=\"https:\/\/pubmed.ncbi.nlm.nih.gov\/15788778\/\" target=\"_blank\" rel=\"noopener noreferrer\">Four different subunits are essential for expressing the synaptic glutamate receptor at neuromuscular junctions of Drosophila<\/a><\/p>\n<div style=\"margin-top: -1em; line-height: 1.2em; font-family: din-regularalternate; font-size: 12pt;\">Comparative Study  J Neurosci. 2005 Mar 23;25(12):3209-18. doi: 10.1523\/JNEUROSCI.4194-04.2005<\/div>\n<\/div>\n<\/div>\n<hr style=\"margin-left: -20%; align-right; width: 65%; border: 0; height: 1px; background-image: linear-gradient(90deg, rgba(239,239,239,1) 0%, rgba(168,168,168,1) 38%, rgba(50,50,50,1) 88%);\"\/>\n&nbsp;<br \/>\n&nbsp;<br \/>\n&nbsp;<\/p>\n<div style=\"margin-left: 5em; text-align: left; line-height: 1.2em; font-family: dinalternate-italic; font-size: 12pt;\">13. Ritter B, Ochojski M, K\u00fchn T, Schwarzacher SW, Zhang W.<\/p>\n<div style=\"line-height: 22pt; font-family: dinalternate-bold; font-size: 18pt;\"><a href=\"https:\/\/pubmed.ncbi.nlm.nih.gov\/15654651\/\" target=\"_blank\" rel=\"noopener noreferrer\">Subcellular vesicular aggregations of GABAB R1a and R1b receptors increase with age in neurons of the developing mouse brain<\/a><\/p>\n<div style=\"margin-top: -1em; line-height: 1.2em; font-family: din-regularalternate; font-size: 12pt;\">Comparative Study  Cell Tissue Res. 2005 Feb;319(2):181-9. doi: 10.1007\/s00441-004-0991-6. Epub 2004 Nov 3.<\/div>\n<\/div>\n<\/div>\n<hr style=\"margin-left: -20%; align-right; width: 65%; border: 0; height: 1px; background-image: linear-gradient(90deg, rgba(239,239,239,1) 0%, rgba(168,168,168,1) 38%, rgba(50,50,50,1) 88%);\"\/>\n&nbsp;<br \/>\n&nbsp;<br \/>\n&nbsp;<\/p>\n<div style=\"margin-left: 5em; text-align: left; line-height: 1.2em; font-family: dinalternate-italic; font-size: 12pt;\">14. Spielbauer B, Stahl F.<\/p>\n<div style=\"line-height: 22pt; font-family: dinalternate-bold; font-size: 18pt;\"><a href=\"https:\/\/pubmed.ncbi.nlm.nih.gov\/16189797\/\" target=\"_blank\" rel=\"noopener noreferrer\">Impact of microarray technology in nutrition and food research<\/a><\/p>\n<div style=\"margin-top: -1em; line-height: 1.2em; font-family: din-regularalternate; font-size: 12pt;\">Review  Mol Nutr Food Res. 2005 Oct;49(10):908-17. doi: 10.1002\/mnfr.200500033<\/div>\n<\/div>\n<\/div>\n<hr style=\"margin-left: -20%; align-right; width: 65%; border: 0; height: 1px; background-image: linear-gradient(90deg, rgba(239,239,239,1) 0%, rgba(168,168,168,1) 38%, rgba(50,50,50,1) 88%);\"\/>\n&nbsp;<br \/>\n&nbsp;<br \/>\n&nbsp;<\/p>\n<div style=\"margin-left: 5em; text-align: left; line-height: 1.2em; font-family: dinalternate-italic; font-size: 12pt;\">15. von Lewinski F, Keller BU.<\/p>\n<div style=\"line-height: 22pt; font-family: dinalternate-bold; font-size: 18pt;\"><a href=\"https:\/\/pubmed.ncbi.nlm.nih.gov\/16026864\/\" target=\"_blank\" rel=\"noopener noreferrer\">Ca2+, mitochondria and selective motoneuron vulnerability:<br \/>\nimplications for ALS<\/a><\/p>\n<div style=\"margin-top: -1em; line-height: 1.2em; font-family: din-regularalternate; font-size: 12pt;\">Review  Trends Neurosci. 2005 Sep;28(9):494-500. doi: 10.1016\/j.tins.2005.07.001<\/div>\n<\/div>\n<\/div>\n<hr style=\"margin-left: -20%; align-right; width: 65%; border: 0; height: 1px; background-image: linear-gradient(90deg, rgba(239,239,239,1) 0%, rgba(168,168,168,1) 38%, rgba(50,50,50,1) 88%);\"\/>\n&nbsp;<br \/>\n&nbsp;<br \/>\n&nbsp;<\/p>\n<div style=\"margin-left: 5em; text-align: left; line-height: 1.2em; font-family: dinalternate-italic; font-size: 12pt;\">16. von Lewinski F, Keller BU.<\/p>\n<div style=\"line-height: 22pt; font-family: dinalternate-bold; font-size: 18pt;\"><a href=\"https:\/\/pubmed.ncbi.nlm.nih.gov\/15862886\/\" target=\"_blank\" rel=\"noopener noreferrer\">Mitochondrial Ca2+ buffering in hypoglossal motoneurons from mouse<\/a><\/p>\n<div style=\"margin-top: -1em; line-height: 1.2em; font-family: din-regularalternate; font-size: 12pt;\">Comparative Study  Neurosci Lett. 2005 Jun 3;380(3):203-8. doi: 10.1016\/j.neulet.2005.01.010. Epub 2005 Apr 22.<\/div>\n<\/div>\n<\/div>\n<hr style=\"margin-left: -20%; align-right; width: 65%; border: 0; height: 1px; background-image: linear-gradient(90deg, rgba(239,239,239,1) 0%, rgba(168,168,168,1) 38%, rgba(50,50,50,1) 88%);\"\/>\n&nbsp;<br \/>\n&nbsp;<br \/>\n&nbsp;<\/p>\n<div style=\"margin-left: 5em; text-align: left; line-height: 1.2em; font-family: dinalternate-italic; font-size: 12pt;\">17. Zhang W, Rohlmann A, Sargsyan V, Aramuni G, Hammer RE, S\u00fcdhof TC, Missler M.<\/p>\n<div style=\"line-height: 22pt; font-family: dinalternate-bold; font-size: 18pt;\"><a href=\"https:\/\/pubmed.ncbi.nlm.nih.gov\/15858059\/\" target=\"_blank\" rel=\"noopener noreferrer\">Extracellular domains of alpha-neurexins participate in regulating synaptic transmission by selectively affecting N- and P\/Q-type Ca2+ channels<\/a><\/p>\n<div style=\"margin-top: -1em; line-height: 1.2em; font-family: din-regularalternate; font-size: 12pt;\">Comparative Study  J Neurosci. 2005 Apr 27;25(17):4330-42. doi: 10.1523\/JNEUROSCI.0497-05.2005<\/div>\n<\/div>\n<\/div>\n<hr style=\"margin-left: -20%; align-right; width: 65%; border: 0; height: 1px; background-image: linear-gradient(90deg, rgba(239,239,239,1) 0%, rgba(168,168,168,1) 38%, rgba(50,50,50,1) 88%);\"\/>\n&nbsp;<br \/>\n&nbsp;<br \/>\n&nbsp;<\/p>\n<div style=\"margin-left: 5em; text-align: left; line-height: 1.2em; font-family: dinalternate-italic; font-size: 12pt;\">18. Zippel HP, Dolle H, Foitzik M, Hamadeh A, L\u00fcthje LGC, M\u00f6ller-de Beer AM, K\u00f6hnke R.<\/p>\n<div style=\"line-height: 22pt; font-family: dinalternate-bold; font-size: 18pt;\"><a href=\"https:\/\/www.taylorfrancis.com\/chapters\/edit\/10.1201\/9781482294392-10\/vivo-recordings-single-olfactory-sensory-neurons-goldfish-carassius-auratus-application-olfactory-stimuli\" target=\"_blank\" rel=\"noopener noreferrer\">In vivo recordings from single olfactory sensory neurons in goldfish<br \/>\n(Carassius auratus) during application of olfactory stimuli<\/a><\/p>\n<div style=\"margin-top: -1em; line-height: 1.2em; font-family: din-regularalternate; font-size: 12pt;\">In: Reutter K, Kapoor BG (Hg.) Fish Chemosenses. Science Publisher Verlag, Enfield USA\/Plymouth UK, 87-110<\/div>\n<\/div>\n<\/div>\n<hr style=\"margin-left: -20%; align-right; width: 65%; border: 0; height: 1px; background-image: linear-gradient(90deg, rgba(239,239,239,1) 0%, rgba(168,168,168,1) 38%, rgba(50,50,50,1) 88%);\"\/>\n&nbsp;<br \/>\n&nbsp;<br \/>\n&nbsp;<\/p>\n<div style=\"margin-left: 5em; text-align: left; line-height: 1.2em; font-family: dinalternate-italic; font-size: 12pt;\">19. Zippel HP, L\u00fcthje LGC, Albrecht B, Conze C, Hessenius N, Jakob U, Kokem\u00fcller A, Rindermann K, Willms HG.<\/p>\n<div style=\"line-height: 22pt; font-family: dinalternate-bold; font-size: 18pt;\"><a href=\"https:\/\/www.taylorfrancis.com\/chapters\/edit\/10.1201\/9781482294392-11\/olfactory-cross-adaptation-peripheral-general-phenomenon-zippel-luthje-albrecht-conze\" target=\"_blank\" rel=\"noopener noreferrer\">Olfactory cross-adaptation: not a peripheral but a general phenomenon<\/a><\/p>\n<div style=\"margin-top: -1em; line-height: 1.2em; font-family: din-regularalternate; font-size: 12pt;\">In: Reutter K, Kapoor BG (Hg.) Fish Chemosenses. Science Publisher Verlag, Enfield USA\/Plymouth UK, 111-31<\/div>\n<\/div>\n<\/div>\n<hr style=\"margin-left: -20%; align-right; width: 65%; border: 0; height: 1px; background-image: linear-gradient(90deg, rgba(239,239,239,1) 0%, rgba(168,168,168,1) 38%, rgba(50,50,50,1) 88%);\"\/>\n","protected":false},"excerpt":{"rendered":"<p>&nbsp; &nbsp; &nbsp; &nbsp; 1. Beglopoulos V, Montag-Sallaz M, Rohlmann A, Piechotta K, Ahmad M, Montag D, Missler M. Neurexophilin 3 is highly localized in cortical and cerebellar regions and is functionally important for sensorimotor gating and motor coordination Mol Cell Biol. 2005 Aug;25(16):7278-88. doi: 10.1128\/MCB.25.16.7278-7288.2005 &nbsp; &nbsp; &nbsp; 2. Dutschmann M, Paton JF. Dynamic &hellip; <\/p>\n<p class=\"link-more\"><a href=\"https:\/\/www.neuro-physiol.med.uni-goettingen.de\/wordpress\/publications\/2005-2\/\" class=\"more-link\"><span class=\"screen-reader-text\">\u201ePublications\u00a0\u00a02005\u201c <\/span>weiterlesen<\/a><\/p>\n","protected":false},"author":1,"featured_media":0,"parent":54,"menu_order":18,"comment_status":"closed","ping_status":"closed","template":"","meta":{"footnotes":""},"class_list":["post-102","page","type-page","status-publish","hentry"],"_links":{"self":[{"href":"https:\/\/www.neuro-physiol.med.uni-goettingen.de\/wordpress\/wp-json\/wp\/v2\/pages\/102","targetHints":{"allow":["GET"]}}],"collection":[{"href":"https:\/\/www.neuro-physiol.med.uni-goettingen.de\/wordpress\/wp-json\/wp\/v2\/pages"}],"about":[{"href":"https:\/\/www.neuro-physiol.med.uni-goettingen.de\/wordpress\/wp-json\/wp\/v2\/types\/page"}],"author":[{"embeddable":true,"href":"https:\/\/www.neuro-physiol.med.uni-goettingen.de\/wordpress\/wp-json\/wp\/v2\/users\/1"}],"replies":[{"embeddable":true,"href":"https:\/\/www.neuro-physiol.med.uni-goettingen.de\/wordpress\/wp-json\/wp\/v2\/comments?post=102"}],"version-history":[{"count":0,"href":"https:\/\/www.neuro-physiol.med.uni-goettingen.de\/wordpress\/wp-json\/wp\/v2\/pages\/102\/revisions"}],"up":[{"embeddable":true,"href":"https:\/\/www.neuro-physiol.med.uni-goettingen.de\/wordpress\/wp-json\/wp\/v2\/pages\/54"}],"wp:attachment":[{"href":"https:\/\/www.neuro-physiol.med.uni-goettingen.de\/wordpress\/wp-json\/wp\/v2\/media?parent=102"}],"curies":[{"name":"wp","href":"https:\/\/api.w.org\/{rel}","templated":true}]}}