{"id":1510,"date":"2017-03-15T08:11:45","date_gmt":"2017-03-15T07:11:45","guid":{"rendered":"https:\/\/www.neuro-physiol.med.uni-goettingen.de\/wordpress\/?page_id=1510"},"modified":"2024-09-20T20:05:56","modified_gmt":"2024-09-20T18:05:56","slug":"2016-2","status":"publish","type":"page","link":"https:\/\/www.neuro-physiol.med.uni-goettingen.de\/wordpress\/publications\/2016-2\/","title":{"rendered":"Publications\u00a0\u00a02016"},"content":{"rendered":"<p><img loading=\"lazy\" decoding=\"async\" src=\"https:\/\/www.neuro-physiol.med.uni-goettingen.de\/wordpress\/wp-content\/uploads\/Publication-Regale3.png\" alt=\"\" width=\"1135\" height=\"200\" \/><br \/>\n&nbsp;<br \/>\n&nbsp;<br \/>\n&nbsp;<br \/>\n&nbsp;<\/p>\n<div style=\"margin-left: 5em; text-align: left; line-height: 1.2em; font-family: dinalternate-italic; font-size: 12pt;\">1. Basmanav \u00dc FB, Cau L, Tafazzoli A, M\u00e9chin M-C, Wolf S, Romano MT, Valentin F, Wiegmann H, Huchenq A,<br \/>\nKandil R, Garcia\u00a0Bartels N, Kilic A, George S, Ralser DJ, Bergner S, Ferguson DJP, Oprisoreanu A-M, Wehner M,<br \/>\nThiele H, Altm\u00fcller J, N\u00fcrnberg P, Swan D, Houniet D, B\u00fcchner A, Weibel L, Wagner N, Grimalt R, Bygum A,<br \/>\nSerre G, Blume-Peytavi U, Sprecher E, Schoch S, Oji V, Hamm H, Farrant P, Simon M, Betz RC.<\/p>\n<div style=\"line-height: 22pt; font-family: dinalternate-bold; font-size: 18pt;\"><a href=\"https:\/\/pubmed.ncbi.nlm.nih.gov\/27866708\/\" target=\"_blank\" rel=\"noopener noreferrer\">Mutations in Three Genes Encoding Proteins Involved in<br \/>\nHair Shaft Formation Cause Uncombable Hair Syndrome<\/a><\/p>\n<div style=\"margin-top: -1em; font-family: din-regularalternate; font-size: 12pt;\">Am J Hum Genet. 2016 Dec 1;99(6):1292-1304. doi: 10.1016\/j.ajhg.2016.10.004. Epub 2016 Nov 17.<\/div>\n<\/div>\n<\/div>\n<hr style=\"margin-left: -20%; align-right; width: 65%; border: 0; height: 1px; background-image: linear-gradient(90deg, rgba(239,239,239,1) 0%, rgba(168,168,168,1) 38%, rgba(50,50,50,1) 88%);\"\/>\n&nbsp;<br \/>\n&nbsp;<br \/>\n&nbsp;<\/p>\n<div style=\"margin-left: 5em; text-align: left; line-height: 1.2em; font-family: dinalternate-italic; font-size: 12pt;\">2. Gazit N, Vertkin I, Shapira I, Helm M, Slomowitz E, Sheiba M, Mor Y, Rizzoli S, Slutsky I.<\/p>\n<div style=\"line-height: 22pt; font-family: dinalternate-bold; font-size: 18pt;\"><a href=\"https:\/\/pubmed.ncbi.nlm.nih.gov\/26804996\/\" target=\"_blank\" rel=\"noopener noreferrer\"> IGF-1 Receptor Differentially Regulates Spontaneous and<br \/>\nEvoked Transmission via Mitochondria at Hippocampal Synapses<\/a><\/p>\n<div style=\"margin-top: -1em; font-family: din-regularalternate; font-size: 12pt;\">Neuron. 2016 Feb 3;89(3):583-97. doi: 10.1016\/j.neuron.2015.12.034. Epub 2016 Jan 21.<\/div>\n<\/div>\n<\/div>\n<hr style=\"margin-left: -20%; align-right; width: 65%; border: 0; height: 1px; background-image: linear-gradient(90deg, rgba(239,239,239,1) 0%, rgba(168,168,168,1) 38%, rgba(50,50,50,1) 88%);\"\/>\n&nbsp;<br \/>\n&nbsp;<br \/>\n&nbsp;<\/p>\n<div style=\"margin-left: 5em; text-align: left; line-height: 1.2em; font-family: dinalternate-italic; font-size: 12pt;\">3. Gomes de Castro MA, Rammner B, Opazo F.<\/p>\n<div style=\"line-height: 22pt; font-family: dinalternate-bold; font-size: 18pt;\"><a href=\"https:\/\/pubmed.ncbi.nlm.nih.gov\/26552828\/\" target=\"_blank\" rel=\"noopener noreferrer\">Aptamer Stainings for Super-resolution Microscopy<\/a><\/p>\n<div style=\"margin-top: -1em; font-family: din-regularalternate; font-size: 12pt;\">Methods Mol Biol. 2016;1380:197-210. doi: 10.1007\/978-1-4939-3197-2_17<\/div>\n<\/div>\n<\/div>\n<hr style=\"margin-left: -20%; align-right; width: 65%; border: 0; height: 1px; background-image: linear-gradient(90deg, rgba(239,239,239,1) 0%, rgba(168,168,168,1) 38%, rgba(50,50,50,1) 88%);\"\/>\n&nbsp;<br \/>\n&nbsp;<br \/>\n&nbsp;<\/p>\n<div style=\"margin-left: 5em; text-align: left; line-height: 1.2em; font-family: dinalternate-italic; font-size: 12pt;\">4. Hassouna I, Ott C, W\u00fcstefeld L, Offen N, Neher RA, Mitkovski M, Winkler D, Sperling S, Fries L,<br \/>\nGoebbels S, Vreja IC, Hagemeyer N, Dittrich M, Rossetti MF, Kr\u00f6hnert K, Hannke K, Boretius S,<br \/>\nZeug A, H\u00f6schen C, Dandekar T, Dere E, Neher E, Rizzoli SO, Nave K-A, Sir\u00e9n A-L, Ehrenreich H.<\/p>\n<div style=\"line-height: 22pt; font-family: dinalternate-bold; font-size: 18pt;\"><a href=\"https:\/\/pubmed.ncbi.nlm.nih.gov\/26809838\/\" target=\"_blank\" rel=\"noopener noreferrer\">Revisiting adult neurogenesis and the role of erythropoietin for<br \/>\nneuronal and oligodendroglial differentiation in the hippocampus<\/a><\/p>\n<div style=\"margin-top: -1em; font-family: din-regularalternate; font-size: 12pt;\">Mol Psychiatry. 2016 Dec;21(12):1752-1767. doi: 10.1038\/mp.2015.212. Epub 2016 Jan 26.<\/div>\n<\/div>\n<\/div>\n<hr style=\"margin-left: -20%; align-right; width: 65%; border: 0; height: 1px; background-image: linear-gradient(90deg, rgba(239,239,239,1) 0%, rgba(168,168,168,1) 38%, rgba(50,50,50,1) 88%);\"\/>\n&nbsp;<br \/>\n&nbsp;<br \/>\n&nbsp;<\/p>\n<div style=\"margin-left: 5em; text-align: left; line-height: 1.2em; font-family: dinalternate-italic; font-size: 12pt;\">5. Janc O, H\u00fcser MA, Dietrich K, Kempkes B, Menzfeld C, H\u00fclsmann S, M\u00fcller M.<\/p>\n<div style=\"line-height: 22pt; font-family: dinalternate-bold; font-size: 18pt;\"><a href=\"https:\/\/pubmed.ncbi.nlm.nih.gov\/27895554\/\" target=\"_blank\" rel=\"noopener noreferrer\">Systemic Radical Scavenger Treatment of a Mouse Model of<br \/>\nRett Syndrome: Merits and Limitations of the Vitamin E Derivate Trolox<\/a><\/p>\n<div style=\"margin-top: -1em; font-family: din-regularalternate; font-size: 12pt;\">Front Cell Neurosci. 2016 Nov 15;10:266. doi: 10.3389\/fncel.2016.00266. eCollection 2016<\/div>\n<\/div>\n<\/div>\n<hr style=\"margin-left: -20%; align-right; width: 65%; border: 0; height: 1px; background-image: linear-gradient(90deg, rgba(239,239,239,1) 0%, rgba(168,168,168,1) 38%, rgba(50,50,50,1) 88%);\"\/>\n&nbsp;<br \/>\n&nbsp;<br \/>\n&nbsp;<\/p>\n<div style=\"margin-left: 5em; text-align: left; line-height: 1.2em; font-family: dinalternate-italic; font-size: 12pt;\">6. Maidorn M, Rizzoli SO, Opazo F.<\/p>\n<div style=\"line-height: 22pt; font-family: dinalternate-bold; font-size: 18pt;\"><a href=\"https:\/\/pubmed.ncbi.nlm.nih.gov\/27729584\/\" target=\"_blank\" rel=\"noopener noreferrer\">Tools and limitations to study the molecular composition of synapses<br \/>\nby fluorescence microscopy<\/a><\/p>\n<div style=\"margin-top: -1em; font-family: din-regularalternate; font-size: 12pt;\">Biochem J. 2016 Oct 15;473(20):3385-3399. doi: 10.1042\/BCJ20160366<\/div>\n<\/div>\n<\/div>\n<hr style=\"margin-left: -20%; align-right; width: 65%; border: 0; height: 1px; background-image: linear-gradient(90deg, rgba(239,239,239,1) 0%, rgba(168,168,168,1) 38%, rgba(50,50,50,1) 88%);\"\/>\n&nbsp;<br \/>\n&nbsp;<br \/>\n&nbsp;<\/p>\n<div style=\"margin-left: 5em; text-align: left; line-height: 1.2em; font-family: dinalternate-italic; font-size: 12pt;\">7. Revelo NH, Rizzoli SO.<\/p>\n<div style=\"line-height: 22pt; font-family: dinalternate-bold; font-size: 18pt;\"><a href=\"https:\/\/pubmed.ncbi.nlm.nih.gov\/26729031\/\" target=\"_blank\" rel=\"noopener noreferrer\">The Membrane Marker mCLING Reveals the Molecular Composition<br \/>\nof Trafficking Organelles<\/a><\/p>\n<div style=\"margin-top: -1em; font-family: din-regularalternate; font-size: 12pt;\">Curr Protoc Neurosci. 2016 Jan 4;74:2.25.1-2.25.21.  doi: 10.1002\/0471142301.ns0225s74<\/div>\n<\/div>\n<\/div>\n<hr style=\"margin-left: -20%; align-right; width: 65%; border: 0; height: 1px; background-image: linear-gradient(90deg, rgba(239,239,239,1) 0%, rgba(168,168,168,1) 38%, rgba(50,50,50,1) 88%);\"\/>\n&nbsp;<br \/>\n&nbsp;<br \/>\n&nbsp;<\/p>\n<div style=\"margin-left: 5em; text-align: left; line-height: 1.2em; font-family: dinalternate-italic; font-size: 12pt;\">8. Rizzoli SO, Tabares L.<\/p>\n<div style=\"line-height: 22pt; font-family: dinalternate-bold; font-size: 18pt;\"><a href=\"https:\/\/pubmed.ncbi.nlm.nih.gov\/27610081\/\" target=\"_blank\" rel=\"noopener noreferrer\">Editorial: Molecular Nanomachines of the Presynaptic Terminal<\/a><\/p>\n<div style=\"margin-top: -1em; font-family: din-regularalternate; font-size: 12pt;\">Front Synaptic Neurosci. 2016 Aug 25;8:27. doi: 10.3389\/fnsyn.2016.00027. eCollection 2016<\/div>\n<\/div>\n<\/div>\n<hr style=\"margin-left: -20%; align-right; width: 65%; border: 0; height: 1px; background-image: linear-gradient(90deg, rgba(239,239,239,1) 0%, rgba(168,168,168,1) 38%, rgba(50,50,50,1) 88%);\"\/>\n&nbsp;<br \/>\n&nbsp;<br \/>\n&nbsp;<\/p>\n<div style=\"margin-left: 5em; text-align: left; line-height: 1.2em; font-family: dinalternate-italic; font-size: 12pt;\">9. Scheer M,\u00a0Bischoff AM, Kruzliak P, Opatrilova R, Bovell D, B\u00fcsselberg D.<\/p>\n<div style=\"line-height: 22pt; font-family: dinalternate-bold; font-size: 18pt;\"><a href=\"https:\/\/pubmed.ncbi.nlm.nih.gov\/27450651\/\" target=\"_blank\" rel=\"noopener noreferrer\">Creatine and creatine pyruvate reduce hypoxia-induced effects on<br \/>\nphrenic nerve activity in the juvenile mouse respiratory system<\/a><\/p>\n<div style=\"margin-top: -1em; font-family: din-regularalternate; font-size: 12pt;\">Exp Mol Pathol. 2016 Aug;101(1):157-62. doi: 10.1016\/j.yexmp.2016.07.006. Epub 2016 Jul 20.<\/div>\n<\/div>\n<\/div>\n<hr style=\"margin-left: -20%; align-right; width: 65%; border: 0; height: 1px; background-image: linear-gradient(90deg, rgba(239,239,239,1) 0%, rgba(168,168,168,1) 38%, rgba(50,50,50,1) 88%);\"\/>\n&nbsp;<br \/>\n&nbsp;<br \/>\n&nbsp;<\/p>\n<div style=\"margin-left: 5em; text-align: left; line-height: 1.2em; font-family: dinalternate-italic; font-size: 12pt;\">10. Wagener KC, Kolbrink B, Dietrich K, Kizina KM, Terwitte LS, Kempkes B, Bao G, M\u00fcller M.<\/p>\n<div style=\"line-height: 22pt; font-family: dinalternate-bold; font-size: 18pt;\"><a href=\"https:\/\/pubmed.ncbi.nlm.nih.gov\/27059697\/\" target=\"_blank\" rel=\"noopener noreferrer\">Redox Indicator Mice Stably Expressing Genetically Encoded<br \/>\nNeuronal roGFP: Versatile Tools To Decipher Subcellular Redox<br \/>\nDynamics in Neuropathophysiology<\/a><\/p>\n<div style=\"margin-top: -1em; font-family: din-regularalternate; font-size: 12pt;\">Antioxid Redox Signal. 2016 Jul 1;25(1):41-58. doi: 10.1089\/ars.2015.6587. Epub 2016 May 24.<\/div>\n<\/div>\n<\/div>\n<hr style=\"margin-left: -20%; align-right; width: 65%; border: 0; height: 1px; background-image: linear-gradient(90deg, rgba(239,239,239,1) 0%, rgba(168,168,168,1) 38%, rgba(50,50,50,1) 88%);\"\/>\n","protected":false},"excerpt":{"rendered":"<p>&nbsp; &nbsp; &nbsp; &nbsp; 1. Basmanav \u00dc FB, Cau L, Tafazzoli A, M\u00e9chin M-C, Wolf S, Romano MT, Valentin F, Wiegmann H, Huchenq A, Kandil R, Garcia\u00a0Bartels N, Kilic A, George S, Ralser DJ, Bergner S, Ferguson DJP, Oprisoreanu A-M, Wehner M, Thiele H, Altm\u00fcller J, N\u00fcrnberg P, Swan D, Houniet D, B\u00fcchner A, Weibel &hellip; <\/p>\n<p class=\"link-more\"><a href=\"https:\/\/www.neuro-physiol.med.uni-goettingen.de\/wordpress\/publications\/2016-2\/\" class=\"more-link\"><span class=\"screen-reader-text\">\u201ePublications\u00a0\u00a02016\u201c <\/span>weiterlesen<\/a><\/p>\n","protected":false},"author":1,"featured_media":0,"parent":54,"menu_order":6,"comment_status":"closed","ping_status":"closed","template":"","meta":{"footnotes":""},"class_list":["post-1510","page","type-page","status-publish","hentry"],"_links":{"self":[{"href":"https:\/\/www.neuro-physiol.med.uni-goettingen.de\/wordpress\/wp-json\/wp\/v2\/pages\/1510","targetHints":{"allow":["GET"]}}],"collection":[{"href":"https:\/\/www.neuro-physiol.med.uni-goettingen.de\/wordpress\/wp-json\/wp\/v2\/pages"}],"about":[{"href":"https:\/\/www.neuro-physiol.med.uni-goettingen.de\/wordpress\/wp-json\/wp\/v2\/types\/page"}],"author":[{"embeddable":true,"href":"https:\/\/www.neuro-physiol.med.uni-goettingen.de\/wordpress\/wp-json\/wp\/v2\/users\/1"}],"replies":[{"embeddable":true,"href":"https:\/\/www.neuro-physiol.med.uni-goettingen.de\/wordpress\/wp-json\/wp\/v2\/comments?post=1510"}],"version-history":[{"count":0,"href":"https:\/\/www.neuro-physiol.med.uni-goettingen.de\/wordpress\/wp-json\/wp\/v2\/pages\/1510\/revisions"}],"up":[{"embeddable":true,"href":"https:\/\/www.neuro-physiol.med.uni-goettingen.de\/wordpress\/wp-json\/wp\/v2\/pages\/54"}],"wp:attachment":[{"href":"https:\/\/www.neuro-physiol.med.uni-goettingen.de\/wordpress\/wp-json\/wp\/v2\/media?parent=1510"}],"curies":[{"name":"wp","href":"https:\/\/api.w.org\/{rel}","templated":true}]}}