{"id":16153,"date":"2023-02-03T18:58:14","date_gmt":"2023-02-03T17:58:14","guid":{"rendered":"https:\/\/www.neuro-physiol.med.uni-goettingen.de\/wordpress\/?page_id=16153"},"modified":"2024-09-18T09:59:17","modified_gmt":"2024-09-18T07:59:17","slug":"publications-2023","status":"publish","type":"page","link":"https:\/\/www.neuro-physiol.med.uni-goettingen.de\/wordpress\/publications\/publications-2023\/","title":{"rendered":"Publications\u00a0\u00a02023"},"content":{"rendered":"<p><img loading=\"lazy\" decoding=\"async\" src=\"https:\/\/www.neuro-physiol.med.uni-goettingen.de\/wordpress\/wp-content\/uploads\/Publication-Regale3.png\" alt=\"\" width=\"1135\" height=\"200\" \/><br \/>\n&nbsp;<br \/>\n&nbsp;<br \/>\n&nbsp;<br \/>\n&nbsp;<\/p>\n<div style=\"margin-left: 5em; text-align: left; line-height: 1.2em; font-family: dinalternate-italic; font-size: 12pt;\">1. Alexander LT, Durairaj J, Kryshtafovych A, Abriata LA, Bayo Y, Bhabha G, C\u00e9cile Breyton, Caulton SG,<br \/>\nChen J, Degroux S, Ekiert DC, Erlandsen BS, Freddolino PL, Gilzer D, Greening C, Grimes JM, Grinter R,<br \/>\nGurusaran M, Hartmann MD, Hitchman CJ, Keown JR, Kropp A, Kursula P, Lovering AL, Lemaitre B, Lia A,<br \/>\nLiu S, Logotheti M, Lu S, Mark\u00fasson S, Miller MD, Minasov G, Niemann HH, Opazo F, Phillips Jr GN,<br \/>\nDavies OR, Rommelaere S, Rosas-Lemus M, Roversi P, Satchell K, Smith N, Wilson MA, Wu KL, Xia X,<br \/>\nXiao H, Zhang W, Zhou ZH, Fidelis K, Topf M, Moult J, Schwede T.<\/p>\n<div style=\"line-height: 22pt; font-family: dinalternate-bold; font-size: 18pt;\"><a href=\"https:\/\/pubmed.ncbi.nlm.nih.gov\/37493353\/\" target=\"_blank\" rel=\"noopener\">Protein target highlights in CASP15: Analysis of<br \/>\nmodels by structure providers<\/a><\/p>\n<div style=\"margin-top: -1em; font-family: din-regularalternate; font-size: 12pt;\">Proteins. 2023 Jul 26. doi: 10.1002\/prot.26545. Online ahead of print.<\/div>\n<\/div>\n<\/div>\n<hr style=\"margin-left: -20%; align-right; width: 65%; border: 0; height: 1px; background-image: linear-gradient(90deg, rgba(239,239,239,1) 0%, rgba(168,168,168,1) 38%, rgba(50,50,50,1) 88%);\"\/>\n&nbsp;<br \/>\n&nbsp;<br \/>\n&nbsp;<\/p>\n<div style=\"margin-left: 5em; text-align: left; line-height: 1.2em; font-family: dinalternate-italic; font-size: 12pt;\">2. Bonin EA, Golmohammadi A, Rehm R, Tetzlaff C, Rizzoli SO.<\/p>\n<div style=\"line-height: 22pt; font-family: dinalternate-bold; font-size: 18pt;\"><a href=\"https:\/\/pubmed.ncbi.nlm.nih.gov\/37833073\/\" target=\"_blank\" rel=\"noopener\">High-resolution analysis of bound Ca2<sup>+<\/sup> in neurons and synapses<\/a><\/p>\n<div style=\"margin-top: -1em; font-family: din-regularalternate; font-size: 12pt;\">Life Science Alliance 7(1):e202302030. doi: 10.26508\/lsa.202302030<\/div>\n<\/div>\n<\/div>\n<hr style=\"margin-left: -20%; align-right; width: 65%; border: 0; height: 1px; background-image: linear-gradient(90deg, rgba(239,239,239,1) 0%, rgba(168,168,168,1) 38%, rgba(50,50,50,1) 88%);\"\/>\n&nbsp;<br \/>\n&nbsp;<br \/>\n&nbsp;<\/p>\n<div style=\"margin-left: 5em; text-align: left; line-height: 1.2em; font-family: dinalternate-italic; font-size: 12pt;\">3. Buda K, Cermakova K, Hodges HC, Fornasiero EF, Sukenik S, Holehouse AS.<\/p>\n<div style=\"line-height: 22pt; font-family: dinalternate-bold; font-size: 18pt;\"><a href=\"https:\/\/pubmed.ncbi.nlm.nih.gov\/37837963\/\" target=\"_blank\" rel=\"noopener\">Using graphs and charts in scientific figures<\/a><\/p>\n<div style=\"margin-top: -1em; font-family: din-regularalternate; font-size: 12pt;\">Trends Biochem Sci. 2023 Nov;48(11):913-916.  doi: 10.1016\/j.tibs.2023.08.011<\/div>\n<\/div>\n<\/div>\n<hr style=\"margin-left: -20%; align-right; width: 65%; border: 0; height: 1px; background-image: linear-gradient(90deg, rgba(239,239,239,1) 0%, rgba(168,168,168,1) 38%, rgba(50,50,50,1) 88%);\"\/>\n&nbsp;<br \/>\n&nbsp;<br \/>\n&nbsp;<\/p>\n<div style=\"margin-left: 5em; text-align: left; line-height: 1.2em; font-family: dinalternate-italic; font-size: 12pt;\">4. Ciavarella C, Motta I, Vasuri F, Palumbo T, Lisi AP, Costa A, Astolfi A, Valente S, Versura P,<br \/>\nFornasiero EF, Mauro R, Gargiulo M, Pasquinelli G.<\/p>\n<div style=\"line-height: 22pt; font-family: dinalternate-bold; font-size: 18pt;\"><a href=\"https:\/\/pubmed.ncbi.nlm.nih.gov\/36901853\/\" target=\"_blank\" rel=\"noopener\">The PPAR-\u03b3 Agonist Pioglitazone Modulates Proliferation and Migration<br \/>\nin HUVEC, HAOSMC and Human Arteriovenous Fistula-Derived Cells<\/a><\/p>\n<div style=\"margin-top: -1em; font-family: din-regularalternate; font-size: 12pt;\">Int J Mol Sci. 2023 Feb 23;24(5):4424. doi: 10.3390\/ijms24054424<\/div>\n<\/div>\n<\/div>\n<hr style=\"margin-left: -20%; align-right; width: 65%; border: 0; height: 1px; background-image: linear-gradient(90deg, rgba(239,239,239,1) 0%, rgba(168,168,168,1) 38%, rgba(50,50,50,1) 88%);\"\/>\n&nbsp;<br \/>\n&nbsp;<br \/>\n&nbsp;<\/p>\n<div style=\"margin-left: 5em; text-align: left; line-height: 1.2em; font-family: dinalternate-italic; font-size: 12pt;\">5. de Jong-Bolm D, Sadeghi M, Bogaciu CA, Bao G, Klaehn G, Hoff M, Mittelmeier L, Basmanav FB,<br \/>\nOpazo F, No\u00e9 F, Rizzoli SO.<\/p>\n<div style=\"line-height: 22pt; font-family: dinalternate-bold; font-size: 18pt;\"><a href=\"https:\/\/pubmed.ncbi.nlm.nih.gov\/38079451\/\" target=\"_blank\" rel=\"noopener\">Protein nanobarcodes enable single-step multiplexed fluorescence imaging<\/a><\/p>\n<div style=\"margin-top: -1em; font-family: din-regularalternate; font-size: 12pt;\">PLoS Biol. 2023 Dec 11;21(12):e3002427. doi: 10.1371\/journal.pbio.3002427. Online ahead of print.<\/div>\n<\/div>\n<\/div>\n<hr style=\"margin-left: -20%; align-right; width: 65%; border: 0; height: 1px; background-image: linear-gradient(90deg, rgba(239,239,239,1) 0%, rgba(168,168,168,1) 38%, rgba(50,50,50,1) 88%);\"\/>\n&nbsp;<br \/>\n&nbsp;<br \/>\n&nbsp;<\/p>\n<div style=\"margin-left: 5em; text-align: left; line-height: 1.2em; font-family: dinalternate-italic; font-size: 12pt;\">6. Fornasiero EF.<\/p>\n<div style=\"line-height: 22pt; font-family: dinalternate-bold; font-size: 18pt;\"><a href=\"https:\/\/pubmed.ncbi.nlm.nih.gov\/37043699\/\" target=\"_blank\" rel=\"noopener\">Generalizing the definition of protein turnover<br \/>\nto out-of-equilibrium conditions<\/a><\/p>\n<div style=\"margin-top: -1em; font-family: din-regularalternate; font-size: 12pt;\">Bioessays. 2023 Jun;45(6):e2300059. doi: 10.1002\/bies.202300059. Epub 2023 Apr 12<\/div>\n<\/div>\n<\/div>\n<hr style=\"margin-left: -20%; align-right; width: 65%; border: 0; height: 1px; background-image: linear-gradient(90deg, rgba(239,239,239,1) 0%, rgba(168,168,168,1) 38%, rgba(50,50,50,1) 88%);\"\/>\n&nbsp;<br \/>\n&nbsp;<br \/>\n&nbsp;<\/p>\n<div style=\"margin-left: 5em; text-align: left; line-height: 1.2em; font-family: dinalternate-italic; font-size: 12pt;\">7. Fornasiero EF, Savas JN.<\/p>\n<div style=\"line-height: 22pt; font-family: dinalternate-bold; font-size: 18pt;\"><a href=\"https:\/\/pubmed.ncbi.nlm.nih.gov\/36163144\/\" target=\"_blank\" rel=\"noopener\">Determining and interpreting protein lifetimes<br \/>\nin mammalian tissues<\/a><\/p>\n<div style=\"margin-top: -1em; font-family: din-regularalternate; font-size: 12pt;\">Trends Biochem Sci. 2023 Feb;48(2):106-118. doi: 10.1016\/j.tibs.2022.08.011. Epub 2022 Sep 23<\/div>\n<\/div>\n<\/div>\n<hr style=\"margin-left: -20%; align-right; width: 65%; border: 0; height: 1px; background-image: linear-gradient(90deg, rgba(239,239,239,1) 0%, rgba(168,168,168,1) 38%, rgba(50,50,50,1) 88%);\"\/>\n&nbsp;<br \/>\n&nbsp;<br \/>\n&nbsp;<\/p>\n<div style=\"margin-left: 5em; text-align: left; line-height: 1.2em; font-family: dinalternate-italic; font-size: 12pt;\">8. Georgiev SV, Rizzoli SO.<\/p>\n<div style=\"line-height: 22pt; font-family: dinalternate-bold; font-size: 18pt;\"><a href=\"https:\/\/pubmed.ncbi.nlm.nih.gov\/37236414\/\" target=\"_blank\" rel=\"noopener\">The long-loop recycling (LLR) of synaptic components<br \/>\nas a question of economics<\/a><\/p>\n<div style=\"margin-top: -1em; font-family: din-regularalternate; font-size: 12pt;\">Mol Cell Neurosci. 2023 Sep;126:103862. doi: 10.1016\/j.mcn.2023.103862. Epub 2023 May 24.<\/div>\n<\/div>\n<\/div>\n<hr style=\"margin-left: -20%; align-right; width: 65%; border: 0; height: 1px; background-image: linear-gradient(90deg, rgba(239,239,239,1) 0%, rgba(168,168,168,1) 38%, rgba(50,50,50,1) 88%);\"\/>\n&nbsp;<br \/>\n&nbsp;<br \/>\n&nbsp;<\/p>\n<div style=\"margin-left: 5em; text-align: left; line-height: 1.2em; font-family: dinalternate-italic; font-size: 12pt;\">9. Golubiani G, van Agen L, Tsverava L, Solomonia R, M\u00fcller M.<\/p>\n<div style=\"line-height: 22pt; font-family: dinalternate-bold; font-size: 18pt;\"><a href=\"https:\/\/pubmed.ncbi.nlm.nih.gov\/37508386\/\" target=\"_blank\" rel=\"noopener\">Mitochondrial Proteome Changes in Rett Syndrome<\/a><\/p>\n<div style=\"margin-top: -1em; font-family: din-regularalternate; font-size: 12pt;\">Biology 2023, 12, 956. doi: 10.3390\/biology12070956<\/div>\n<\/div>\n<\/div>\n<hr style=\"margin-left: -20%; align-right; width: 65%; border: 0; height: 1px; background-image: linear-gradient(90deg, rgba(239,239,239,1) 0%, rgba(168,168,168,1) 38%, rgba(50,50,50,1) 88%);\"\/>\n&nbsp;<br \/>\n&nbsp;<br \/>\n&nbsp;<\/p>\n<div style=\"margin-left: 5em; text-align: left; line-height: 1.2em; font-family: dinalternate-italic; font-size: 12pt;\">10. Hoffmann C, Rentsch J, Tsunoyama TA, Chhabra A, Aguilar Perez G, Chowdhury R, Trnka F,<br \/>\nKorobeinikov AA, Shaib AH, Ganzella M, Giannone G, Rizzoli SO, Kusumi A, Ewers H, Milovanovic D.<\/p>\n<div style=\"line-height: 22pt; font-family: dinalternate-bold; font-size: 18pt;\"><a href=\"https:\/\/pubmed.ncbi.nlm.nih.gov\/37872159\/\" target=\"_blank\" rel=\"noopener\">Synapsin condensation controls synaptic vesicle<br \/>\nsequestering and dynamics<\/a><\/p>\n<div style=\"margin-top: -1em; font-family: din-regularalternate; font-size: 12pt;\">Nat Commun. 2023 Oct 23;14(1):6730. doi: 10.1038\/s41467-023-42372-6<\/div>\n<\/div>\n<\/div>\n<hr style=\"margin-left: -20%; align-right; width: 65%; border: 0; height: 1px; background-image: linear-gradient(90deg, rgba(239,239,239,1) 0%, rgba(168,168,168,1) 38%, rgba(50,50,50,1) 88%);\"\/>\n&nbsp;<br \/>\n&nbsp;<br \/>\n&nbsp;<\/p>\n<div style=\"margin-left: 5em; text-align: left; line-height: 1.2em; font-family: dinalternate-italic; font-size: 12pt;\">11. Kilisch M, Gere-Becker M, W\u00fcstefeld L, Bonnas C, Crauel A, Mechmershausen M, Martens H,<br \/>\nG\u00f6tzke H, Opazo F, Frey S.<\/p>\n<div style=\"line-height: 22pt; font-family: dinalternate-bold; font-size: 18pt;\"><a href=\"https:\/\/pubmed.ncbi.nlm.nih.gov\/37108454\/\" target=\"_blank\" rel=\"noopener\">Simple and Highly Efficient Detection of PSD95 Using a Nanobody<br \/>\nand Its Recombinant Heavy-Chain Antibody Derivatives<\/a><\/p>\n<div style=\"margin-top: -1em; font-family: din-regularalternate; font-size: 12pt;\">Int J Mol Sci. 2023 Apr 14;24(8):7294. doi: 10.3390\/ijms24087294<\/div>\n<\/div>\n<\/div>\n<hr style=\"margin-left: -20%; align-right; width: 65%; border: 0; height: 1px; background-image: linear-gradient(90deg, rgba(239,239,239,1) 0%, rgba(168,168,168,1) 38%, rgba(50,50,50,1) 88%);\"\/>\n&nbsp;<br \/>\n&nbsp;<br \/>\n&nbsp;<\/p>\n<div style=\"margin-left: 5em; text-align: left; line-height: 1.2em; font-family: dinalternate-italic; font-size: 12pt;\">12. Li W, Salovska B, Fornasiero EF, Liu Y.<\/p>\n<div style=\"line-height: 22pt; font-family: dinalternate-bold; font-size: 18pt;\"><a href=\"https:\/\/pubmed.ncbi.nlm.nih.gov\/36422574\/\" target=\"_blank\" rel=\"noopener\">Toward a hypothesis-free understanding of how phosphorylation<br \/>\ndynamically impacts protein turnover<\/a><\/p>\n<div style=\"margin-top: -1em; font-family: din-regularalternate; font-size: 12pt;\">Proteomics. 2023 Feb;23(3-4):e2100387. doi: 10.1002\/pmic.202100387. Epub 2022 Dec 7.<\/div>\n<\/div>\n<\/div>\n<hr style=\"margin-left: -20%; align-right; width: 65%; border: 0; height: 1px; background-image: linear-gradient(90deg, rgba(239,239,239,1) 0%, rgba(168,168,168,1) 38%, rgba(50,50,50,1) 88%);\"\/>\n&nbsp;<br \/>\n&nbsp;<br \/>\n&nbsp;<\/p>\n<div style=\"margin-left: 5em; text-align: left; line-height: 1.2em; font-family: dinalternate-italic; font-size: 12pt;\">13. Michanski S, Hennek T, Mukhopadhyay M, Steyer AM, Gonzalez PA, Grewe K, Ilgen P, G\u00fcltas M,<br \/>\nFornasiero EF, Jakobs S, M\u00f6bius W, Vogl C, Pangr\u0161i\u010d T, Rizzoli SO, Wichmann C.<\/p>\n<div style=\"line-height: 22pt; font-family: dinalternate-bold; font-size: 18pt;\"><a href=\"https:\/\/pubmed.ncbi.nlm.nih.gov\/37635868\/\" target=\"_blank\" rel=\"noopener\">Age-dependent structural reorganization of utricular ribbon synapses<\/a><\/p>\n<div style=\"margin-top: -1em; font-family: din-regularalternate; font-size: 12pt;\">Front Cell Dev Biol. 2023 Aug 10:11:1178992. doi: 10.3389\/fcell.2023.1178992. eCollection 2023.<\/div>\n<\/div>\n<\/div>\n<hr style=\"margin-left: -20%; align-right; width: 65%; border: 0; height: 1px; background-image: linear-gradient(90deg, rgba(239,239,239,1) 0%, rgba(168,168,168,1) 38%, rgba(50,50,50,1) 88%);\"\/>\n&nbsp;<br \/>\n&nbsp;<br \/>\n&nbsp;<\/p>\n<div style=\"margin-left: 5em; text-align: left; line-height: 1.2em; font-family: dinalternate-italic; font-size: 12pt;\">14. Mironov SL.<\/p>\n<div style=\"line-height: 22pt; font-family: dinalternate-bold; font-size: 18pt;\"><a href=\"https:\/\/iopscience.iop.org\/article\/10.1088\/1402-4896\/acec1b\" target=\"_blank\" rel=\"noopener\">A simple alternative in approximation and asymptotic<br \/>\nexpansion by exponential\/trigonometric functions<\/a><\/p>\n<div style=\"margin-top: -1em; font-family: din-regularalternate; font-size: 12pt;\">2023 Phys. Scr. 98 095221. doi: 10.1088\/1402-4896\/acec1b<\/div>\n<\/div>\n<\/div>\n<hr style=\"margin-left: -20%; align-right; width: 65%; border: 0; height: 1px; background-image: linear-gradient(90deg, rgba(239,239,239,1) 0%, rgba(168,168,168,1) 38%, rgba(50,50,50,1) 88%);\"\/>\n&nbsp;<br \/>\n&nbsp;<br \/>\n&nbsp;<\/p>\n<div style=\"margin-left: 5em; text-align: left; line-height: 1.2em; font-family: dinalternate-italic; font-size: 12pt;\">15. Mironov SL.<\/p>\n<div style=\"line-height: 22pt; font-family: dinalternate-bold; font-size: 18pt;\"><a href=\"https:\/\/www.frontiersin.org\/articles\/10.3389\/fphys.2023.1266120\/full\" target=\"_blank\" rel=\"noopener\">Bound Ca<sup>2+<\/sup> moves faster and farther from single open<br \/>\nchannels than free Ca<sup>2+<\/sup><\/a><\/p>\n<div style=\"margin-top: -1em; font-family: din-regularalternate; font-size: 12pt;\">Front. Physiol., 20 Dec. 2023. Volume 14\u20132023. doi: 10.3389\/fphys.2023.1266120<\/div>\n<\/div>\n<\/div>\n<hr style=\"margin-left: -20%; align-right; width: 65%; border: 0; height: 1px; background-image: linear-gradient(90deg, rgba(239,239,239,1) 0%, rgba(168,168,168,1) 38%, rgba(50,50,50,1) 88%);\"\/>\n&nbsp;<br \/>\n&nbsp;<br \/>\n&nbsp;<\/p>\n<div style=\"margin-left: 5em; text-align: left; line-height: 1.2em; font-family: dinalternate-italic; font-size: 12pt;\">16. Mougios N, Opazo F, Rizzoli SO, Reshetniak S.<\/p>\n<div style=\"line-height: 22pt; font-family: dinalternate-bold; font-size: 18pt;\"><a href=\"https:\/\/pubmed.ncbi.nlm.nih.gov\/36718370\/\" target=\"_blank\" rel=\"noopener\">Trafficking proteins show limited differences in mobility<br \/>\nacross different postsynaptic spines<\/a><\/p>\n<div style=\"margin-top: -1em; font-family: din-regularalternate; font-size: 12pt;\">ISCIENCE. Volume 26, Issue 2, 17 February 2023. doi: 10.1016\/j.isci.2023.105971<\/div>\n<\/div>\n<\/div>\n<hr style=\"margin-left: -20%; align-right; width: 65%; border: 0; height: 1px; background-image: linear-gradient(90deg, rgba(239,239,239,1) 0%, rgba(168,168,168,1) 38%, rgba(50,50,50,1) 88%);\"\/>\n&nbsp;<br \/>\n&nbsp;<br \/>\n&nbsp;<\/p>\n<div style=\"margin-left: 5em; text-align: left; line-height: 1.2em; font-family: dinalternate-italic; font-size: 12pt;\">17. Ortin S, Soriano MC, Tetzlaff C, W\u00f6rg\u00f6tter F, Fischer I, Mirasso CR, Argyris A.<\/p>\n<div style=\"line-height: 22pt; font-family: dinalternate-bold; font-size: 18pt;\"><a href=\"https:\/\/www.frontiersin.org\/articles\/10.3389\/fphy.2023.1112295\/full\" target=\"_blank\" rel=\"noopener\">Implementation of input correlation learning with an<br \/>\noptoelectronic dendritic unit<\/a><\/p>\n<div style=\"margin-top: -1em; font-family: din-regularalternate; font-size: 12pt;\">Front. Phys., 15 March 2023, Volume 11 &#8211; 2023 | https:\/\/doi.org\/10.3389\/fphy.2023.1112295<\/div>\n<\/div>\n<\/div>\n<hr style=\"margin-left: -20%; align-right; width: 65%; border: 0; height: 1px; background-image: linear-gradient(90deg, rgba(239,239,239,1) 0%, rgba(168,168,168,1) 38%, rgba(50,50,50,1) 88%);\"\/>\n&nbsp;<br \/>\n&nbsp;<br \/>\n&nbsp;<\/p>\n<div style=\"margin-left: 5em; text-align: left; line-height: 1.2em; font-family: dinalternate-italic; font-size: 12pt;\">18. Pena R, Bluhm SL, Ammerschubert S, Ag\u00fci-Gonzalez P, Rizzoli SO, Scheu S, Polle A.<\/p>\n<div style=\"line-height: 22pt; font-family: dinalternate-bold; font-size: 18pt;\"><a href=\"https:\/\/pubmed.ncbi.nlm.nih.gov\/38053000\/\" target=\"_blank\" rel=\"noopener\">Mycorrhizal C\/N ratio determines plant-derived carbon<br \/>\nand nitrogen allocation to symbiosis<\/a><\/p>\n<div style=\"margin-top: -1em; font-family: din-regularalternate; font-size: 12pt;\">Commun Biol. 2023 Dec 5;6(1):1230. doi: 10.1038\/s42003-023-05591-7<\/div>\n<\/div>\n<\/div>\n<hr style=\"margin-left: -20%; align-right; width: 65%; border: 0; height: 1px; background-image: linear-gradient(90deg, rgba(239,239,239,1) 0%, rgba(168,168,168,1) 38%, rgba(50,50,50,1) 88%);\"\/>\n&nbsp;<br \/>\n&nbsp;<br \/>\n&nbsp;<\/p>\n<div style=\"margin-left: 5em; text-align: left; line-height: 1.2em; font-family: dinalternate-italic; font-size: 12pt;\">19. Ricci S, Kappel D, Tetzlaff C, Ielmini D, Covi E.<\/p>\n<div style=\"line-height: 22pt; font-family: dinalternate-bold; font-size: 18pt;\"><a href=\"https:\/\/iopscience.iop.org\/article\/10.1088\/2634-4386\/ad01d6\" target=\"_blank\" rel=\"noopener\">Tunable synaptic working memory with volatile memristive devices<\/a><\/p>\n<div style=\"margin-top: -1em; font-family: din-regularalternate; font-size: 12pt;\">2023 Neuromorph. Comput. Eng. 3 044004. doi: 10.1088\/2634-4386\/ad01d6<\/div>\n<\/div>\n<\/div>\n<hr style=\"margin-left: -20%; align-right; width: 65%; border: 0; height: 1px; background-image: linear-gradient(90deg, rgba(239,239,239,1) 0%, rgba(168,168,168,1) 38%, rgba(50,50,50,1) 88%);\"\/>\n&nbsp;<br \/>\n&nbsp;<br \/>\n&nbsp;<\/p>\n<div style=\"margin-left: 5em; text-align: left; line-height: 1.2em; font-family: dinalternate-italic; font-size: 12pt;\">20. Roeder SS, Bonnin EA, Wu TD, Guerquin-Kern JL, Jabari S, Brandner S, Ey\u00fcpoglu IY, Gollwitzer S,<br \/>\nHamer HM, Gerner ST, D\u00f6ppner TR, Rummel C, Englund E, Heimke-Brinck R, Borst T, Daniel C, Amann K, Schl\u00f6tzer-Schrehardt U, Tonchev AB, Roessler K, Schwab S, Bergmann O, Rizzoli SO, Huttner HB.<\/p>\n<div style=\"line-height: 22pt; font-family: dinalternate-bold; font-size: 18pt;\"><a href=\"https:\/\/pubmed.ncbi.nlm.nih.gov\/37869505\/\" target=\"_blank\" rel=\"noopener\">Tracking cell turnover in human brain using <sup>15<\/sup>N-thymidine<br \/>\nimaging mass spectrometry<\/a><\/p>\n<div style=\"margin-top: -1em; font-family: din-regularalternate; font-size: 12pt;\">Front Neurosci. 2023 Oct 5;17:1274607. doi: 10.3389\/fnins.2023.1274607. eCollection 2023<\/div>\n<\/div>\n<\/div>\n<hr style=\"margin-left: -20%; align-right; width: 65%; border: 0; height: 1px; background-image: linear-gradient(90deg, rgba(239,239,239,1) 0%, rgba(168,168,168,1) 38%, rgba(50,50,50,1) 88%);\"\/>\n&nbsp;<br \/>\n&nbsp;<br \/>\n&nbsp;<\/p>\n<div style=\"margin-left: 5em; text-align: left; line-height: 1.2em; font-family: dinalternate-italic; font-size: 12pt;\">21. Saal KA, Shaib AH, Mougios N, Crzan D, Opazo F, Rizzoli SO.<\/p>\n<div style=\"line-height: 22pt; font-family: dinalternate-bold; font-size: 18pt;\"><a href=\"https:\/\/pubmed.ncbi.nlm.nih.gov\/37005431\/\" target=\"_blank\" rel=\"noopener\">Heat denaturation enables multicolor X10-STED microscopy<\/a><\/p>\n<div style=\"margin-top: -1em; font-family: din-regularalternate; font-size: 12pt;\">Sci Rep 13, 5366 (2023). doi: 10.1038\/s41598-023-32524-5<\/div>\n<\/div>\n<\/div>\n<hr style=\"margin-left: -20%; align-right; width: 65%; border: 0; height: 1px; background-image: linear-gradient(90deg, rgba(239,239,239,1) 0%, rgba(168,168,168,1) 38%, rgba(50,50,50,1) 88%);\"\/>\n&nbsp;<br \/>\n&nbsp;<br \/>\n&nbsp;<\/p>\n<div style=\"margin-left: 5em; text-align: left; line-height: 1.2em; font-family: dinalternate-italic; font-size: 12pt;\">22. Stejerean-Todoran I, Gimotty PA, Watters A, Brafford P, Krepler C, Godok T, Li H, Bonilla Del Rio Z,<br \/>\nZieseniss A, Katschinski DM, Sertel SM, Rizzoli SO, Garman B, Nathanson KL, Xu X, Chen Q, Oswald JH,<br \/>\nLotem M, Mills GB, Davies MA, Sch\u00f6n MP, Bogeski I, Herlyn M, Vultur A.<\/p>\n<div style=\"line-height: 22pt; font-family: dinalternate-bold; font-size: 18pt;\"><a href=\"https:\/\/pubmed.ncbi.nlm.nih.gov\/36054930\/\" target=\"_blank\" rel=\"noopener\">A distinct pattern of growth and RAC1 signaling in melanoma<br \/>\nbrain metastasis cells<\/a><\/p>\n<div style=\"margin-top: -1em; font-family: din-regularalternate; font-size: 12pt;\">Neuro Oncol. 2023 Apr 6;25(4):674-686. doi: 10.1093\/neuonc\/noac212<\/div>\n<\/div>\n<\/div>\n<hr style=\"margin-left: -20%; align-right; width: 65%; border: 0; height: 1px; background-image: linear-gradient(90deg, rgba(239,239,239,1) 0%, rgba(168,168,168,1) 38%, rgba(50,50,50,1) 88%);\"\/>\n&nbsp;<br \/>\n&nbsp;<br \/>\n&nbsp;<\/p>\n<div style=\"margin-left: 5em; text-align: left; line-height: 1.2em; font-family: dinalternate-italic; font-size: 12pt;\">23. Villa Real KQZ, Mougios N, Rehm R, Sograte-Idrissi S, Albert L, Rahimi AM, Maidorn M,<br \/>\nHentze J, Mart\u00ednez-Carranza M, Hosseini H, Saal KA, Oleksiievets N, Prigge M, Tsukanov R,<br \/>\nStenmark P, Fornasiero EF, Opazo F.<\/p>\n<div style=\"line-height: 22pt; font-family: dinalternate-bold; font-size: 18pt;\"><a href=\"https:\/\/pubmed.ncbi.nlm.nih.gov\/37421204\/\" target=\"_blank\" rel=\"noopener\">A Versatile Synaptotagmin-1 Nanobody Provides Perturbation-Free Live Synaptic Imaging And Low Linkage-Error in Super-Resolution Microscopy<\/a><\/p>\n<div style=\"margin-top: -1em; font-family: din-regularalternate; font-size: 12pt;\">Small Methods. 2023 Oct;7(10):e2300218. doi: 10.1002\/smtd.202300218. Epub 2023 Jul 8.<\/div>\n<\/div>\n<\/div>\n<hr style=\"margin-left: -20%; align-right; width: 65%; border: 0; height: 1px; background-image: linear-gradient(90deg, rgba(239,239,239,1) 0%, rgba(168,168,168,1) 38%, rgba(50,50,50,1) 88%);\"\/>\n&nbsp;<br \/>\n&nbsp;<br \/>\n&nbsp;<\/p>\n<div style=\"margin-left: 5em; text-align: left; line-height: 1.2em; font-family: dinalternate-italic; font-size: 12pt;\">24. Warth Perez Arias CC, Silbern I, Caldi Gomes L, Wartmann H, Dambeck V, Fanz J, Neuenroth L,<br \/>\nB\u00e4hr M, Outeiro TF, Bonn S, Stadelmann-Nessler C, Rizzoli SO, Lenz C, Urlaub H, Lingor P.<\/p>\n<div style=\"line-height: 22pt; font-family: dinalternate-bold; font-size: 18pt;\"><a href=\"https:\/\/pubmed.ncbi.nlm.nih.gov\/37515330\/\" rel=\"noopener\" target=\"_blank\">Proteomic analysis of the human hippocampus identifies neuronal pentraxin 1 (NPTX1) as synapto-axonal target in late-stage Parkinson&#8217;s disease<\/a><\/p>\n<div style=\"margin-top: -1em; font-family: din-regularalternate; font-size: 12pt;\">J Neurochem. 2023 Sep;166(5):862-874. doi: 10.1111\/jnc.15924. Epub 2023 Jul 28.<\/div>\n<\/div>\n<\/div>\n<hr style=\"margin-left: -20%; align-right; width: 65%; border: 0; height: 1px; background-image: linear-gradient(90deg, rgba(239,239,239,1) 0%, rgba(168,168,168,1) 38%, rgba(50,50,50,1) 88%);\"\/>\n","protected":false},"excerpt":{"rendered":"<p>&nbsp; &nbsp; &nbsp; &nbsp; 1. Alexander LT, Durairaj J, Kryshtafovych A, Abriata LA, Bayo Y, Bhabha G, C\u00e9cile Breyton, Caulton SG, Chen J, Degroux S, Ekiert DC, Erlandsen BS, Freddolino PL, Gilzer D, Greening C, Grimes JM, Grinter R, Gurusaran M, Hartmann MD, Hitchman CJ, Keown JR, Kropp A, Kursula P, Lovering AL, Lemaitre B, &hellip; <\/p>\n<p class=\"link-more\"><a href=\"https:\/\/www.neuro-physiol.med.uni-goettingen.de\/wordpress\/publications\/publications-2023\/\" class=\"more-link\"><span class=\"screen-reader-text\">\u201ePublications\u00a0\u00a02023\u201c <\/span>weiterlesen<\/a><\/p>\n","protected":false},"author":3,"featured_media":0,"parent":54,"menu_order":0,"comment_status":"closed","ping_status":"closed","template":"","meta":{"footnotes":""},"class_list":["post-16153","page","type-page","status-publish","hentry"],"_links":{"self":[{"href":"https:\/\/www.neuro-physiol.med.uni-goettingen.de\/wordpress\/wp-json\/wp\/v2\/pages\/16153","targetHints":{"allow":["GET"]}}],"collection":[{"href":"https:\/\/www.neuro-physiol.med.uni-goettingen.de\/wordpress\/wp-json\/wp\/v2\/pages"}],"about":[{"href":"https:\/\/www.neuro-physiol.med.uni-goettingen.de\/wordpress\/wp-json\/wp\/v2\/types\/page"}],"author":[{"embeddable":true,"href":"https:\/\/www.neuro-physiol.med.uni-goettingen.de\/wordpress\/wp-json\/wp\/v2\/users\/3"}],"replies":[{"embeddable":true,"href":"https:\/\/www.neuro-physiol.med.uni-goettingen.de\/wordpress\/wp-json\/wp\/v2\/comments?post=16153"}],"version-history":[{"count":0,"href":"https:\/\/www.neuro-physiol.med.uni-goettingen.de\/wordpress\/wp-json\/wp\/v2\/pages\/16153\/revisions"}],"up":[{"embeddable":true,"href":"https:\/\/www.neuro-physiol.med.uni-goettingen.de\/wordpress\/wp-json\/wp\/v2\/pages\/54"}],"wp:attachment":[{"href":"https:\/\/www.neuro-physiol.med.uni-goettingen.de\/wordpress\/wp-json\/wp\/v2\/media?parent=16153"}],"curies":[{"name":"wp","href":"https:\/\/api.w.org\/{rel}","templated":true}]}}