{"id":17501,"date":"2023-01-17T09:48:56","date_gmt":"2023-01-17T08:48:56","guid":{"rendered":"https:\/\/www.neuro-physiol.med.uni-goettingen.de\/wordpress\/?page_id=17501"},"modified":"2025-04-29T19:18:01","modified_gmt":"2025-04-29T17:18:01","slug":"dr-carola-staedele-deutsch","status":"publish","type":"page","link":"https:\/\/www.neuro-physiol.med.uni-goettingen.de\/wordpress\/dr-carola-staedele-deutsch\/","title":{"rendered":"Dr. CAROLA ST\u00c4DELE"},"content":{"rendered":"<p><span style=\"font-size: 14pt;\"><img loading=\"lazy\" decoding=\"async\" class=\"shadow-effect alignnone\" src=\"https:\/\/www.neuro-physiol.med.uni-goettingen.de\/wordpress\/wp-content\/uploads\/2022\/02\/Carola_Staedele.png\" alt=\"\" width=\"200\" height=\"200\" \/><\/span><br \/>\n<br class=\"clear\" \/><br \/>\n<span style=\"text-align: left;\"><span style=\"font-family: din-regularalternate; font-size: 14pt; letter-spacing: 0.01em;\">Das St\u00e4dele Labor interessiert sich f\u00fcr die sensorische und molekulare Neurobiologie des Wirtssuchverhaltens und der Wirtspr\u00e4ferenz von Zecken. In den letzten 14 Jahren hat sich<br \/>\ndie Zeckenpopulation weltweit verdoppelt. Zecken z\u00e4hlen zu den gef\u00e4hrlichsten Tieren in<br \/>\ndeutschen W\u00e4ldern. Sie \u00fcbertragen mehr Infektionskrankheiten, als jede andere Gruppe<br \/>\nblutsaugender Arthropoden, wie zum Beispiel Borreliose, Enzephalitis (FSME) und Anaplasmose.<br \/>\nSowohl m\u00e4nnliche als auch weibliche Zecken ben\u00f6tigen Blutmahlzeiten in jedem ihrer drei Entwicklungsstadien, um fortpflanzungsf\u00e4hig zu werden.<\/span><\/span><\/p>\n<p style=\"text-indent: 5%;\"><span style=\"text-align: left;\"><span style=\"font-family: din-regularalternate; font-size: 14pt; letter-spacing: 0.01em;\">Trotz ihrer Bedeutung als Krankheits\u00fcbertr\u00e4ger, besteht derzeit nur ein geringes Verst\u00e4ndnis<br \/>\n\u00fcber Zecken. Folglich haben wir derzeit auch keine Mittel, die steigende Zeckenpopulationen zu kontrollieren. Eine m\u00f6gliche Kontrollstrategie besteht darin, die F\u00e4higkeit der Zecke zu st\u00f6ren,<br \/>\nWirte zu lokalisieren. Die Zeckenneurobiologie wurde jedoch stark vernachl\u00e4ssigt. Die sensorischen<br \/>\nund neuronalen F\u00e4higkeiten von Zecken bleiben r\u00e4tselhaft. Ziel unserer Forschung ist es,<br \/>\ndiese Einschr\u00e4nkung zu \u00fcberwinden, indem wir anfangen die sensorische Neurobiologie von<br \/>\nZecken besser zu verstehen.<\/span><\/span><\/p>\n<p style=\"text-align: left;\"><span style=\"font-size: 15pt; font-family: dinalternate-bold;\">Forschung<\/span><br \/>\n<span style=\"font-family: din-regularalternate; font-size: 14pt; letter-spacing: 0.01em;\"><span style=\"font-size: 14pt;\">\u2014<\/span> Wie finden Zecken ihre Wirte und wie sieht Zeckenwirtsuchverhalten aus?<br \/>\n<span style=\"font-size: 14pt;\">\u2014<\/span> Welche sensorischen Reize k\u00f6nnen Zecken wahrnehmen?<br \/>\n<span style=\"font-size: 14pt;\">\u2014<\/span> Welche Sinnesorgane haben sie und wie sind diese ausgestattet, um Umweltreize wahrzunehmen?<br \/>\n<span style=\"font-size: 14pt;\">\u2014<\/span> Wie sieht das Nervensystem von Zecken aus?<br \/>\n<span style=\"font-size: 14pt;\">\u2014<\/span> Wie werden sensorische Reize im Zeckengehirn integriert und verarbeitet?<\/span><\/p>\n<p><span style=\"font-size: 15pt; font-family: dinalternate-bold;\"><span style=\"text-decoration: none;\">Gruppe<\/span><\/span><br \/>\n<span style=\"text-align: left;\"><span style=\"font-family: din-regularalternate; font-size: 14pt; letter-spacing: 0.01em;\">Wir suchen derzeit interessierte und motivierte Nachwuchswissenschaftler (Studenten und Doktoranden), die unser Team verst\u00e4rken m\u00f6chten. F\u00fcr Anfragen und Fragen, z\u00f6gern Sie nicht, sich mit <a href=\"mailto:carola.staedele@med.uni-goettingen.de\">Carola St\u00e4dele in Verbindung zu setzen.<\/span><\/a><\/p>\n<hr \/>\n<div style=\"font-family: dinalternate-bold; text-align: right; font-size: 14pt;\"><a href=\"https:\/\/www.neuro-physiol.med.uni-goettingen.de\/wordpress\/dr-carola-staedele\/\">English  <img loading=\"lazy\" decoding=\"async\" src=\"https:\/\/www.neuro-physiol.med.uni-goettingen.de\/wordpress\/wp-content\/uploads\/Pfeil-rechts.png\" alt=\"\" width=\"50\" height=\"50\" \/><\/a><\/div>\n<p><span style=\"line-height: 1.2em; font-family: DINAlternate-Light; font-size: 14pt; letter-spacing: 0.01em;\">Tel. +49-551-39 65 925<br \/>\n<a href=\"mailto:carola.staedele@med.uni-goettingen.de\"> carola.staedele(at)\u2026<\/a><br \/>\n<a href=\"https:\/\/www.staedele-lab.com\" target=\"_blank\" rel=\"noopener\">staedele-lab.com<\/a><\/span><\/p>\n","protected":false},"excerpt":{"rendered":"<p>Das St\u00e4dele Labor interessiert sich f\u00fcr die sensorische und molekulare Neurobiologie des Wirtssuchverhaltens und der Wirtspr\u00e4ferenz von Zecken. In den letzten 14 Jahren hat sich die Zeckenpopulation weltweit verdoppelt. Zecken z\u00e4hlen zu den gef\u00e4hrlichsten Tieren in deutschen W\u00e4ldern. Sie \u00fcbertragen mehr Infektionskrankheiten, als jede andere Gruppe blutsaugender Arthropoden, wie zum Beispiel Borreliose, Enzephalitis (FSME) und &hellip; <\/p>\n<p class=\"link-more\"><a href=\"https:\/\/www.neuro-physiol.med.uni-goettingen.de\/wordpress\/dr-carola-staedele-deutsch\/\" class=\"more-link\"><span class=\"screen-reader-text\">\u201eDr. CAROLA ST\u00c4DELE\u201c <\/span>weiterlesen<\/a><\/p>\n","protected":false},"author":3,"featured_media":0,"parent":0,"menu_order":0,"comment_status":"closed","ping_status":"closed","template":"","meta":{"footnotes":""},"class_list":["post-17501","page","type-page","status-publish","hentry"],"_links":{"self":[{"href":"https:\/\/www.neuro-physiol.med.uni-goettingen.de\/wordpress\/wp-json\/wp\/v2\/pages\/17501","targetHints":{"allow":["GET"]}}],"collection":[{"href":"https:\/\/www.neuro-physiol.med.uni-goettingen.de\/wordpress\/wp-json\/wp\/v2\/pages"}],"about":[{"href":"https:\/\/www.neuro-physiol.med.uni-goettingen.de\/wordpress\/wp-json\/wp\/v2\/types\/page"}],"author":[{"embeddable":true,"href":"https:\/\/www.neuro-physiol.med.uni-goettingen.de\/wordpress\/wp-json\/wp\/v2\/users\/3"}],"replies":[{"embeddable":true,"href":"https:\/\/www.neuro-physiol.med.uni-goettingen.de\/wordpress\/wp-json\/wp\/v2\/comments?post=17501"}],"version-history":[{"count":0,"href":"https:\/\/www.neuro-physiol.med.uni-goettingen.de\/wordpress\/wp-json\/wp\/v2\/pages\/17501\/revisions"}],"wp:attachment":[{"href":"https:\/\/www.neuro-physiol.med.uni-goettingen.de\/wordpress\/wp-json\/wp\/v2\/media?parent=17501"}],"curies":[{"name":"wp","href":"https:\/\/api.w.org\/{rel}","templated":true}]}}