{"id":25423,"date":"2024-01-04T18:42:22","date_gmt":"2024-01-04T17:42:22","guid":{"rendered":"https:\/\/www.neuro-physiol.med.uni-goettingen.de\/wordpress\/?page_id=25423"},"modified":"2025-04-28T10:27:33","modified_gmt":"2025-04-28T08:27:33","slug":"prof-dr-michael-mueller-deutsch","status":"publish","type":"page","link":"https:\/\/www.neuro-physiol.med.uni-goettingen.de\/wordpress\/prof-dr-michael-mueller-deutsch\/","title":{"rendered":"Prof. Dr. MICHAEL M\u00dcLLER"},"content":{"rendered":"<p><img loading=\"lazy\" decoding=\"async\" class=\"shadow-effect alignnone\" src=\"https:\/\/www.neuro-physiol.med.uni-goettingen.de\/wordpress\/wp-content\/uploads\/2021\/06\/Michael_Mueller.png\" alt=\"\" width=\"200\" height=\"200\" \/><\/span><br \/>\n&nbsp;<\/p>\n<p><span style=\"text-align: left;\"><span style=\"font-family: din-regularalternate; font-size: 14pt; letter-spacing: 0.01em;\">Mitochondrien- und stoffwechselbedingte Signal\u00fcbertragung sind f\u00fcr die dynamische Reaktionsf\u00e4higkeit neuronaler Netze, die synaptische Plastizit\u00e4t und die Funktion einzelner Zellen gleicherma\u00dfen wichtig. Eine gest\u00f6rte Signal\u00fcbertragung und mitochondriale Dysfunktion werden als Ursache f\u00fcr eine Vielzahl<br \/>\nvon neurodegenerativen und neurodevelopmentalen Erkrankungen angesehen.<\/span><\/span><\/p>\n<p style=\"text-indent: 5%;\"><span style=\"text-align: left;\"><span style=\"font-family: din-regularalternate; font-size: 14pt; letter-spacing: 0.01em;\">Wir analysieren solche von den Mitochondrien und dem Stoffwechsel abgeleiteten Signale in funktionell intakten Hippocampus-\/Medullenpr\u00e4paraten von Ratten und M\u00e4usen, indem wir klassische elektrophysiologische Ans\u00e4tze mit hochaufl\u00f6sender und Multiphotonen-Mikroskopie und dem Einsatz moderner optischer Sensoren kombinieren.<\/span><\/span><\/p>\n<p>&nbsp;<\/p>\n<p style=\"text-align: left;\"><span style=\"font-size: 15pt; font-family: dinalternate-bold;\">Forschung<\/span><br \/>\n<span style=\"font-family: din-regularalternate; font-size: 14pt; letter-spacing: 0.01em;\">\u2014 Intrazellul\u00e4re strategische Positionierung und funktionelle Heterogenit\u00e4t von Mitochondrien<\/span><br \/>\n<span style=\"font-family: din-regularalternate; font-size: 14pt; letter-spacing: 0.01em;\">\u2014 Modulation der Interaktionen zwischen den Organellen<\/span><br \/>\n<span style=\"padding-left: 1.2em; font-family: din-regularalternate; font-size: 14pt; letter-spacing: 0.01em;\">durch von den Mitochondrien ausgehende Signale (ROS, NOS, Ca<sup>2+<\/sup>, ATP)<\/span><br \/>\n<span style=\"font-family: din-regularalternate; font-size: 14pt; letter-spacing: 0.01em;\">\u2014 Intrazellul\u00e4re Signalfunktion von ROS und Redoxver\u00e4nderungen in komplexen neuronalen Netzwerken<\/span><br \/>\n<span style=\"font-family: din-regularalternate; font-size: 14pt; letter-spacing: 0.01em;\">\u2014 Definierte Redox-Modulation von zellul\u00e4ren Proteinen (Ionenkan\u00e4le, Rezeptoren, regulatorische<\/span><br \/>\n<span style=\"padding-left: 1.2em; font-family: din-regularalternate; font-size: 14pt; letter-spacing: 0.01em;\">und strukturelle Proteine) durch Ver\u00e4nderungen im mitochondrialen Stoffwechsel<\/span><br \/>\n<span style=\"font-family: din-regularalternate; font-size: 14pt; letter-spacing: 0.01em;\">\u2014 Mitochondriale Dysfunktion und Redox-Ungleichgewicht beim Rett-Syndrom<\/span><br \/>\n<span style=\"font-family: din-regularalternate; font-size: 14pt; letter-spacing: 0.01em;\">\u2014 Reaktionen komplexer neuronaler Netze auf metabolische Kompromisse<\/span><\/p>\n<p>&nbsp;<br \/>\n<span style=\"font-size: 15pt; font-family: dinalternate-bold;\"><span style=\"text-decoration: none;\">Gruppe<\/span><\/span><br \/>\n<span style=\"text-align: left;\"><span style=\"font-family: din-regularalternate; font-size: 14pt; letter-spacing: 0.01em;\"><a href=\"mailto:mmuelle7@gwdg.de\">Prof. Dr. Michael M\u00fcller, Gruppenleiter<\/a><br \/>\n<a href=\"mailto:gocha.golubiani.1@iliauni.edu.ge\">Gocha Golubiani, Doktorand<\/a><br \/>\n<a href=\"mailto:laura.vanagen@med.uni-goettingen.de\">Laura van Agen, Doktorandin<\/a><br \/>\n<a href=\"mailto:m.kirschner@stud.uni-goettingen.de\">Moritz Kirschner, Medizinstudent<\/a><\/span><\/span><\/p>\n<hr \/>\n<div style=\"font-family: dinalternate-bold; text-align: right; font-size: 14pt;\"><a href=\"https:\/\/www.neuro-physiol.med.uni-goettingen.de\/wordpress\/prof-dr-michael-mueller\/\">English  <img loading=\"lazy\" decoding=\"async\" src=\"https:\/\/www.neuro-physiol.med.uni-goettingen.de\/wordpress\/wp-content\/uploads\/Pfeil-rechts.png\" alt=\"\" width=\"50\" height=\"50\" \/><\/a><\/div>\n<p><span style=\"line-height: 1.2em; font-family: DINAlternate-Light; font-size: 14pt; letter-spacing: 0.01em;\">Tel. +49-551-39 65 909<br \/>\n<a href=\"mailto:mmuelle7@gwdg.de\"> mmuelle7(at)\u2026<\/a><br \/>\n<a href=\"http:\/\/wwwuser.gwdg.de\/%7Emmuelle7\/\" target=\"_blank\" rel=\"noopener\">wwwuser.gwdg.de\/~mmuelle7\/<\/a><\/span><\/p>\n","protected":false},"excerpt":{"rendered":"<p>&nbsp; Mitochondrien- und stoffwechselbedingte Signal\u00fcbertragung sind f\u00fcr die dynamische Reaktionsf\u00e4higkeit neuronaler Netze, die synaptische Plastizit\u00e4t und die Funktion einzelner Zellen gleicherma\u00dfen wichtig. Eine gest\u00f6rte Signal\u00fcbertragung und mitochondriale Dysfunktion werden als Ursache f\u00fcr eine Vielzahl von neurodegenerativen und neurodevelopmentalen Erkrankungen angesehen. Wir analysieren solche von den Mitochondrien und dem Stoffwechsel abgeleiteten Signale in funktionell intakten Hippocampus-\/Medullenpr\u00e4paraten &hellip; <\/p>\n<p class=\"link-more\"><a href=\"https:\/\/www.neuro-physiol.med.uni-goettingen.de\/wordpress\/prof-dr-michael-mueller-deutsch\/\" class=\"more-link\"><span class=\"screen-reader-text\">\u201eProf. Dr. MICHAEL M\u00dcLLER\u201c <\/span>weiterlesen<\/a><\/p>\n","protected":false},"author":3,"featured_media":0,"parent":0,"menu_order":0,"comment_status":"closed","ping_status":"closed","template":"","meta":{"footnotes":""},"class_list":["post-25423","page","type-page","status-publish","hentry"],"_links":{"self":[{"href":"https:\/\/www.neuro-physiol.med.uni-goettingen.de\/wordpress\/wp-json\/wp\/v2\/pages\/25423","targetHints":{"allow":["GET"]}}],"collection":[{"href":"https:\/\/www.neuro-physiol.med.uni-goettingen.de\/wordpress\/wp-json\/wp\/v2\/pages"}],"about":[{"href":"https:\/\/www.neuro-physiol.med.uni-goettingen.de\/wordpress\/wp-json\/wp\/v2\/types\/page"}],"author":[{"embeddable":true,"href":"https:\/\/www.neuro-physiol.med.uni-goettingen.de\/wordpress\/wp-json\/wp\/v2\/users\/3"}],"replies":[{"embeddable":true,"href":"https:\/\/www.neuro-physiol.med.uni-goettingen.de\/wordpress\/wp-json\/wp\/v2\/comments?post=25423"}],"version-history":[{"count":0,"href":"https:\/\/www.neuro-physiol.med.uni-goettingen.de\/wordpress\/wp-json\/wp\/v2\/pages\/25423\/revisions"}],"wp:attachment":[{"href":"https:\/\/www.neuro-physiol.med.uni-goettingen.de\/wordpress\/wp-json\/wp\/v2\/media?parent=25423"}],"curies":[{"name":"wp","href":"https:\/\/api.w.org\/{rel}","templated":true}]}}