{"id":25501,"date":"2024-01-05T08:14:23","date_gmt":"2024-01-05T07:14:23","guid":{"rendered":"https:\/\/www.neuro-physiol.med.uni-goettingen.de\/wordpress\/?page_id=25501"},"modified":"2025-11-28T18:22:06","modified_gmt":"2025-11-28T17:22:06","slug":"dr-ali-shaib-deutsch","status":"publish","type":"page","link":"https:\/\/www.neuro-physiol.med.uni-goettingen.de\/wordpress\/dr-ali-shaib-deutsch\/","title":{"rendered":"Dr. ALI SHAIB"},"content":{"rendered":"<p><span style=\"font-size: 14pt;\"><img loading=\"lazy\" decoding=\"async\" class=\"shadow-effect alignnone\" src=\"https:\/\/www.neuro-physiol.med.uni-goettingen.de\/wordpress\/wp-content\/uploads\/Ali_Shaib_new.jpg\" alt=\"\" width=\"200\" height=\"200\" \/>&nbsp;&nbsp;&nbsp;&nbsp;&nbsp;<img loading=\"lazy\" decoding=\"async\" class=\"\" src=\"https:\/\/www.neuro-physiol.med.uni-goettingen.de\/wordpress\/wp-content\/uploads\/TeamShaib_Logo.png\" alt=\"\" width=\"488\" height=\"130\" \/><\/span><br \/>\n&nbsp;<br \/>\n&nbsp;<\/p>\n<p style=\"font-size: 14pt; letter-spacing: 0.01em;\">Unser multinationales Team bahnbrechender Wissenschaftler erforscht Nanomolek\u00fcle mit pr\u00e4zisionsgefertigter Aufl\u00f6sung der n\u00e4chsten Generation, angetrieben von modernster KI-Innovation.<\/p>\n<p>&nbsp;<\/p>\n<div style=\"margin-top: -25px;\">\n<table id=\"tablepress-27\" class=\"tablepress tablepress-id-27\">\n<tbody>\n<tr class=\"row-1\">\n\t<td class=\"column-1\"><span style=\"font-size: 15pt; font-family: dinalternate-bold;\">Mitarbeiter<\/span><\/td><td class=\"column-2\"><\/td><td class=\"column-3\"><\/td><td class=\"column-4\"><\/td>\n<\/tr>\n<tr class=\"row-2\">\n\t<td class=\"column-1\">Ali Shaib<\/td><td class=\"column-2\">Group Leader<\/td><td class=\"column-3\"><a href=\"mailto:ali.shaib@med.uni-goettingen.de\" rel=\"noopener\" target=\"_blank\">ali.shaib(at)\u2026<\/a><\/td><td class=\"column-4\">+49 (0) 551 39 65276<\/td>\n<\/tr>\n<tr class=\"row-3\">\n\t<td class=\"column-1\">Dr. Milton Mondal<\/td><td class=\"column-2\">Postdoc<\/td><td class=\"column-3\"><a href=\"mailto:milton.mondal@med.uni-goettingen.de\" rel=\"noopener\" target=\"_blank\">milton.mondal(at)\u2026<\/a><\/td><td class=\"column-4\">+49 (0) 55139 65994<\/td>\n<\/tr>\n<tr class=\"row-4\">\n\t<td class=\"column-1\">Donatus Krah<\/td><td class=\"column-2\">PhD Student<\/td><td class=\"column-3\"><a href=\"mailto:donatus.krah@med.uni-goettingen.de\" rel=\"noopener\" target=\"_blank\">donatus.krah(at)\u2026<\/a><\/td><td class=\"column-4\">+49 (0) 551 39 65740<\/td>\n<\/tr>\n<tr class=\"row-5\">\n\t<td class=\"column-1\">Antonios Ntolkeras<\/td><td class=\"column-2\">PhD Student<\/td><td class=\"column-3\"><a href=\"mailto:antonios.ntolkeras@med.uni-goettingen.de@med.uni-goettingen.de\" rel=\"noopener\" target=\"_blank\">antonios.ntolkeras(at)\u2026<\/a><\/td><td class=\"column-4\">+49 (0) 55139 65994<\/td>\n<\/tr>\n<tr class=\"row-6\">\n\t<td class=\"column-1\">Sushovan Chanda<\/td><td class=\"column-2\">PhD Student<\/td><td class=\"column-3\"><a href=\"mailto:sushovan.chanda@med.uni-goettingen.de\" rel=\"noopener\" target=\"_blank\">sushovan.chanda(at)\u2026<\/a><\/td><td class=\"column-4\">+49 (0) 551 39 65740<\/td>\n<\/tr>\n<tr class=\"row-7\">\n\t<td class=\"column-1\">Mohamad Mahdi Alawieh<\/td><td class=\"column-2\">Intern, Bachelor\u2019s degree<\/td><td class=\"column-3\"><a href=\"mailto:mohamad.alawieh@med.uni-goettingen.de\" rel=\"noopener\" target=\"_blank\">mohamad.alawieh(at)\u2026<\/a><\/td><td class=\"column-4\">+49 (0) 551 39 65621<\/td>\n<\/tr>\n<tr class=\"row-8\">\n\t<td class=\"column-1\">Alina Heimbrodt<\/td><td class=\"column-2\">Research Technical Assistant<\/td><td class=\"column-3\"><a href=\"mailto:alina.heimbrodt@med.uni-goettingen.de\" rel=\"noopener\" target=\"_blank\">alina.heimbrodt(at)\u2026<\/a><\/td><td class=\"column-4\">+49 (0) 551 39 65892<\/td>\n<\/tr>\n<tr class=\"row-9\">\n\t<td class=\"column-1\">Jonas Altendorf<\/td><td class=\"column-2\">Master\u2019s Student<\/td><td class=\"column-3\"><a href=\"mailto:jonas.altendorf@med.uni-goettingen.de\" rel=\"noopener\" target=\"_blank\">jonas.altendorf(at)\u2026<\/a><\/td><td class=\"column-4\">+49 (0) 551 39 65740<\/td>\n<\/tr>\n<tr class=\"row-10\">\n\t<td class=\"column-1\">Megi Pergjegjaj<\/td><td class=\"column-2\">Med, PhD Student<\/td><td class=\"column-3\"><\/td><td class=\"column-4\"><\/td>\n<\/tr>\n<tr class=\"row-11\">\n\t<td class=\"column-1\">Maryam Baghai<\/td><td class=\"column-2\">Med, PhD Student<\/td><td class=\"column-3\"><\/td><td class=\"column-4\"><\/td>\n<\/tr>\n<tr class=\"row-12\">\n\t<td class=\"column-1\">Atharva Naik<\/td><td class=\"column-2\">Intern<\/td><td class=\"column-3\"><a href=\"mailto:atharva.naik@med.uni-goettingen.de\" rel=\"noopener\" target=\"_blank\">atharva.naik(at)\u2026<\/a><\/td><td class=\"column-4\">+49 (0) 551 39 65740<\/td>\n<\/tr>\n<tr class=\"row-13\">\n\t<td class=\"column-1\">Clinton Gonsalves<\/td><td class=\"column-2\">Intern<\/td><td class=\"column-3\"><a href=\"mailto:clinton.gonsalves@stud.uni-goettingen.de\" rel=\"noopener\" target=\"_blank\">clinton.gonsalves(at)\u2026<\/a><\/td><td class=\"column-4\">+49 (0) 551 39 65740<\/td>\n<\/tr>\n<tr class=\"row-14\">\n\t<td class=\"column-1\">Nikhil Dave<\/td><td class=\"column-2\">Intern<\/td><td class=\"column-3\"><a href=\"mailto:nikhil.dave@stud.uni-goettingen.de\" rel=\"noopener\" target=\"_blank\">nikhil.dave(at)\u2026<\/a><\/td><td class=\"column-4\"><\/td>\n<\/tr>\n<tr class=\"row-15\">\n\t<td class=\"column-1\">Malak Al Bourji<\/td><td class=\"column-2\">Intern<\/td><td class=\"column-3\"><a href=\"mailto:Malak_bourji@outlook.com\" rel=\"noopener\" target=\"_blank\">Malak_bourji(at)\u2026<\/a><\/td><td class=\"column-4\"><\/td>\n<\/tr>\n<tr class=\"row-16\">\n\t<td class=\"column-1\">Salma Elkomy<\/td><td class=\"column-2\">Intern<\/td><td class=\"column-3\"><a href=\"mailto:salma.elkomy@stud.uni-goettingen.de\" rel=\"noopener\" target=\"_blank\">salma.elkomy(at)\u2026<\/a><\/td><td class=\"column-4\"><\/td>\n<\/tr>\n<\/tbody>\n<\/table>\n<!-- #tablepress-27 from cache --><\/div>\n<div style=\"margin-top: 65px; font-size: 15pt; font-family: dinalternate-bold;\">\u00dcber uns<\/div>\n<p><span style=\"font-size: 14pt; letter-spacing: 0.01em;\">Meine Gruppe befindet sich in der Abteilung f\u00fcr Neuro- und Sinnesphysiologie der Universit\u00e4tsmedizin G\u00f6ttingen unter der Leitung von Prof. Dr. Silvio O. Rizzoli. Wir haben die One-step Nanoscale Expansion (ONE) Mikroskopie entwickelt, eine innovative Super-Resolution-Technologie, die die biologische Grundlagenforschung ver\u00e4ndert. Durch die Kombination der Prinzipien der Expansionsmikroskopie mit der Fluoreszenzfluktuationsanalyse erm\u00f6glicht diese innovative Methode unvergleichliche Visualisierungsm\u00f6glichkeiten. Sie erm\u00f6glicht es Forschern, komplizierte Details zu erforschen, von komplexen Geweben bis hin zu neuronalen Netzwerken, und die Ultrastruktur von Synapsen zu ergr\u00fcnden. Dar\u00fcber hinaus k\u00f6nnen auch die Formen einzelner Proteinmolek\u00fcle beschrieben werden, was die Fluoreszenzmikroskopie an die Schwelle zur &#8222;echten molekularen Aufl\u00f6sung&#8220; bringt und nie dagewesene M\u00f6glichkeiten in der Strukturbiologie er\u00f6ffnet.<\/span><\/p>\n<p>Mit der ONE-Mikroskopie werden Aufl\u00f6sungen von 1 Nanometer oder besser erreicht, wodurch Labore, die ausschlie\u00dflich mit konfokalen Fluoreszenzsystemen ausgestattet sind, Zugang zu einem Pr\u00e4zisionsniveau erhalten, das bisher spezialisierten Ger\u00e4ten vorbehalten war. Diese Zug\u00e4nglichkeit wurde in Nature als Meilenstein gelobt, der als &#8222;Demokratie in der Mikroskopie&#8220;, als &#8222;einzigartiger Fokus&#8220; und als eine der &#8222;sieben Technologien, die man im Auge behalten sollte&#8220; bezeichnet wurde. Die Frankfurter Allgemeine Zeitung bezeichnete das Projekt als &#8222;CRISPR-Cas9-Moment f\u00fcr die Strukturbiologie&#8220;, was seine transformative Wirkung auf dieses Gebiet widerspiegelt.<\/p>\n<hr style=\"margin-left: 0; width: 935px; border: 0; height: 1px; background-image: linear-gradient(90deg, rgba(50,50,50,1) 0%, rgba(168,168,168,1) 38%, rgba(239,239,239,1) 88%);\" \/>\n&nbsp;<br \/>\n<img decoding=\"async\" src=\"https:\/\/www.neuro-physiol.med.uni-goettingen.de\/wordpress\/wp-content\/uploads\/Figure-0eciRGBv2-239.jpg\" alt=\"\" \/><br \/>\n&nbsp;<\/p>\n<hr style=\"margin-left: 0; width: 935px; border: 0; height: 1px; background-image: linear-gradient(90deg, rgba(50,50,50,1) 0%, rgba(168,168,168,1) 38%, rgba(239,239,239,1) 88%);\" \/>\n<p>Mit dieser Technologie haben wir erfolgreich Peptide erweitert und abgebildet, darunter mCLING, ein Peptid mit acht Aminos\u00e4uren, das Membranen markiert. Das Peptid mCLING, das bisher aufgrund seiner geringen Dichte weder durch Elektronenmikroskopie (EM) noch durch R\u00f6ntgenkristallographie aufgel\u00f6st werden konnte, kann nun in verbl\u00fcffender Detailtreue dargestellt werden. Dieser Durchbruch wirft ein Licht auf bisher unzug\u00e4ngliche membranassoziierte Wechselwirkungen und er\u00f6ffnet neue Wege der Erforschung.<\/p>\n<hr style=\"margin-left: 0; width: 935px; border: 0; height: 1px; background-image: linear-gradient(90deg, rgba(50,50,50,1) 0%, rgba(168,168,168,1) 38%, rgba(239,239,239,1) 88%);\" \/>\n&nbsp;<br \/>\n<img decoding=\"async\" src=\"https:\/\/www.neuro-physiol.med.uni-goettingen.de\/wordpress\/wp-content\/uploads\/Figure-1eciRGBv2-239.jpg\" alt=\"\" \/><br \/>\n&nbsp;<\/p>\n<hr style=\"margin-left: 0; width: 935px; border: 0; height: 1px; background-image: linear-gradient(90deg, rgba(50,50,50,1) 0%, rgba(168,168,168,1) 38%, rgba(239,239,239,1) 88%);\" \/>\n<p>Unsere Forschung nutzt diese Spitzentechnologie zusammen mit anderen Nicht-Fluoreszenzverfahren wie der bildgebenden Massenspektrometrie. Diese komplement\u00e4ren Ans\u00e4tze verbessern unsere F\u00e4higkeit, komplexe biologische Systeme zu erforschen und unser Verst\u00e4ndnis der molekularen und strukturellen Mechanismen zu vertiefen. Indem wir wertvolle Einblicke in diese Mechanismen liefern, tr\u00e4gt unsere Arbeit dazu bei, molekulare Signaturen zu identifizieren, die f\u00fcr die Erkennung von Krankheiten wichtig sind. Diese Studien sind von entscheidender Bedeutung f\u00fcr die Aufdeckung der zellul\u00e4ren Funktionsst\u00f6rungen, die bei Krankheiten wie der Parkinson-Krankheit auftreten, und bringen sowohl die Diagnostik als auch die therapeutische Entwicklung voran.<\/p>\n<p>K\u00fcnstliche Intelligenz revolutioniert unsere F\u00e4higkeit, die umfangreichen Daten zu analysieren und zu interpretieren, die durch EINE Mikroskopie erzeugt werden. Unser engagiertes Team von KI-Spezialisten konzentriert sich auf die Verbesserung der Super-Resolution-F\u00e4higkeiten und die Entwicklung anspruchsvoller Pipelines f\u00fcr die Erkennung, Segmentierung und 3D-Rekonstruktion komplexer Datens\u00e4tze. Dar\u00fcber hinaus konzentriert sich unsere KI-Grundlagenforschung auf Computer-Vision-Techniken, die spezielle Deep-Learning-Modelle zur Erkennung seltener Ereignisse wie Vesikelfusion, synaptische \u00dcbertragung und Kalziumwellen mit verbesserter Genauigkeit und Skalierbarkeit umfassen. Diese Fortschritte optimieren die Verarbeitung von Fluoreszenzdaten, wodurch die arbeitsintensive manuelle Analyse erheblich reduziert und die Pr\u00e4zision und Effizienz biologischer Untersuchungen verbessert wird.<\/p>\n<p>Als junge und wachsende Gruppe besch\u00e4ftigen wir uns mit den Herausforderungen gro\u00dfer und komplexer biologischer Datens\u00e4tze. Wir arbeiten auch aktiv daran, die erreichbare Aufl\u00f6sung in bildgebenden Technologien zu verbessern und die Grenzen dessen, was auf der Nanoskala visualisiert werden kann, weiter zu verschieben. Vor allem im Bereich KI wollen wir unsere F\u00e4higkeit verbessern, unterschiedliche Datens\u00e4tze zu verarbeiten, zuverl\u00e4ssige Methoden zur Merkmalsextraktion entwickeln und L\u00f6sungen f\u00fcr die Automatisierung der Datenanalyse und -visualisierung schaffen. Unser Schwerpunkt liegt auf der Verfeinerung dieser Werkzeuge, um Entdeckungen in der Grundlagenforschung zu unterst\u00fctzen und m\u00f6gliche Anwendungen in der Diagnostik und Therapie zu erforschen.<\/p>\n<div style=\"text-align: right; font-size: 18pt; font-family: dinalternate-bold;\"><a href=\"https:\/\/www.umg.eu\/en\/news-detail\/news-detail\/detail\/news\/one-microscopy-from-molecule-to-3d-structure-with-conventional-microscopy\/\" target=\"_blank\" rel=\"noopener\">ONE Microscopy<\/a><\/div>\n<hr \/>\n<div style=\"display: block; text-align: left; float: left;\"><a href=\"https:\/\/twitter.com\/alihshaib?lang=de\" target=\"_blank\" rel=\"noopener\"><img loading=\"lazy\" decoding=\"async\" class=\"\" style=\"filter: drop-shadow(0.1rem 0.15rem 0.1rem rgba(0, 0, 0, 0.5)); margin-right: 30px;\" src=\"https:\/\/www.neuro-physiol.med.uni-goettingen.de\/wordpress\/wp-content\/uploads\/2024\/01\/Twitter-Design-2023.png\" alt=\"\" width=\"40\" height=\"40\" \/><\/a><\/div>\n<div style=\"font-family: dinalternate-bold; text-align: right; font-size: 14pt;\"><a href=\"https:\/\/www.neuro-physiol.med.uni-goettingen.de\/dr-ali-shaib\/\">English <img loading=\"lazy\" decoding=\"async\" src=\"https:\/\/www.neuro-physiol.med.uni-goettingen.de\/wordpress\/wp-content\/uploads\/Pfeil-rechts.png\" alt=\"\" width=\"50\" height=\"50\" \/><\/a><\/div>\n","protected":false},"excerpt":{"rendered":"<p>&nbsp;&nbsp;&nbsp;&nbsp;&nbsp; &nbsp; &nbsp; Unser multinationales Team bahnbrechender Wissenschaftler erforscht Nanomolek\u00fcle mit pr\u00e4zisionsgefertigter Aufl\u00f6sung der n\u00e4chsten Generation, angetrieben von modernster KI-Innovation. &nbsp; \u00dcber uns Meine Gruppe befindet sich in der Abteilung f\u00fcr Neuro- und Sinnesphysiologie der Universit\u00e4tsmedizin G\u00f6ttingen unter der Leitung von Prof. Dr. Silvio O. Rizzoli. Wir haben die One-step Nanoscale Expansion (ONE) Mikroskopie entwickelt, &hellip; <\/p>\n<p class=\"link-more\"><a href=\"https:\/\/www.neuro-physiol.med.uni-goettingen.de\/wordpress\/dr-ali-shaib-deutsch\/\" class=\"more-link\"><span class=\"screen-reader-text\">\u201eDr. ALI SHAIB\u201c <\/span>weiterlesen<\/a><\/p>\n","protected":false},"author":3,"featured_media":0,"parent":0,"menu_order":0,"comment_status":"closed","ping_status":"closed","template":"","meta":{"footnotes":""},"class_list":["post-25501","page","type-page","status-publish","hentry"],"_links":{"self":[{"href":"https:\/\/www.neuro-physiol.med.uni-goettingen.de\/wordpress\/wp-json\/wp\/v2\/pages\/25501","targetHints":{"allow":["GET"]}}],"collection":[{"href":"https:\/\/www.neuro-physiol.med.uni-goettingen.de\/wordpress\/wp-json\/wp\/v2\/pages"}],"about":[{"href":"https:\/\/www.neuro-physiol.med.uni-goettingen.de\/wordpress\/wp-json\/wp\/v2\/types\/page"}],"author":[{"embeddable":true,"href":"https:\/\/www.neuro-physiol.med.uni-goettingen.de\/wordpress\/wp-json\/wp\/v2\/users\/3"}],"replies":[{"embeddable":true,"href":"https:\/\/www.neuro-physiol.med.uni-goettingen.de\/wordpress\/wp-json\/wp\/v2\/comments?post=25501"}],"version-history":[{"count":0,"href":"https:\/\/www.neuro-physiol.med.uni-goettingen.de\/wordpress\/wp-json\/wp\/v2\/pages\/25501\/revisions"}],"wp:attachment":[{"href":"https:\/\/www.neuro-physiol.med.uni-goettingen.de\/wordpress\/wp-json\/wp\/v2\/media?parent=25501"}],"curies":[{"name":"wp","href":"https:\/\/api.w.org\/{rel}","templated":true}]}}