{"id":26169,"date":"2024-01-16T20:45:49","date_gmt":"2024-01-16T19:45:49","guid":{"rendered":"https:\/\/www.neuro-physiol.med.uni-goettingen.de\/wordpress\/?page_id=26169"},"modified":"2024-07-24T09:42:40","modified_gmt":"2024-07-24T07:42:40","slug":"cristian-alexandru-bogaciu-deutsch","status":"publish","type":"page","link":"https:\/\/www.neuro-physiol.med.uni-goettingen.de\/wordpress\/cristian-alexandru-bogaciu-deutsch\/","title":{"rendered":"CRISTIAN-ALEXANDRU BOGACIU"},"content":{"rendered":"<p><img loading=\"lazy\" decoding=\"async\" class=\"shadow-effect alignnone\" src=\"https:\/\/www.neuro-physiol.med.uni-goettingen.de\/wordpress\/wp-content\/uploads\/2022\/11\/Cristian_Bogaciu-2.png\" alt=\"\" width=\"200\" height=\"200\"><\/p>\n<p style=\"font-family: din-regularalternate; font-size: 14pt; letter-spacing: 0.01em;\">Als Doktorand arbeitete ich in einem ozeanographischen Labor und untersuchte mit ToF-SIMS und NanoSIMS, wie sich das Wachstum von Meeresorganismen, die ihre eigenen Mineralschalen bilden, auf die Chemie dieser Schalen auswirkt, die oft zur Absch\u00e4tzung vergangener Klimabedingungen herangezogen werden. Ich untersuchte Ionen wie Kalzium, Magnesium und Natrium, um die Zusammenh\u00e4nge zwischen organischen und anorganischen Komponenten besser verstehen zu k\u00f6nnen.<\/p>\n<p style=\"text-indent: 5%;\"><span style=\"font-family: din-regularalternate; font-size: 14pt; letter-spacing: 0.01em;\">Als Postdoc verwende ich jetzt NanoSIMS, um gebundenes Kalzium in Neuronen und anderen Zellkulturen abzubilden. Aber ich habe meinen geowissenschaftlichen Hintergrund nicht vergessen. Meine Leidenschaft gilt der Wissenschaftskommunikation. In meiner Freizeit schreibe ich Artikel und Videodrehb\u00fccher, in denen ich die neuesten Forschungsergebnisse zum Klimawandel in eine Sprache \u00fcbersetze, die auch f\u00fcr ein nicht spezialisiertes Publikum verst\u00e4ndlich ist.<\/span><\/p>\n<hr>\n<div <span style=\"text-align: right;\"><span style=\"font-size: 14pt; font-family: dinalternate-bold;\"><a href=\"https:\/\/www.neuro-physiol.med.uni-goettingen.de\/wordpress\/cristian-alexandru-bogaciu\/\">English  <img loading=\"lazy\" decoding=\"async\" src=\"https:\/\/www.neuro-physiol.med.uni-goettingen.de\/wordpress\/wp-content\/uploads\/Pfeil-rechts.png\" alt=\"\" width=\"50\" height=\"50\" \/><\/a><\/span><\/div>\n<p><\/a><\/span><\/span><\/div>\n<p><span style=\"line-height: 1.2em; font-family: DINAlternate-Light; font-size: 14pt; letter-spacing: 0.01em;\">Tel. +49-551-39 65 619<br \/>\n<a href=\"mailto:cristian-alexandru.bogaciu@med.uni-goettingen.de\"> cristian-alexandru.bogaciu(at)\u2026 <\/a><\/span><\/p>\n","protected":false},"excerpt":{"rendered":"<p>Als Doktorand arbeitete ich in einem ozeanographischen Labor und untersuchte mit ToF-SIMS und NanoSIMS, wie sich das Wachstum von Meeresorganismen, die ihre eigenen Mineralschalen bilden, auf die Chemie dieser Schalen auswirkt, die oft zur Absch\u00e4tzung vergangener Klimabedingungen herangezogen werden. Ich untersuchte Ionen wie Kalzium, Magnesium und Natrium, um die Zusammenh\u00e4nge zwischen organischen und anorganischen Komponenten &hellip; <\/p>\n<p class=\"link-more\"><a href=\"https:\/\/www.neuro-physiol.med.uni-goettingen.de\/wordpress\/cristian-alexandru-bogaciu-deutsch\/\" class=\"more-link\"><span class=\"screen-reader-text\">\u201eCRISTIAN-ALEXANDRU BOGACIU\u201c <\/span>weiterlesen<\/a><\/p>\n","protected":false},"author":1,"featured_media":0,"parent":0,"menu_order":0,"comment_status":"closed","ping_status":"closed","template":"","meta":{"footnotes":""},"class_list":["post-26169","page","type-page","status-publish","hentry"],"_links":{"self":[{"href":"https:\/\/www.neuro-physiol.med.uni-goettingen.de\/wordpress\/wp-json\/wp\/v2\/pages\/26169","targetHints":{"allow":["GET"]}}],"collection":[{"href":"https:\/\/www.neuro-physiol.med.uni-goettingen.de\/wordpress\/wp-json\/wp\/v2\/pages"}],"about":[{"href":"https:\/\/www.neuro-physiol.med.uni-goettingen.de\/wordpress\/wp-json\/wp\/v2\/types\/page"}],"author":[{"embeddable":true,"href":"https:\/\/www.neuro-physiol.med.uni-goettingen.de\/wordpress\/wp-json\/wp\/v2\/users\/1"}],"replies":[{"embeddable":true,"href":"https:\/\/www.neuro-physiol.med.uni-goettingen.de\/wordpress\/wp-json\/wp\/v2\/comments?post=26169"}],"version-history":[{"count":0,"href":"https:\/\/www.neuro-physiol.med.uni-goettingen.de\/wordpress\/wp-json\/wp\/v2\/pages\/26169\/revisions"}],"wp:attachment":[{"href":"https:\/\/www.neuro-physiol.med.uni-goettingen.de\/wordpress\/wp-json\/wp\/v2\/media?parent=26169"}],"curies":[{"name":"wp","href":"https:\/\/api.w.org\/{rel}","templated":true}]}}