{"id":26197,"date":"2024-01-16T21:05:17","date_gmt":"2024-01-16T20:05:17","guid":{"rendered":"https:\/\/www.neuro-physiol.med.uni-goettingen.de\/wordpress\/?page_id=26197"},"modified":"2024-07-26T18:33:30","modified_gmt":"2024-07-26T16:33:30","slug":"svilen-georgiev-deutsch","status":"publish","type":"page","link":"https:\/\/www.neuro-physiol.med.uni-goettingen.de\/wordpress\/svilen-georgiev-deutsch\/","title":{"rendered":"SVILEN VESELINOV GEORGIEV"},"content":{"rendered":"<p><span style=\"font-size: 14pt;\"><img loading=\"lazy\" decoding=\"async\" class=\"shadow-effect alignnone\" src=\"https:\/\/www.neuro-physiol.med.uni-goettingen.de\/wordpress\/wp-content\/uploads\/2022\/11\/Svilen_Georgiev-7.png\" alt=\"\" width=\"200\" height=\"200\" \/><\/span><br \/>\n&nbsp;<\/p>\n<p style=\"font-family: din-regularalternate; font-size: 14pt; letter-spacing: 0.01em;\">Ein Doktorand, der fasziniert ist von der unglaublichen Welt der Neurowissenschaften. Derzeit untersuche ich den Umbau der extrazellul\u00e4ren Matrix im Gehirn von S\u00e4ugetieren und wie dieser Prozess die neuronale Plastizit\u00e4t beeinflusst. Durch diese Studie kann ich teilweise eines der Probleme angehen, die urspr\u00fcnglich mein Interesse an den Neurowissenschaften geweckt haben: Ged\u00e4chtnisbildung und<br \/>\n-speicherung. Ich m\u00f6chte die molekularen Grundlagen dieser Prozesse verstehen und dieses Wissen auf die Ebene der Schaltkreise und der Kognition ausweiten.<\/p>\n<p style=\"text-indent: 5%; font-family: din-regularalternate; font-size: 14pt; letter-spacing: 0.01em;\">Au\u00dferdem ist es mir ein Anliegen, die \u00d6ffentlichkeit \u00fcber die Bedeutung der Neurowissenschaften aufzukl\u00e4ren und zu zeigen, wie wir die in diesem Bereich gewonnenen Erkenntnisse zur Verbesserung<br \/>\nunserer Lebensqualit\u00e4t nutzen k\u00f6nnen. Schauen Sie sich meinen neuen Audio-\/Video-Podcast \u00fcber Neurowissenschaften an (in K\u00fcrze).<\/p>\n<p style=\"text-indent: 5%; font-family: din-regularalternate; font-size: 14pt; letter-spacing: 0.01em;\">In meiner Freizeit bin ich auf dem Sportplatz zu finden, wo ich Fu\u00dfball oder Tennis spiele, trainiere oder einfach nur jogge. Ich liebe es auch, mich in Gespr\u00e4chen \u00fcber die menschliche Natur, Philosophie und Geopolitik zu verlieren.<\/span><\/p>\n<hr \/>\n<div <span style=\"text-align: right;\"><span style=\"font-size: 14pt; font-family: dinalternate-bold;\"><a href=\"https:\/\/www.neuro-physiol.med.uni-goettingen.de\/wordpress\/svilen-georgiev\/\">Englisch  <img loading=\"lazy\" decoding=\"async\" src=\"https:\/\/www.neuro-physiol.med.uni-goettingen.de\/wordpress\/wp-content\/uploads\/Pfeil-rechts.png\" alt=\"\" width=\"50\" height=\"50\" \/><\/a><\/span><\/span><\/div>\n<p><span style=\"line-height: 1.2em; font-family: DINAlternate-Light; font-size: 14pt; letter-spacing: 0.01em;\">Tel. +49-551-39 65 621<br \/>\n<a href=\"mailto:svilenveselinov.georgiev@med.uni-goettingen.de\"> svilenveselinov.georgiev(at)\u2026<\/a><\/span><\/p>\n<p><a href=\"https:\/\/twitter.com\/GSvilen\" target=\"_blank\" rel=\"noopener noreferrer\"><img loading=\"lazy\" decoding=\"async\" class=\"\" style=\"filter: drop-shadow(0.1rem 0.15rem 0.1rem rgba(0, 0, 0, 0.5)); margin-right: 30px;\" src=\"https:\/\/www.neuro-physiol.med.uni-goettingen.de\/wordpress\/wp-content\/uploads\/2024\/01\/Twitter-Design-2023.png\" alt=\"\" width=\"40\" height=\"40\" \/><\/a> <a href=\"https:\/\/www.linkedin.com\/in\/svilen-georgiev-73049554\/\" target=\"_blank\" rel=\"noopener noreferrer\"><img loading=\"lazy\" decoding=\"async\" class=\"\" style=\"filter: drop-shadow(0.1rem 0.15rem 0.1rem rgba(0, 0, 0, 0.5)); margin-right: 30px;\" src=\"https:\/\/www.neuro-physiol.med.uni-goettingen.de\/wordpress\/wp-content\/uploads\/2022\/09\/LinkedIn-Logo.png\" alt=\"\" width=\"40\" height=\"40\" \/><\/a><\/p>\n","protected":false},"excerpt":{"rendered":"<p>&nbsp; Ein Doktorand, der fasziniert ist von der unglaublichen Welt der Neurowissenschaften. Derzeit untersuche ich den Umbau der extrazellul\u00e4ren Matrix im Gehirn von S\u00e4ugetieren und wie dieser Prozess die neuronale Plastizit\u00e4t beeinflusst. Durch diese Studie kann ich teilweise eines der Probleme angehen, die urspr\u00fcnglich mein Interesse an den Neurowissenschaften geweckt haben: Ged\u00e4chtnisbildung und -speicherung. Ich &hellip; <\/p>\n<p class=\"link-more\"><a href=\"https:\/\/www.neuro-physiol.med.uni-goettingen.de\/wordpress\/svilen-georgiev-deutsch\/\" class=\"more-link\"><span class=\"screen-reader-text\">\u201eSVILEN VESELINOV GEORGIEV\u201c <\/span>weiterlesen<\/a><\/p>\n","protected":false},"author":1,"featured_media":0,"parent":0,"menu_order":0,"comment_status":"closed","ping_status":"closed","template":"","meta":{"footnotes":""},"class_list":["post-26197","page","type-page","status-publish","hentry"],"_links":{"self":[{"href":"https:\/\/www.neuro-physiol.med.uni-goettingen.de\/wordpress\/wp-json\/wp\/v2\/pages\/26197","targetHints":{"allow":["GET"]}}],"collection":[{"href":"https:\/\/www.neuro-physiol.med.uni-goettingen.de\/wordpress\/wp-json\/wp\/v2\/pages"}],"about":[{"href":"https:\/\/www.neuro-physiol.med.uni-goettingen.de\/wordpress\/wp-json\/wp\/v2\/types\/page"}],"author":[{"embeddable":true,"href":"https:\/\/www.neuro-physiol.med.uni-goettingen.de\/wordpress\/wp-json\/wp\/v2\/users\/1"}],"replies":[{"embeddable":true,"href":"https:\/\/www.neuro-physiol.med.uni-goettingen.de\/wordpress\/wp-json\/wp\/v2\/comments?post=26197"}],"version-history":[{"count":0,"href":"https:\/\/www.neuro-physiol.med.uni-goettingen.de\/wordpress\/wp-json\/wp\/v2\/pages\/26197\/revisions"}],"wp:attachment":[{"href":"https:\/\/www.neuro-physiol.med.uni-goettingen.de\/wordpress\/wp-json\/wp\/v2\/media?parent=26197"}],"curies":[{"name":"wp","href":"https:\/\/api.w.org\/{rel}","templated":true}]}}