{"id":26275,"date":"2024-01-17T17:47:11","date_gmt":"2024-01-17T16:47:11","guid":{"rendered":"https:\/\/www.neuro-physiol.med.uni-goettingen.de\/wordpress\/?page_id=26275"},"modified":"2026-01-28T20:33:51","modified_gmt":"2026-01-28T19:33:51","slug":"impressum-datenschutz","status":"publish","type":"page","link":"https:\/\/www.neuro-physiol.med.uni-goettingen.de\/wordpress\/impressum-datenschutz\/","title":{"rendered":"IMPRESSUM \/ DATENSCHUTZ"},"content":{"rendered":"<p style=\"text-align: left;\"><img decoding=\"async\" class=\"shadow-effect alignnone; aligncenter wp-image-2090 \" src=\"https:\/\/www.neuro-physiol.med.uni-goettingen.de\/wordpress\/wp-content\/uploads\/2022\/04\/Hoersaal01.png\" \/><\/p>\n<p><br class=\"clear\" \/><br \/>\n<span style=\"color: #000000; font-size: 19pt; letter-spacing: 0.2em;\">IMPRESSUM<\/span><br \/>\n<br class=\"clear\" \/><br class=\"clear\" \/><\/p>\n<div style=\"font-family: DINAlternate-Light; line-height: 1.4em; font-size: 14pt; letter-spacing: 0.08em;\"><a href=\"https:\/\/www.google.de\/maps\/place\/Humboldtallee+23,+37073+G\u00f6ttingen\/@51.5440983,9.9371993,17z\/data=!3m1!4b1!4m6!3m5!1s0x47a4d4c2663aa539:0xdebf2c7927bc436e!8m2!3d51.544095!4d9.9397742!16s%2Fg%2F11bw3y6d56?entry=ttu\" target=\"_blank\" rel=\"noopener\">Neuro- und Sinnesphysiologie<br \/>\nHumboldtallee 23<br \/>\n37073 G\u00f6ttingen<br \/>\nDeutschland<\/a><\/div>\n<div style=\"margin-top: 15px; font-family: DINAlternate-Light; color: #000000; line-height: 1.4em; font-size: 14pt; letter-spacing: 0.07em;\"><a href=\"https:\/\/www.neuro-physiol.med.uni-goettingen.de\/prof-dr-silvio-o-rizzoli-deutsch\/\" target=\"_blank\" rel=\"noopener\">Vertreten durch: Prof. Dr. Silvio O. Rizzoli<br \/>\nTel. +49-551-39 65 911<\/a><br \/>\n<a href=\"mailto:srizzol@gwdg.de\">srizzol(at)\u2026<\/a><\/div>\n<p>&nbsp;<br \/>\n&nbsp;<\/p>\n<div style=\"color: #000000; font-size: 14pt; letter-spacing: 0.1em;\">SEKRETARIAT<\/div>\n<div style=\"margin-top: 10px; font-family: DINAlternate-Light; color: #000000; line-height: 1.4em; font-size: 14pt; letter-spacing: 0.08em;\"><a href=\"mailto:anita-karina.jaehnke@med.uni-goettingen.de\">Anita-Karina Jaehnke<br \/>\nTel. +49-551-39 65 912<br \/>\nFax +49-551-39 66 031<br \/>\nanita-karina.jaehnke(at)\u2026<\/a><\/div>\n<p><br class=\"clear\" \/><br \/>\n<br class=\"clear\" \/><br \/>\n<img loading=\"lazy\" decoding=\"async\" class=\"aligncenter wp-image-2090 \" src=\"https:\/\/www.neuro-physiol.med.uni-goettingen.de\/wordpress\/wp-content\/uploads\/2022\/01\/Skyline-GOe-1.png\" width=\"741\" height=\"147\" \/><\/p>\n<p><br class=\"clear\" \/><br class=\"clear\" \/><br class=\"clear\" \/><span style=\"color: #000000; font-size: 14pt; letter-spacing: 0.1em;\">HAFTUNG F\u00dcR INHALTE<\/span><\/p>\n<p>Als Diensteanbieter sind wir f\u00fcr eigene Inhalte auf diesen Seiten nach den allgemeinen Gesetzen verantwortlich. Nach Artikel 8 DSA sind wir als Diensteanbieter jedoch nicht verpflichtet, \u00fcbermittelte<br \/>\noder gespeicherte fremde Informationen zu \u00fcberwachen oder nach Umst\u00e4nden zu forschen, die auf<br \/>\neine rechtswidrige T\u00e4tigkeit hinweisen.<\/p>\n<p>Verpflichtungen zur Entfernung oder Sperrung der Nutzung von Informationen nach den allgemeinen Gesetzen bleiben hiervon unber\u00fchrt. Eine diesbez\u00fcgliche Haftung ist jedoch erst ab dem Zeitpunkt<br \/>\nder Kenntnis einer konkreten Rechtsverletzung m\u00f6glich. Bei Bekanntwerden von entsprechenden Rechtsverletzungen werden wir diese Inhalte umgehend entfernen.<\/p>\n<p><br class=\"clear\" \/><span style=\"color: #000000; font-size: 14pt; letter-spacing: 0.095em;\">HAFTUNG F\u00dcR LINKS<\/span><\/p>\n<p>Unser Angebot enth\u00e4lt Links zu externen Websites Dritter, auf deren Inhalte wir keinen Einfluss haben. Deshalb k\u00f6nnen wir f\u00fcr diese fremden Inhalte auch keine Gew\u00e4hr \u00fcbernehmen. F\u00fcr die Inhalte der verlinkten Seiten ist stets der jeweilige Anbieter oder Betreiber der Seiten verantwortlich. Die verlinkten Seiten wurden zum Zeitpunkt der Verlinkung auf m\u00f6gliche Rechtsverst\u00f6\u00dfe \u00fcberpr\u00fcft. Rechtswidrige<br \/>\nInhalte waren zum Zeitpunkt der Verlinkung nicht erkennbar.<\/p>\n<p>Eine permanente inhaltliche Kontrolle der verlinkten Seiten ist jedoch ohne konkrete Anhaltspunkte einer Rechtsverletzung nicht zumutbar. Bei Bekanntwerden von Rechtsverletzungen werden wir derartige Links umgehend entfernen.<\/p>\n<p><br class=\"clear\" \/><span style=\"color: #000000; font-size: 14pt; letter-spacing: 0.14em;\">URHEBERRECHT<\/span><\/p>\n<p>Die durch die Seitenbetreiber erstellten Inhalte und Werke auf diesen Seiten unterliegen dem deutschen Urheberrecht. Die Vervielf\u00e4ltigung, Bearbeitung, Verbreitung und jede Art der Verwertung au\u00dferhalb der Grenzen des Urheberrechtes bed\u00fcrfen der schriftlichen Zustimmung des jeweiligen Autors bzw. Erstellers. Downloads und Kopien dieser Seite sind nur f\u00fcr den privaten, nicht kommerziellen Gebrauch gestattet.<\/p>\n<p>Soweit die Inhalte auf dieser Seite nicht vom Betreiber erstellt wurden, werden die Urheberrechte Dritter beachtet. Insbesondere werden Inhalte Dritter als solche gekennzeichnet. Sollten Sie trotzdem auf eine Urheberrechtsverletzung aufmerksam werden, bitten wir um einen entsprechenden Hinweis. Bei Bekanntwerden von Rechtsverletzungen werden wir derartige Inhalte umgehend entfernen.<br class=\"clear\" \/><br class=\"clear\" \/><\/p>\n<hr \/>\n<div style=\"font-family: dinalternate-bold; text-align: right;\"><span style=\"font-size: 14pt;\"><a href=\"https:\/\/www.neuro-physiol.med.uni-goettingen.de\/imprint-privacy\/\">English    <img loading=\"lazy\" decoding=\"async\" src=\"https:\/\/www.neuro-physiol.med.uni-goettingen.de\/wordpress\/wp-content\/uploads\/Pfeil-rechts.png\" alt=\"\" width=\"50\" height=\"50\" \/><\/a><\/span><\/div>\n","protected":false},"excerpt":{"rendered":"<p>IMPRESSUM Neuro- und Sinnesphysiologie Humboldtallee 23 37073 G\u00f6ttingen Deutschland Vertreten durch: Prof. Dr. Silvio O. Rizzoli Tel. +49-551-39 65 911 srizzol(at)\u2026 &nbsp; &nbsp; SEKRETARIAT Anita-Karina Jaehnke Tel. +49-551-39 65 912 Fax +49-551-39 66 031 anita-karina.jaehnke(at)\u2026 HAFTUNG F\u00dcR INHALTE Als Diensteanbieter sind wir f\u00fcr eigene Inhalte auf diesen Seiten nach den allgemeinen Gesetzen verantwortlich. Nach Artikel &hellip; <\/p>\n<p class=\"link-more\"><a href=\"https:\/\/www.neuro-physiol.med.uni-goettingen.de\/wordpress\/impressum-datenschutz\/\" class=\"more-link\"><span class=\"screen-reader-text\">\u201eIMPRESSUM \/ DATENSCHUTZ\u201c <\/span>weiterlesen<\/a><\/p>\n","protected":false},"author":1,"featured_media":0,"parent":0,"menu_order":0,"comment_status":"closed","ping_status":"closed","template":"","meta":{"footnotes":""},"class_list":["post-26275","page","type-page","status-publish","hentry"],"_links":{"self":[{"href":"https:\/\/www.neuro-physiol.med.uni-goettingen.de\/wordpress\/wp-json\/wp\/v2\/pages\/26275","targetHints":{"allow":["GET"]}}],"collection":[{"href":"https:\/\/www.neuro-physiol.med.uni-goettingen.de\/wordpress\/wp-json\/wp\/v2\/pages"}],"about":[{"href":"https:\/\/www.neuro-physiol.med.uni-goettingen.de\/wordpress\/wp-json\/wp\/v2\/types\/page"}],"author":[{"embeddable":true,"href":"https:\/\/www.neuro-physiol.med.uni-goettingen.de\/wordpress\/wp-json\/wp\/v2\/users\/1"}],"replies":[{"embeddable":true,"href":"https:\/\/www.neuro-physiol.med.uni-goettingen.de\/wordpress\/wp-json\/wp\/v2\/comments?post=26275"}],"version-history":[{"count":0,"href":"https:\/\/www.neuro-physiol.med.uni-goettingen.de\/wordpress\/wp-json\/wp\/v2\/pages\/26275\/revisions"}],"wp:attachment":[{"href":"https:\/\/www.neuro-physiol.med.uni-goettingen.de\/wordpress\/wp-json\/wp\/v2\/media?parent=26275"}],"curies":[{"name":"wp","href":"https:\/\/api.w.org\/{rel}","templated":true}]}}