{"id":2699,"date":"2017-11-20T10:34:49","date_gmt":"2017-11-20T09:34:49","guid":{"rendered":"https:\/\/www.neuro-physiol.med.uni-goettingen.de\/wordpress\/?page_id=2699"},"modified":"2024-09-19T10:03:45","modified_gmt":"2024-09-19T08:03:45","slug":"2017-2","status":"publish","type":"page","link":"https:\/\/www.neuro-physiol.med.uni-goettingen.de\/wordpress\/publications\/2017-2\/","title":{"rendered":"Publications\u00a0\u00a02017"},"content":{"rendered":"<p><img loading=\"lazy\" decoding=\"async\" src=\"https:\/\/www.neuro-physiol.med.uni-goettingen.de\/wordpress\/wp-content\/uploads\/Publication-Regale3.png\" alt=\"\" width=\"1135\" height=\"200\" \/><br \/>\n&nbsp;<br \/>\n&nbsp;<br \/>\n&nbsp;<br \/>\n&nbsp;<\/p>\n<div style=\"margin-left: 5em; text-align: left; line-height: 1.2em; font-family: dinalternate-italic; font-size: 12pt;\">1. Bebensee DF, Can K,\u00a0M\u00fcller M.<\/p>\n<div style=\"line-height: 22pt; font-family: dinalternate-bold; font-size: 18pt;\"><a href=\"https:\/\/link.springer.com\/protocol\/10.1007\/978-1-4939-6890-9_9\" target=\"_blank\" rel=\"noopener noreferrer\">Live imaging of mitochondrial ROS production and<br \/>\ndynamic redox balance in neurons<\/a><\/p>\n<div style=\"margin-top: -1em; font-family: din-regularalternate; font-size: 12pt;\">Techniques to Investigate Mitochondrial Function in Neuromethods. doi.org\/10.1007\/978-1-4939-6890-9_9<\/div>\n<\/div>\n<\/div>\n<hr style=\"margin-left: -20%; align-right; width: 65%; border: 0; height: 1px; background-image: linear-gradient(90deg, rgba(239,239,239,1) 0%, rgba(168,168,168,1) 38%, rgba(50,50,50,1) 88%);\"\/>\n&nbsp;<br \/>\n&nbsp;<br \/>\n&nbsp;<\/p>\n<div style=\"margin-left: 5em; text-align: left; line-height: 1.2em; font-family: dinalternate-italic; font-size: 12pt;\">2. Can K, K\u00fcgler S, M\u00fcller M.<\/p>\n<div style=\"line-height: 22pt; font-family: dinalternate-bold; font-size: 18pt;\"><a href=\"https:\/\/pubmed.ncbi.nlm.nih.gov\/28894505\/\" target=\"_blank\" rel=\"noopener noreferrer\">Increased mitochondrial mass and cytosolic redox imbalance<br \/>\nin hippocampal astrocytes of a mouse model of Rett syndrome:<br \/>\nSubcelluar changes revealed by radiometric imaging of JC-1<br \/>\nand roGFP1 fluorescence<\/a><\/p>\n<div style=\"margin-top: -1em; font-family: din-regularalternate; font-size: 12pt;\">Oxid Med Cell Longev. 2017;2017:3064016.  doi: 10.1155\/2017\/3064016.  Epub 2017 Aug 13.<\/div>\n<\/div>\n<\/div>\n<hr style=\"margin-left: -20%; align-right; width: 65%; border: 0; height: 1px; background-image: linear-gradient(90deg, rgba(239,239,239,1) 0%, rgba(168,168,168,1) 38%, rgba(50,50,50,1) 88%);\"\/>\n&nbsp;<br \/>\n&nbsp;<br \/>\n&nbsp;<\/p>\n<div style=\"margin-left: 5em; text-align: left; line-height: 1.2em; font-family: dinalternate-italic; font-size: 12pt;\">3. Fard MK, Van Der Meer F,\u00a0S\u00e1nchez P, Cantuti-Castelvetri L, Mandad S, J\u00e4kel S,<br \/>\nFornasiero EF, Br\u00fcck W, Urlaub H, Dimou L, Stadelmann C, Simons M (2017)<\/p>\n<div style=\"line-height: 22pt; font-family: dinalternate-bold; font-size: 18pt;\"><a href=\"https:\/\/www.science.org\/doi\/10.1126\/scitranslmed.aam7816\" target=\"_blank\" rel=\"noopener noreferrer\">BCAS1 expression defines a population of early<br \/>\nmyelinating oligodendrocytes in multiple sclerosis lesions<\/a><\/p>\n<div style=\"margin-top: -1em; font-family: din-regularalternate; font-size: 12pt;\">M. Sci Transl Med. 2017 Dec 6;9(419). DOI: 10.1126\/scitranslmed.aam7816<\/div>\n<\/div>\n<\/div>\n<hr style=\"margin-left: -20%; align-right; width: 65%; border: 0; height: 1px; background-image: linear-gradient(90deg, rgba(239,239,239,1) 0%, rgba(168,168,168,1) 38%, rgba(50,50,50,1) 88%);\"\/>\n&nbsp;<br \/>\n&nbsp;<br \/>\n&nbsp;<\/p>\n<div style=\"margin-left: 5em; text-align: left; line-height: 1.2em; font-family: dinalternate-italic; font-size: 12pt;\">4. Gomes de Castro MA, H\u00f6bartner C,\u00a0Opazo F.<\/p>\n<div style=\"line-height: 22pt; font-family: dinalternate-bold; font-size: 18pt;\"><a href=\"https:\/\/www.ncbi.nlm.nih.gov\/pubmed\/28235049\" target=\"_blank\" rel=\"noopener noreferrer\">Aptamers provide superior stainings of cellular receptors<br \/>\nstudied under super-resolution microscopy<\/a><\/p>\n<div style=\"margin-top: -1em; font-family: din-regularalternate; font-size: 12pt;\">PLoS One. 2017 Feb 24;12(2):e0173050. doi: 10.1371\/journal.pone.0173050. eCollection 2017.<\/div>\n<\/div>\n<\/div>\n<hr style=\"margin-left: -20%; align-right; width: 65%; border: 0; height: 1px; background-image: linear-gradient(90deg, rgba(239,239,239,1) 0%, rgba(168,168,168,1) 38%, rgba(50,50,50,1) 88%);\"\/>\n&nbsp;<br \/>\n&nbsp;<br \/>\n&nbsp;<\/p>\n<div style=\"margin-left: 5em; text-align: left; line-height: 1.2em; font-family: dinalternate-italic; font-size: 12pt;\">5. Gomes de Castro MA, H\u00f6bartner C,\u00a0Opazo F.<\/p>\n<div style=\"line-height: 22pt; font-family: dinalternate-bold; font-size: 18pt;\"><a href=\"https:\/\/pubmed.ncbi.nlm.nih.gov\/34541193\/\" target=\"_blank\" rel=\"noopener noreferrer\">Staining of Membrane Receptors with<br \/>\nFluorescently-labeled DNA Aptamers for Super-resolution Imaging<\/a><\/p>\n<div style=\"margin-top: -1em; font-family: din-regularalternate; font-size: 12pt;\">Bio Protoc. 2017 Sep 5;7(17):e2541. doi: 10.21769\/BioProtoc.2541. eCollection 2017 Sep 5.<\/div>\n<\/div>\n<\/div>\n<hr style=\"margin-left: -20%; align-right; width: 65%; border: 0; height: 1px; background-image: linear-gradient(90deg, rgba(239,239,239,1) 0%, rgba(168,168,168,1) 38%, rgba(50,50,50,1) 88%);\"\/>\n&nbsp;<br \/>\n&nbsp;<br \/>\n&nbsp;<\/p>\n<div style=\"margin-left: 5em; text-align: left; line-height: 1.2em; font-family: dinalternate-italic; font-size: 12pt;\">6. Guarnieri FC, Bellani S, Yekhlef L, Bergamaschi A, Finardi A, Fesce R, Pozzi D, Monzani E,<br \/>\nFornasiero EF, Matteoli M, Martino G, Furlan R, Taverna S, Muzio L, Valtorta F.<\/p>\n<div style=\"line-height: 22pt; font-family: dinalternate-bold; font-size: 18pt;\"><a href=\"https:\/\/www.ncbi.nlm.nih.gov\/pubmed\/?term=Synapsin+I+deletion+reduces+neuronal+damage+and+ameliorates+clinical+progression+of+experimental+autoimmune+encephalomyelitis.\" target=\"_blank\" rel=\"noopener noreferrer\">Synapsin I deletion reduces neuronal damage and<br \/>\nameliorates clinical progression of experimental<br \/>\nautoimmune encephalomyelitis<\/a><\/p>\n<div style=\"margin-top: -1em; font-family: din-regularalternate; font-size: 12pt;\">Brain Behav Immun. 2018 Feb;68:197-210.  doi: 10.1016\/j.bbi.2017.10.018.  Epub 2017 Oct 21.<\/div>\n<\/div>\n<\/div>\n<hr style=\"margin-left: -20%; align-right; width: 65%; border: 0; height: 1px; background-image: linear-gradient(90deg, rgba(239,239,239,1) 0%, rgba(168,168,168,1) 38%, rgba(50,50,50,1) 88%);\"\/>\n&nbsp;<br \/>\n&nbsp;<br \/>\n&nbsp;<\/p>\n<div style=\"margin-left: 5em; text-align: left; line-height: 1.2em; font-family: dinalternate-italic; font-size: 12pt;\">7. Huppke P, Weissbach S, Church JA, Schnur R,\u00a0Kruse M,\u00a0Dreha-Kulaczewski S,<br \/>\nK\u00fchn-Velten\u00a0WN, Wolf A,\u00a0Huppke\u00a0B, Milan F, Begtrup A, Almusafri F, Thiele H,<br \/>\nAltm\u00fcller J, N\u00fcrnberg P, M\u00fcller M, G\u00e4rtner J.<\/p>\n<div style=\"line-height: 22pt; font-family: dinalternate-bold; font-size: 18pt;\"><a href=\"https:\/\/www.ncbi.nlm.nih.gov\/pubmed\/29018201\" target=\"_blank\" rel=\"noopener noreferrer\">Activating de novo mutations in NFE2L2<br \/>\nencoding NRF2 cause a multisystem disorder<\/a><\/p>\n<div style=\"margin-top: -1em; font-family: din-regularalternate; font-size: 12pt;\">Nat. Commun. 2017 Oct 10;8(1):818. doi: 10.1038\/s41467-017-00932-7.<\/div>\n<\/div>\n<\/div>\n<hr style=\"margin-left: -20%; align-right; width: 65%; border: 0; height: 1px; background-image: linear-gradient(90deg, rgba(239,239,239,1) 0%, rgba(168,168,168,1) 38%, rgba(50,50,50,1) 88%);\"\/>\n&nbsp;<br \/>\n&nbsp;<br \/>\n&nbsp;<\/p>\n<div style=\"margin-left: 5em; text-align: left; line-height: 1.2em; font-family: dinalternate-italic; font-size: 12pt;\">8. Kawabe H, Mitkovski M, Kaeser PS, Hirrlinger J,\u00a0Opazo F, Nestvogel D, Kalla S,<br \/>\nFejtova A, Verrier SE, Bungers SR, Cooper BH, Varoqueaux F, Wang Y, Nehring RB,<br \/>\nGundelfinger ED, Rosenmund C,\u00a0Rizzoli SO, S\u00fcdhof TC, Rhee JS, Brose N.<\/p>\n<div style=\"line-height: 22pt; font-family: dinalternate-bold; font-size: 18pt;\"><a href=\"https:\/\/www.ncbi.nlm.nih.gov\/pubmed\/28289090\" target=\"_blank\" rel=\"noopener noreferrer\">Correction: ELKS1 localizes the synaptic vesicle priming<br \/>\nprotein bMunc13-2 to a specific subset of active zones<\/a><\/p>\n<div style=\"margin-top: -1em; font-family: din-regularalternate; font-size: 12pt;\">J Cell Biol. 2017 Apr 3;216(4):1205. doi: 10.1083\/jcb.20160608603092017c. Epub 2017 Mar 13.<\/div>\n<\/div>\n<\/div>\n<hr style=\"margin-left: -20%; align-right; width: 65%; border: 0; height: 1px; background-image: linear-gradient(90deg, rgba(239,239,239,1) 0%, rgba(168,168,168,1) 38%, rgba(50,50,50,1) 88%);\"\/>\n&nbsp;<br \/>\n&nbsp;<br \/>\n&nbsp;<\/p>\n<div style=\"margin-left: 5em; text-align: left; line-height: 1.2em; font-family: dinalternate-italic; font-size: 12pt;\">9. Niebert S, van Belle G, Vogelgesang S, Manzke T,\u00a0Niebert M.<\/p>\n<div style=\"line-height: 22pt; font-family: dinalternate-bold; font-size: 18pt;\"><a href=\"https:\/\/www.ncbi.nlm.nih.gov\/pubmed\/28983239\" target=\"_blank\" rel=\"noopener noreferrer\">The serotonin receptor subtype 5b specifically interacts<br \/>\nwith serotonin receptor subtype 1A<\/a><\/p>\n<div style=\"margin-top: -1em; font-family: din-regularalternate; font-size: 12pt;\">Front Mol Neurosci. 2017 Sep 21;10:299.  doi: 10.3389\/fnmol.2017.00299.  eCollection 2017.<\/div>\n<\/div>\n<\/div>\n<hr style=\"margin-left: -20%; align-right; width: 65%; border: 0; height: 1px; background-image: linear-gradient(90deg, rgba(239,239,239,1) 0%, rgba(168,168,168,1) 38%, rgba(50,50,50,1) 88%);\"\/>\n&nbsp;<br \/>\n&nbsp;<br \/>\n&nbsp;<\/p>\n<div style=\"margin-left: 5em; text-align: left; line-height: 1.2em; font-family: dinalternate-italic; font-size: 12pt;\">10. Phan NTN, Munem M, Ewing AG, Fletcher JS.<\/p>\n<div style=\"line-height: 22pt; font-family: dinalternate-bold; font-size: 18pt;\"><a href=\"https:\/\/www.ncbi.nlm.nih.gov\/pubmed\/28389914\" target=\"_blank\" rel=\"noopener noreferrer\">MS\/MS analysis and imaging of lipids across Drosophila brain<br \/>\nusing secondary ion mass spectrometry<\/a><\/p>\n<div style=\"margin-top: -1em; font-family: din-regularalternate; font-size: 12pt;\">Anal Bioanal Chem. 2017 Jun;409(16):3923-3932. doi: 10.1007\/s00216-017-0336-4. Epub 2017 Apr 7.<\/div>\n<\/div>\n<\/div>\n<hr style=\"margin-left: -20%; align-right; width: 65%; border: 0; height: 1px; background-image: linear-gradient(90deg, rgba(239,239,239,1) 0%, rgba(168,168,168,1) 38%, rgba(50,50,50,1) 88%);\"\/>\n&nbsp;<br \/>\n&nbsp;<br \/>\n&nbsp;<\/p>\n<div style=\"margin-left: 5em; text-align: left; line-height: 1.2em; font-family: dinalternate-italic; font-size: 12pt;\">11. Phan NTN, Xianchan L, Ewing AG.<\/p>\n<div style=\"line-height: 22pt; font-family: dinalternate-bold; font-size: 18pt;\"><a href=\"https:\/\/www.nature.com\/articles\/s41570-017-0048\" target=\"_blank\" rel=\"noopener noreferrer\">Measuring synaptic vesicles using cellular electrochemistry<br \/>\nand nanoscale molecular imaging<\/a><\/p>\n<div style=\"margin-top: -1em; font-family: din-regularalternate; font-size: 12pt;\">Nature Reviews Chemistry 1, Article number: 0048 (2017) doi:10.1038\/s41570-017-0048.<\/div>\n<\/div>\n<\/div>\n<hr style=\"margin-left: -20%; align-right; width: 65%; border: 0; height: 1px; background-image: linear-gradient(90deg, rgba(239,239,239,1) 0%, rgba(168,168,168,1) 38%, rgba(50,50,50,1) 88%);\"\/>\n&nbsp;<br \/>\n&nbsp;<br \/>\n&nbsp;<\/p>\n<div style=\"margin-left: 5em; text-align: left; line-height: 1.2em; font-family: dinalternate-italic; font-size: 12pt;\">12. Richter KN, Rizzoli SO, J\u00e4hne S, Vogts A, Lovric J.<\/p>\n<div style=\"line-height: 22pt; font-family: dinalternate-bold; font-size: 18pt;\"><a href=\"https:\/\/www.ncbi.nlm.nih.gov\/pubmed\/28466025\" target=\"_blank\" rel=\"noopener noreferrer\">Review of combined isotopic and optical nanoscopy<\/a><\/p>\n<div style=\"margin-top: -1em; font-family: din-regularalternate; font-size: 12pt;\">Neurophotonics. 2017 Apr;4(2):020901. doi: 10.1117\/1.NPh.4.2.020901. Epub 2017 Apr 22. Review.<\/div>\n<\/div>\n<\/div>\n<hr style=\"margin-left: -20%; align-right; width: 65%; border: 0; height: 1px; background-image: linear-gradient(90deg, rgba(239,239,239,1) 0%, rgba(168,168,168,1) 38%, rgba(50,50,50,1) 88%);\"\/>\n&nbsp;<br \/>\n&nbsp;<br \/>\n&nbsp;<\/p>\n<div style=\"margin-left: 5em; text-align: left; line-height: 1.2em; font-family: dinalternate-italic; font-size: 12pt;\">13. Vogelgesang S, Niebert S, Renner U, M\u00f6bius W, H\u00fclsmann S, Manzke T,\u00a0Niebert M.<\/p>\n<div style=\"line-height: 22pt; font-family: dinalternate-bold; font-size: 18pt;\"><a href=\"https:\/\/www.ncbi.nlm.nih.gov\/pubmed\/28337123\" target=\"_blank\" rel=\"noopener noreferrer\">Analysis of the Serotonergic System in a Mouse Model<br \/>\nof Rett Syndrome Reveals Unusual Upregulation of<br \/>\nSerotonin Receptor 5b<\/a><\/p>\n<div style=\"margin-top: -1em; font-family: din-regularalternate; font-size: 12pt;\">Front Mol Neurosci. 2017 Mar 8;10:61. doi: 10.3389\/fnmol.2017.00061. eCollection 2017.<\/div>\n<\/div>\n<\/div>\n<hr style=\"margin-left: -20%; align-right; width: 65%; border: 0; height: 1px; background-image: linear-gradient(90deg, rgba(239,239,239,1) 0%, rgba(168,168,168,1) 38%, rgba(50,50,50,1) 88%);\"\/>\n&nbsp;<br \/>\n&nbsp;<br \/>\n&nbsp;<\/p>\n<div style=\"margin-left: 5em; text-align: left; line-height: 1.2em; font-family: dinalternate-italic; font-size: 12pt;\">14. Wottawa M, Naas S, B\u00f6ttger J, van Belle GJ, M\u00f6bius W,\u00a0Revelo NH, Heidenreich D,<br \/>\nvon Ahlen M, Zieseniss A,\u00a0Kr\u00f6hnert K, Lutz S, Lenz C, Urlaub H,\u00a0Rizzoli SO, Katschinski DM.<\/p>\n<div style=\"line-height: 22pt; font-family: dinalternate-bold; font-size: 18pt;\"><a href=\"https:\/\/www.ncbi.nlm.nih.gov\/pubmed\/28218996\" target=\"_blank\" rel=\"noopener noreferrer\">Hypoxia-stimulated membrane trafficking requires T-plastin<\/a><\/p>\n<div style=\"margin-top: -1em; font-family: din-regularalternate; font-size: 12pt;\">Acta Physiol (Oxf). 2017 Sep;221(1):59-73. doi: 10.1111\/apha.12859. Epub 2017 Mar 23.<\/div>\n<\/div>\n<\/div>\n<hr style=\"margin-left: -20%; align-right; width: 65%; border: 0; height: 1px; background-image: linear-gradient(90deg, rgba(239,239,239,1) 0%, rgba(168,168,168,1) 38%, rgba(50,50,50,1) 88%);\"\/>\n","protected":false},"excerpt":{"rendered":"<p>&nbsp; &nbsp; &nbsp; &nbsp; 1. Bebensee DF, Can K,\u00a0M\u00fcller M. Live imaging of mitochondrial ROS production and dynamic redox balance in neurons Techniques to Investigate Mitochondrial Function in Neuromethods. doi.org\/10.1007\/978-1-4939-6890-9_9 &nbsp; &nbsp; &nbsp; 2. Can K, K\u00fcgler S, M\u00fcller M. Increased mitochondrial mass and cytosolic redox imbalance in hippocampal astrocytes of a mouse model of &hellip; <\/p>\n<p class=\"link-more\"><a href=\"https:\/\/www.neuro-physiol.med.uni-goettingen.de\/wordpress\/publications\/2017-2\/\" class=\"more-link\"><span class=\"screen-reader-text\">\u201ePublications\u00a0\u00a02017\u201c <\/span>weiterlesen<\/a><\/p>\n","protected":false},"author":1,"featured_media":0,"parent":54,"menu_order":5,"comment_status":"closed","ping_status":"closed","template":"","meta":{"footnotes":""},"class_list":["post-2699","page","type-page","status-publish","hentry"],"_links":{"self":[{"href":"https:\/\/www.neuro-physiol.med.uni-goettingen.de\/wordpress\/wp-json\/wp\/v2\/pages\/2699","targetHints":{"allow":["GET"]}}],"collection":[{"href":"https:\/\/www.neuro-physiol.med.uni-goettingen.de\/wordpress\/wp-json\/wp\/v2\/pages"}],"about":[{"href":"https:\/\/www.neuro-physiol.med.uni-goettingen.de\/wordpress\/wp-json\/wp\/v2\/types\/page"}],"author":[{"embeddable":true,"href":"https:\/\/www.neuro-physiol.med.uni-goettingen.de\/wordpress\/wp-json\/wp\/v2\/users\/1"}],"replies":[{"embeddable":true,"href":"https:\/\/www.neuro-physiol.med.uni-goettingen.de\/wordpress\/wp-json\/wp\/v2\/comments?post=2699"}],"version-history":[{"count":0,"href":"https:\/\/www.neuro-physiol.med.uni-goettingen.de\/wordpress\/wp-json\/wp\/v2\/pages\/2699\/revisions"}],"up":[{"embeddable":true,"href":"https:\/\/www.neuro-physiol.med.uni-goettingen.de\/wordpress\/wp-json\/wp\/v2\/pages\/54"}],"wp:attachment":[{"href":"https:\/\/www.neuro-physiol.med.uni-goettingen.de\/wordpress\/wp-json\/wp\/v2\/media?parent=2699"}],"curies":[{"name":"wp","href":"https:\/\/api.w.org\/{rel}","templated":true}]}}