{"id":27701,"date":"2024-01-27T19:39:31","date_gmt":"2024-01-27T18:39:31","guid":{"rendered":"https:\/\/www.neuro-physiol.med.uni-goettingen.de\/wordpress\/?page_id=27701"},"modified":"2025-05-06T08:34:37","modified_gmt":"2025-05-06T06:34:37","slug":"forschung","status":"publish","type":"page","link":"https:\/\/www.neuro-physiol.med.uni-goettingen.de\/wordpress\/forschung\/","title":{"rendered":"FORSCHUNG"},"content":{"rendered":"<p><img loading=\"lazy\" decoding=\"async\" class=\"shadow-effect alignnone\" src=\"https:\/\/www.neuro-physiol.med.uni-goettingen.de\/wordpress\/wp-content\/uploads\/2021\/11\/Research-Header1-1.png\" alt=\"\" width=\"1135\" height=\"100\" \/><\/p>\n<hr style=\"margin-top: 100px; width: 935px; border: 0; height: 1px; background-image: linear-gradient(90deg, rgba(50,50,50,1) 0%, rgba(168,168,168,1) 38%, rgba(239,239,239,1) 88%);\">\nSeit 2001 fokussiert <a href=\"https:\/\/www.neuro-physiol.med.uni-goettingen.de\/wordpress\/prof-dr-silvio-o-rizzoli\/\" target=\"_blank\" rel=\"noopener\">Prof. Dr. Rizzoli<\/a> seine Arbeit auf die Mechanismen der pr\u00e4synaptischen Funktion, insbesondere auf das synaptische Vesikel-Recycling.<\/p>\n<p style=\"text-indent: 5%;\">Im Laufe der Jahre haben wir ein neues Konzept der Neurotransmitter-Freisetzung identifiziert und entwickelt, bei dem eine kleine Anzahl &#8222;perfekter&#8220; synaptischer Vesikel an den meisten synaptischen Freisetzungsereignissen beteiligt ist. Diese Vesikel sind mobil und k\u00f6nnen sich daher immer zu den Freisetzungsstellen (aktive Zonen) bewegen, w\u00e4hrend alle anderen Vesikel unbeweglich sind und nur selten fusionieren. Wir haben verschiedene Elemente dieses Modells beschrieben (<a href=\"https:\/\/pubmed.ncbi.nlm.nih.gov\/15044806\/\" target=\"_blank\" rel=\"noopener\">Rizzoli und Betz, Science, 2004<\/a>; <a href=\"https:\/\/pubmed.ncbi.nlm.nih.gov\/18292304\/\" target=\"_blank\" rel=\"noopener\">Westphal et al., Science, 2008<\/a>; <a href=\"https:\/\/www.ncbi.nlm.nih.gov\/pmc\/articles\/PMC2905121\/\" target=\"_blank\" rel=\"noopener\">Kamin et al., Biophys J, 2010<\/a>; <a href=\"https:\/\/pubmed.ncbi.nlm.nih.gov\/20956291\/\" target=\"_blank\" rel=\"noopener\">Hoopmann et al., PNAS, 2010<\/a>; <a href=\"https:\/\/www.nature.com\/articles\/nn.2690\" target=\"_blank\" rel=\"noopener\">Wilhelm et al., Nat Neurosci, 2010<\/a>) und es in wichtigen \u00dcbersichtsarbeiten auf die meisten bekannten synaptischen Pr\u00e4parate ausgeweitet (<a href=\"https:\/\/pubmed.ncbi.nlm.nih.gov\/15611727\/\" target=\"_blank\" rel=\"noopener\">Rizzoli und Betz, Nat Rev Neurosci, 2005<\/a>; aktualisiert in <a href=\"https:\/\/www.frontiersin.org\/articles\/10.3389%2Ffnsyn.2010.00135\/full\" target=\"_blank\" rel=\"noopener\">Denker und Rizzoli, Front Synaptic Neurosci, 2010<\/a>).<\/p>\n<p style=\"text-indent: 5%;\"><span style=\"letter-spacing: -0.19pt;\">K\u00fcrzlich haben wir dieses Konzept in Synapsen verhaltensf\u00e4higer Tiere in der ersten Studie zur Vesikelfunktion<\/span> in vivo nachgewiesen (<a href=\"https:\/\/pubmed.ncbi.nlm.nih.gov\/21903928\/\" target=\"_blank\" rel=\"noopener\">Denker et al., PNAS, 2011a<\/a>; <a href=\"https:\/\/pubmed.ncbi.nlm.nih.gov\/21903923\/\" target=\"_blank\" rel=\"noopener\">Denker et al., PNAS, 2011b<\/a>). Zus\u00e4tzlich zu den Studien \u00fcber synaptische Vesikel habe ich die von mir entwickelten Werkzeuge f\u00fcr den Membranverkehr auf andere Systeme wie die endosomale Sortierung angewandt (z. B. <a href=\"https:\/\/www.embopress.org\/doi\/full\/10.1038\/sj.emboj.7601820\" target=\"_blank\" rel=\"noopener\">Bethani et al., EMBO J, 2007<\/a>; <a href=\"https:\/\/pure.mpg.de\/rest\/items\/item_588073\/component\/file_2213586\/content\" target=\"_blank\" rel=\"noopener\">Barysch et al., PNAS, 2009<\/a>).<\/p>\n<p style=\"text-indent: 5%;\">Desweiteren besteht ein starkes Interesse an der Entwicklung von Mikroskopietechniken, vor allem durch die Anwendung der Super-Resolution-Mikroskopie auf biologische Fragen. Mit dem Schwerpunkt auf der Stimulated Emission Depletion (STED)-Mikroskopie lieferten wir die erste echte biologische Anwendung dieser Technik (<a href=\"https:\/\/pubmed.ncbi.nlm.nih.gov\/16612384\/\" target=\"_blank\" rel=\"noopener\">Willig et al., Nature, 2006<\/a>) und die erste Anwendung f\u00fcr Live-Bilder (<a href=\"https:\/\/pubmed.ncbi.nlm.nih.gov\/18292304\/\" target=\"_blank\" rel=\"noopener\">Westphal et al., Science, 2008<\/a>), und wir waren auch an anderen Bem\u00fchungen beteiligt, wie z. B. an den ersten mehrfarbigen Superaufl\u00f6sungsanwendungen (<a href=\"https:\/\/www.ncbi.nlm.nih.gov\/pmc\/articles\/PMC1831704\/\" target=\"_blank\" rel=\"noopener\">Donnert et al., Biophys J, 2007<\/a>).<\/p>\n<p style=\"text-indent: 5%;\">Unser Labor hat zwei Schwerpunkte: High-End-Bildgebung und Spitzenforschung in der synaptischen Physiologie. Bei allen Projekten kommen fortschrittliche Bildgebungsverfahren zum Einsatz, u.a. STED und Elektronenmikroskopie. Das ultimative Ziel unserer Arbeit ist es, die funktionelle Organisation der Zelle zu verstehen &#8211; die Verbindung zwischen der topologischen Verteilung von zellul\u00e4ren Elementen (Proteinen oder Organellen) und ihrer Funktion. Wir fokussieren uns derzeit auf das pr\u00e4synaptische Kompartiment, dessen relative Einfachheit und gut verstandene Funktion solche Studien leichter m\u00f6glich machen.<\/p>\n<p style=\"text-indent: 5%;\"><span style=\"letter-spacing: 0.20pt;\">Kurz gesagt, die meisten Proteine, die bisher mit Hilfe der hochaufl\u00f6senden Bildgebung untersucht wurden, bilden supermolekulare Assemblierungen oder Cluster. Die Gr\u00fcnde daf\u00fcr sind komplex. Es gibt keine allgemeine Erkl\u00e4rung, zumal die Lage der Cluster oft nicht mit der Funktion des Proteins korreliert.<br \/>\nSo finden sich beispielsweise Fusionsproteine, die an der Exozytose synaptischer Vesikel beteiligt sind, \u00fcberall auf der Plasmamembran in Clustern, auch an Stellen, an denen es keine Vesikel gibt. Eine gro\u00dfe Anzahl von Kopien in einem Cluster ist nicht auf Proteine beschr\u00e4nkt: Synaptische Vesikel finden sich in immenser Zahl in Clustern, insbesondere in neuromuskul\u00e4ren Verbindungen, wobei es nur wenige<span style=\"letter-spacing: -0.10pt;\"> Erkl\u00e4rungen f\u00fcr die funktionelle Bedeutung der meisten Vesikel gibt (z. B. werden von den ~500.000 Vesikeln<\/span><br \/>\nin der neuromuskul\u00e4ren Verbindung des Frosches nur ~250 Vesikel f\u00fcr ein Aktionspotenzial verwendet).<\/p>\n<p style=\"text-indent: 5%;\">Daher ist die funktionelle Organisation vieler synaptischer oder zellul\u00e4rer Elemente nur unzureichend bekannt. Um diese Art von Fragen zu l\u00f6sen, kombinieren wir Bildgebung, Biochemie und Biophysik, um die Menge der freien Molek\u00fcle, der in Clustern gefundenen Molek\u00fcle sowie deren Austauschraten zu bestimmen. Anschlie\u00dfend vergleichen wir alle diese Werte mit der Anzahl der f\u00fcr die Funktion verwendeten Molek\u00fcle. Wir haben diesen Ansatz als st\u00f6chiometrische Biologie bezeichnet (<a href=\"https:\/\/journals.physiology.org\/doi\/full\/10.1152\/physiol.00044.2009\" target=\"_blank\" rel=\"noopener\">Lang und Rizzoli, 2010<\/a>) und wenden ihn an, um sowohl Proteincluster als auch die Organisation von Organellen (Vesikeln) zu untersuchen. Die erste Demonstration dieses Ansatzes wurde von uns ver\u00f6ffentlicht und eine neue Funktion f\u00fcr die Cluster synaptischer Vesikel vorgeschlagen, n\u00e4mlich die Pufferung l\u00f6slicher synaptischer Proteine (<a href=\"https:\/\/pubmed.ncbi.nlm.nih.gov\/21903923\/\" target=\"_blank\" rel=\"noopener\">Denker et al., 2011b<\/a>).<\/p>\n<p>&nbsp;<\/p>\n<div <span style=\"font-family: dinalternate-bold; text-align: right;\"><span style=\"font-size: 18pt;\"><a href=\"https:\/\/www.umg.eu\/en\/news-detail\/news-detail\/detail\/news\/one-microscopy-from-molecule-to-3d-structure-with-conventional-microscopy\/\" rel=\"noopener\" target=\"_blank\">ONE Microscopy<\/a><\/span><\/span><\/div>\n<hr \/>\n<div style=\"font-family: dinalternate-bold; text-align: right;\"><span style=\"font-size: 14pt;\"><a href=\"https:\/\/www.neuro-physiol.med.uni-goettingen.de\/wordpress\/research\/\">English  <img loading=\"lazy\" decoding=\"async\" src=\"https:\/\/www.neuro-physiol.med.uni-goettingen.de\/wordpress\/wp-content\/uploads\/Pfeil-rechts.png\" alt=\"\" width=\"50\" height=\"50\" \/><\/a><\/span><\/div>\n","protected":false},"excerpt":{"rendered":"<p>Seit 2001 fokussiert Prof. Dr. Rizzoli seine Arbeit auf die Mechanismen der pr\u00e4synaptischen Funktion, insbesondere auf das synaptische Vesikel-Recycling. Im Laufe der Jahre haben wir ein neues Konzept der Neurotransmitter-Freisetzung identifiziert und entwickelt, bei dem eine kleine Anzahl &#8222;perfekter&#8220; synaptischer Vesikel an den meisten synaptischen Freisetzungsereignissen beteiligt ist. Diese Vesikel sind mobil und k\u00f6nnen sich &hellip; <\/p>\n<p class=\"link-more\"><a href=\"https:\/\/www.neuro-physiol.med.uni-goettingen.de\/wordpress\/forschung\/\" class=\"more-link\"><span class=\"screen-reader-text\">\u201eFORSCHUNG\u201c <\/span>weiterlesen<\/a><\/p>\n","protected":false},"author":3,"featured_media":0,"parent":0,"menu_order":0,"comment_status":"closed","ping_status":"closed","template":"","meta":{"footnotes":""},"class_list":["post-27701","page","type-page","status-publish","hentry"],"_links":{"self":[{"href":"https:\/\/www.neuro-physiol.med.uni-goettingen.de\/wordpress\/wp-json\/wp\/v2\/pages\/27701","targetHints":{"allow":["GET"]}}],"collection":[{"href":"https:\/\/www.neuro-physiol.med.uni-goettingen.de\/wordpress\/wp-json\/wp\/v2\/pages"}],"about":[{"href":"https:\/\/www.neuro-physiol.med.uni-goettingen.de\/wordpress\/wp-json\/wp\/v2\/types\/page"}],"author":[{"embeddable":true,"href":"https:\/\/www.neuro-physiol.med.uni-goettingen.de\/wordpress\/wp-json\/wp\/v2\/users\/3"}],"replies":[{"embeddable":true,"href":"https:\/\/www.neuro-physiol.med.uni-goettingen.de\/wordpress\/wp-json\/wp\/v2\/comments?post=27701"}],"version-history":[{"count":0,"href":"https:\/\/www.neuro-physiol.med.uni-goettingen.de\/wordpress\/wp-json\/wp\/v2\/pages\/27701\/revisions"}],"wp:attachment":[{"href":"https:\/\/www.neuro-physiol.med.uni-goettingen.de\/wordpress\/wp-json\/wp\/v2\/media?parent=27701"}],"curies":[{"name":"wp","href":"https:\/\/api.w.org\/{rel}","templated":true}]}}