{"id":3436,"date":"2019-01-09T09:14:35","date_gmt":"2019-01-09T08:14:35","guid":{"rendered":"https:\/\/www.neuro-physiol.med.uni-goettingen.de\/wordpress\/?page_id=3436"},"modified":"2024-09-23T17:42:47","modified_gmt":"2024-09-23T15:42:47","slug":"2019-2","status":"publish","type":"page","link":"https:\/\/www.neuro-physiol.med.uni-goettingen.de\/wordpress\/publications\/2019-2\/","title":{"rendered":"Publications\u00a0\u00a02019"},"content":{"rendered":"<p><img loading=\"lazy\" decoding=\"async\" src=\"https:\/\/www.neuro-physiol.med.uni-goettingen.de\/wordpress\/wp-content\/uploads\/Publication-Regale3.png\" alt=\"\" width=\"1135\" height=\"200\" \/><br \/>\n&nbsp;<br \/>\n&nbsp;<br \/>\n&nbsp;<br \/>\n&nbsp;<\/p>\n<div style=\"margin-left: 5em; text-align: left; line-height: 1.2em; font-family: dinalternate-italic; font-size: 12pt;\">1. Ag\u00fc\u00ed Gonz\u00e1lez P, J\u00e4hne S, Phan NTN.<\/p>\n<div style=\"line-height: 22pt; font-family: dinalternate-bold; font-size: 18pt;\"><a href=\"https:\/\/pubs.rsc.org\/en\/content\/articlehtml\/2019\/ja\/c9ja00118b\" target=\"_blank\" rel=\"naopener noopener noreferrer\">SIMS imaging in neuro- and cell biology<\/a><\/p>\n<div style=\"margin-top: -1em; font-family: din-regularalternate; font-size: 12pt;\">J Anal At Spectrom, doi: 10.1039\/C9JA00118B (2019)<\/div>\n<\/div>\n<\/div>\n<hr style=\"margin-left: -20%; align-right; width: 65%; border: 0; height: 1px; background-image: linear-gradient(90deg, rgba(239,239,239,1) 0%, rgba(168,168,168,1) 38%, rgba(50,50,50,1) 88%);\"\/>\n&nbsp;<br \/>\n&nbsp;<br \/>\n&nbsp;<\/p>\n<div style=\"margin-left: 5em; text-align: left; line-height: 1.2em; font-family: dinalternate-italic; font-size: 12pt;\">2. Alevra M, Mandad S, Ischebeck T, Urlaub H, Rizzoli SO, Fornasiero EF.<\/p>\n<div style=\"line-height: 22pt; font-family: dinalternate-bold; font-size: 18pt;\"><a href=\"https:\/\/www.ncbi.nlm.nih.gov\/pubmed\/31685960\" target=\"_blank\" rel=\"naopener noopener noreferrer\">A mass spectrometry workflow for measuring<br \/>\nprotein turnover rates in vivo<\/a><\/p>\n<div style=\"margin-top: -1em; font-family: din-regularalternate; font-size: 12pt;\">Nat Protoc. 2019 Nov 4. doi: 10.1038\/s41596-019-0222-y<\/div>\n<\/div>\n<\/div>\n<hr style=\"margin-left: -20%; align-right; width: 65%; border: 0; height: 1px; background-image: linear-gradient(90deg, rgba(239,239,239,1) 0%, rgba(168,168,168,1) 38%, rgba(50,50,50,1) 88%);\"\/>\n&nbsp;<br \/>\n&nbsp;<br \/>\n&nbsp;<\/p>\n<div style=\"margin-left: 5em; text-align: left; line-height: 1.2em; font-family: dinalternate-italic; font-size: 12pt;\">3. Callegari S, M\u00fcller T, Schulz C, Lenz C, Jans DC, Wissel M, Opazo F, Rizzoli SO,<br \/>\nJakobs S, Urlaub H, Rehling P, Deckers M.<\/p>\n<div style=\"line-height: 22pt; font-family: dinalternate-bold; font-size: 18pt;\"><a href=\"https:\/\/www.ncbi.nlm.nih.gov\/pubmed\/31103774\" target=\"_blank\" rel=\"naopener noopener noreferrer\">A MICOS-TIM22 Association Promotes Carrier Import<br \/>\ninto Human Mitochondria<\/a><\/p>\n<div style=\"margin-top: -1em; font-family: din-regularalternate; font-size: 12pt;\">J Mol Biol. 2019 Jul 12;431(15):2835-2851. doi: 10.1016\/j.jmb.2019.05.015. Epub 2019 May 17<\/div>\n<\/div>\n<\/div>\n<hr style=\"margin-left: -20%; align-right; width: 65%; border: 0; height: 1px; background-image: linear-gradient(90deg, rgba(239,239,239,1) 0%, rgba(168,168,168,1) 38%, rgba(50,50,50,1) 88%);\"\/>\n&nbsp;<br \/>\n&nbsp;<br \/>\n&nbsp;<\/p>\n<div style=\"margin-left: 5em; text-align: left; line-height: 1.2em; font-family: dinalternate-italic; font-size: 12pt;\">4. Can K, Menzfeld C, Rinne L, Rehling P, K\u00fcgler S, Golubiani G, Dudek J, M\u00fcller M.<\/p>\n<div style=\"line-height: 22pt; font-family: dinalternate-bold; font-size: 18pt;\"><a href=\"https:\/\/www.ncbi.nlm.nih.gov\/pubmed\/31114506\" target=\"_blank\" rel=\"naopener noopener noreferrer\">Neuronal Redox-Imbalance in Rett Syndrome Affects Mitochondria<br \/>\nas Well as Cytosol, and Is Accompanied by Intensified Mitochondrial O<sub>2<\/sub>Consumption and ROS Release<\/a><\/p>\n<div style=\"margin-top: -1em; font-family: din-regularalternate; font-size: 12pt;\">Front. Physiol., 2019 Apr 30. doi: 10.3389\/fphys.2019.00479<\/div>\n<\/div>\n<\/div>\n<hr style=\"margin-left: -20%; align-right; width: 65%; border: 0; height: 1px; background-image: linear-gradient(90deg, rgba(239,239,239,1) 0%, rgba(168,168,168,1) 38%, rgba(50,50,50,1) 88%);\"\/>\n&nbsp;<br \/>\n&nbsp;<br \/>\n&nbsp;<\/p>\n<div style=\"margin-left: 5em; text-align: left; line-height: 1.2em; font-family: dinalternate-italic; font-size: 12pt;\">5. Fornasiero EF, Rizzoli SO.<\/p>\n<div style=\"line-height: 22pt; font-family: dinalternate-bold; font-size: 18pt;\"><a href=\"https:\/\/www.ncbi.nlm.nih.gov\/pubmed\/31288782\" target=\"_blank\" rel=\"naopener noopener noreferrer\">Pathological changes are associated with shifts in the employment<br \/>\nof synonymous codons at the transcriptome level<\/a><\/p>\n<div style=\"margin-top: -1em; font-family: din-regularalternate; font-size: 12pt;\">BMC Genomics,\u00a02019 Jul 9;20(1):566. doi: 10.1186\/s12864-019-5921-9<\/div>\n<\/div>\n<\/div>\n<hr style=\"margin-left: -20%; align-right; width: 65%; border: 0; height: 1px; background-image: linear-gradient(90deg, rgba(239,239,239,1) 0%, rgba(168,168,168,1) 38%, rgba(50,50,50,1) 88%);\"\/>\n&nbsp;<br \/>\n&nbsp;<br \/>\n&nbsp;<\/p>\n<div style=\"margin-left: 5em; text-align: left; line-height: 1.2em; font-family: dinalternate-italic; font-size: 12pt;\">6. Freer R, Sormanni P, Ciryam P, Rammner B, Rizzoli SO, Dobson CM, Vendruscolo M.<\/p>\n<div style=\"line-height: 22pt; font-family: dinalternate-bold; font-size: 18pt;\"><a href=\"https:\/\/www.ncbi.nlm.nih.gov\/pubmed\/31768427\" target=\"_blank\" rel=\"naopener noopener noreferrer\">Supersaturated proteins are enriched az synapses and underlie<br \/>\ncell and tissue vulnerability in Alzheimer&#8217;s disease<\/a><\/p>\n<div style=\"margin-top: -1em; font-family: din-regularalternate; font-size: 12pt;\">Heliyon. 2019 Nov 19;5(11):e02589. doi: 10.1016\/j.heliyon.2019.e02589. eCollection 2019 Nov.<\/div>\n<\/div>\n<\/div>\n<hr style=\"margin-left: -20%; align-right; width: 65%; border: 0; height: 1px; background-image: linear-gradient(90deg, rgba(239,239,239,1) 0%, rgba(168,168,168,1) 38%, rgba(50,50,50,1) 88%);\"\/>\n&nbsp;<br \/>\n&nbsp;<br \/>\n&nbsp;<\/p>\n<div style=\"margin-left: 5em; text-align: left; line-height: 1.2em; font-family: dinalternate-italic; font-size: 12pt;\">7. Gomes de Castro MA, Wildhagen H, Sograte-Idrissi S, Hitzing C, Binder M,<br \/>\nTrepel M, Engels N, Opazo F.<\/p>\n<div style=\"line-height: 22pt; font-family: dinalternate-bold; font-size: 18pt;\"><a href=\"https:\/\/www.ncbi.nlm.nih.gov\/pubmed\/30778055\" target=\"_blank\" rel=\"naopener noopener noreferrer\">Differential organization of tonic and chronic B cell antigen<br \/>\nreceptors in the plasma membrane<\/a><\/p>\n<div style=\"margin-top: -1em; font-family: din-regularalternate; font-size: 12pt;\">Nat Commun. 2019 Feb 18;10(1):820. doi: 10.1038\/s41467-019-08677-1<\/div>\n<\/div>\n<\/div>\n<hr style=\"margin-left: -20%; align-right; width: 65%; border: 0; height: 1px; background-image: linear-gradient(90deg, rgba(239,239,239,1) 0%, rgba(168,168,168,1) 38%, rgba(50,50,50,1) 88%);\"\/>\n&nbsp;<br \/>\n&nbsp;<br \/>\n&nbsp;<\/p>\n<div style=\"margin-left: 5em; text-align: left; line-height: 1.2em; font-family: dinalternate-italic; font-size: 12pt;\">8. G\u00f6tzke H, Kilisch M, Martinez-Carranza M, Sograte-Idrissi S, Rajavel A,<br \/>\nSchlichthaerle T, Engels N, Jungmann R, Stenmark P, Opazo F, Frey S.<\/p>\n<div style=\"line-height: 22pt; font-family: dinalternate-bold; font-size: 18pt;\"><a href=\"https:\/\/www.ncbi.nlm.nih.gov\/pubmed\/31562305\" target=\"_blank\" rel=\"naopener noopener noreferrer\">The ALFA-tag is a highly versatile tool for<br \/>\nnanobody-based bioscience applications<\/a><\/p>\n<div style=\"margin-top: -1em; font-family: din-regularalternate; font-size: 12pt;\">Nat Commun. 2019 Sep 27;10(1):4403. doi: 10.1038\/s41467-019-12301-7<\/div>\n<\/div>\n<\/div>\n<hr style=\"margin-left: -20%; align-right; width: 65%; border: 0; height: 1px; background-image: linear-gradient(90deg, rgba(239,239,239,1) 0%, rgba(168,168,168,1) 38%, rgba(50,50,50,1) 88%);\"\/>\n&nbsp;<br \/>\n&nbsp;<br \/>\n&nbsp;<\/p>\n<div style=\"margin-left: 5em; text-align: left; line-height: 1.2em; font-family: dinalternate-italic; font-size: 12pt;\">9. Kabatas S, Ag\u00fc\u00ed Gonz\u00e1lez P, Hinrichs R, J\u00e4hne S, Opazo F, Diederichsen U, Rizzoli SO, Phan NTN.<\/p>\n<div style=\"line-height: 22pt; font-family: dinalternate-bold; font-size: 18pt;\"><a href=\"https:\/\/pubs.rsc.org\/en\/content\/articlelanding\/2019\/ja\/c9ja00117d#!divAbstract\" target=\"_blank\" rel=\"naopener noopener noreferrer\">Fluorinated nanobodies for targeted molecular imaging of<br \/>\nbiological samples using nanoscale secondary ion mass spectrometry<\/a><\/p>\n<div style=\"margin-top: -1em; font-family: din-regularalternate; font-size: 12pt;\">J Anal At Spectrom, doi: 10.1039\/C9JA00117D (2019)<\/div>\n<\/div>\n<\/div>\n<hr style=\"margin-left: -20%; align-right; width: 65%; border: 0; height: 1px; background-image: linear-gradient(90deg, rgba(239,239,239,1) 0%, rgba(168,168,168,1) 38%, rgba(50,50,50,1) 88%);\"\/>\n&nbsp;<br \/>\n&nbsp;<br \/>\n&nbsp;<\/p>\n<div style=\"margin-left: 5em; text-align: left; line-height: 1.2em; font-family: dinalternate-italic; font-size: 12pt;\">10. Kabatas S, Ag\u00fc\u00ed Gonz\u00e1lez P, Saal KA, J\u00e4hne S, Opazo F, Rizzoli SO, Phan NTN.<\/p>\n<div style=\"line-height: 22pt; font-family: dinalternate-bold; font-size: 18pt;\"><a href=\"https:\/\/www.ncbi.nlm.nih.gov\/pubmed\/?term=Boron-Containing+Probes+for+Non-Optical+High-Resolution+Imaging+of+Biological+Samples\" target=\"_blank\" rel=\"naopener noopener noreferrer\">Boron-Containing Probes for Non-Optical High-Resolution Imaging<br \/>\nof Biological Samples<\/a><\/p>\n<div style=\"margin-top: -1em; font-family: din-regularalternate; font-size: 12pt;\">Angew Chem Int Ed Engl. 2019 Mar 11;58(11):3438-3443. doi: 10.1002\/anie.201812032. Epub 2019 Feb 6.<\/div>\n<\/div>\n<\/div>\n<hr style=\"margin-left: -20%; align-right; width: 65%; border: 0; height: 1px; background-image: linear-gradient(90deg, rgba(239,239,239,1) 0%, rgba(168,168,168,1) 38%, rgba(50,50,50,1) 88%);\"\/>\n&nbsp;<br \/>\n&nbsp;<br \/>\n&nbsp;<\/p>\n<div style=\"margin-left: 5em; text-align: left; line-height: 1.2em; font-family: dinalternate-italic; font-size: 12pt;\">11. Keihani S, Kluever V, Mandad S, Bansal V, Rahman R, Fritsch E, Gomes LC, G\u00e4rtner A,<br \/>\nK\u00fcgler S, Urlaub H, Wren JD, Bonn S, Rizzoli SO, Fornasiero EF.<\/p>\n<div style=\"line-height: 22pt; font-family: dinalternate-bold; font-size: 18pt;\"><a href=\"https:\/\/www.ncbi.nlm.nih.gov\/pubmed\/31897430\" target=\"_blank\" rel=\"naopener noopener noreferrer\">The long noncoding RNA <em>neuroLNC<\/em> regulates presynaptic activity<br \/>\nby interacting with the neurodegeneration-associated protein TDP-43<\/a><\/p>\n<div style=\"margin-top: -1em; font-family: din-regularalternate; font-size: 12pt;\">Sci Adv. 2019 Dec 18;5(12):eaay2670. doi: 10.1126\/sciadv.aay2670. eCollection 2019 Dec.<\/div>\n<\/div>\n<\/div>\n<hr style=\"margin-left: -20%; align-right; width: 65%; border: 0; height: 1px; background-image: linear-gradient(90deg, rgba(239,239,239,1) 0%, rgba(168,168,168,1) 38%, rgba(50,50,50,1) 88%);\"\/>\n&nbsp;<br \/>\n&nbsp;<br \/>\n&nbsp;<\/p>\n<div style=\"margin-left: 5em; text-align: left; line-height: 1.2em; font-family: dinalternate-italic; font-size: 12pt;\">12. Maidorn M, Olichon A, Rizzoli SO, Opazo F.<\/p>\n<div style=\"line-height: 22pt; font-family: dinalternate-bold; font-size: 18pt;\"><a href=\"https:\/\/www.ncbi.nlm.nih.gov\/pubmed\/30466346\" target=\"_blank\" rel=\"noopener noreferrer\">Nanobodies reveal an extra-synaptic population of SNAP-25<br \/>\nand Syntaxin 1A in hippocampal neurons<\/a><\/p>\n<div style=\"margin-top: -1em; font-family: din-regularalternate; font-size: 12pt;\">MAbs. 2019 Feb\/Mar;11(2):305-321. doi: 10.1080\/19420862.2018.1551675. Epub 2018 Dec 28.<\/div>\n<\/div>\n<\/div>\n<hr style=\"margin-left: -20%; align-right; width: 65%; border: 0; height: 1px; background-image: linear-gradient(90deg, rgba(239,239,239,1) 0%, rgba(168,168,168,1) 38%, rgba(50,50,50,1) 88%);\"\/>\n&nbsp;<br \/>\n&nbsp;<br \/>\n&nbsp;<\/p>\n<div style=\"margin-left: 5em; text-align: left; line-height: 1.2em; font-family: dinalternate-italic; font-size: 12pt;\">13. Mann FA, Lv Z, Gro\u00dfhans J, Opazo F, Kruss S.<\/p>\n<div style=\"line-height: 22pt; font-family: dinalternate-bold; font-size: 18pt;\"><a href=\"https:\/\/www.ncbi.nlm.nih.gov\/pubmed\/?term=Nanobody-Conjugated+Nanotubes+for+Targeted+Near-Infrared+In+Vivo+Imaging+and+Sensing\" target=\"_blank\" rel=\"noopener noreferrer\">Nanobody-Conjugated Nanotubes for Targeted Near-Infrared<br \/>\nIn Vivo Imaging and Sensing<\/a><\/p>\n<div style=\"margin-top: -1em; font-family: din-regularalternate; font-size: 12pt;\">Angew Chem Int Ed Engl. 2019 Aug 12;58(33):11469-11473. doi: 10.1002\/anie.201904167. Epub 2019 Jul 8.<\/div>\n<\/div>\n<\/div>\n<hr style=\"margin-left: -20%; align-right; width: 65%; border: 0; height: 1px; background-image: linear-gradient(90deg, rgba(239,239,239,1) 0%, rgba(168,168,168,1) 38%, rgba(50,50,50,1) 88%);\"\/>\n&nbsp;<br \/>\n&nbsp;<br \/>\n&nbsp;<\/p>\n<div style=\"margin-left: 5em; text-align: left; line-height: 1.2em; font-family: dinalternate-italic; font-size: 12pt;\">14. Mironov SL.<\/p>\n<div style=\"line-height: 22pt; font-family: dinalternate-bold; font-size: 18pt;\"><a href=\"https:\/\/www.ncbi.nlm.nih.gov\/pubmed\/?term=Rethinking+calcium+profiles+around+single+channels%3A+the+exponential+and+periodic+calcium+nanodomains\" target=\"_blank\" rel=\"noopener noreferrer\">Rethinking calcium profiles around single channels:<br \/>\nthe exponential and periodic calcium nanodomains<\/a><\/p>\n<div style=\"margin-top: -1em; font-family: din-regularalternate; font-size: 12pt;\">Sci Rep. 2019 Nov 20;9(1):17196. doi: 10.1038\/s41598-019-53095-4<\/div>\n<\/div>\n<\/div>\n<hr style=\"margin-left: -20%; align-right; width: 65%; border: 0; height: 1px; background-image: linear-gradient(90deg, rgba(239,239,239,1) 0%, rgba(168,168,168,1) 38%, rgba(50,50,50,1) 88%);\"\/>\n&nbsp;<br \/>\n&nbsp;<br \/>\n&nbsp;<\/p>\n<div style=\"margin-left: 5em; text-align: left; line-height: 1.2em; font-family: dinalternate-italic; font-size: 12pt;\">15. M\u00fcller M.<\/p>\n<div style=\"line-height: 22pt; font-family: dinalternate-bold; font-size: 18pt;\"><a href=\"https:\/\/www.ncbi.nlm.nih.gov\/pubmed\/?term=Disturbed+redox+homeostasis+and+oxidative+stress%3A+Potential+players+in+the+developmental+regression+in+Rett+syndrome\" target=\"_blank\" rel=\"noopener noreferrer\">Disturbed redox homeostasis and oxidative stress:<br \/>\nPotential players in the developmental regression in Rett syndrome<\/a><\/p>\n<div style=\"margin-top: -1em; font-family: din-regularalternate; font-size: 12pt;\">Neurosci Biobehav Rev. 2019 Mar;98:154-163. doi: 10.1016\/j.neubiorev.2018.12.009. Epub 2019 Jan 9.<\/div>\n<\/div>\n<\/div>\n<hr style=\"margin-left: -20%; align-right; width: 65%; border: 0; height: 1px; background-image: linear-gradient(90deg, rgba(239,239,239,1) 0%, rgba(168,168,168,1) 38%, rgba(50,50,50,1) 88%);\"\/>\n&nbsp;<br \/>\n&nbsp;<br \/>\n&nbsp;<\/p>\n<div style=\"margin-left: 5em; text-align: left; line-height: 1.2em; font-family: dinalternate-italic; font-size: 12pt;\">16. Oomen PE, Aref MA, Kaya I, Phan NTN, Ewing AG.<\/p>\n<div style=\"line-height: 22pt; font-family: dinalternate-bold; font-size: 18pt;\"><a href=\"https:\/\/www.ncbi.nlm.nih.gov\/pubmed\/30362708\" target=\"_blank\" rel=\"noopener noreferrer\">Chemical Analysis of Single Cells<\/a><\/p>\n<div style=\"margin-top: -1em; font-family: din-regularalternate; font-size: 12pt;\">Anal Chem. 2019 Jan 2;91(1):588-621. doi: 10.1021\/acs.analchem.8b04732. Epub 2018 Dec 12<\/div>\n<\/div>\n<\/div>\n<hr style=\"margin-left: -20%; align-right; width: 65%; border: 0; height: 1px; background-image: linear-gradient(90deg, rgba(239,239,239,1) 0%, rgba(168,168,168,1) 38%, rgba(50,50,50,1) 88%);\"\/>\n&nbsp;<br \/>\n&nbsp;<br \/>\n&nbsp;<\/p>\n<div style=\"margin-left: 5em; text-align: left; line-height: 1.2em; font-family: dinalternate-italic; font-size: 12pt;\">17. Reshetniak S, Rizzoli SO.<\/p>\n<div style=\"line-height: 22pt; font-family: dinalternate-bold; font-size: 18pt;\"><a href=\"https:\/\/www.ncbi.nlm.nih.gov\/pmc\/articles\/PMC6716447\/\" target=\"_blank\" rel=\"noopener noreferrer\">Interrogating Synaptic Architecture: Approaches for Labeling Organelles<br \/>\nand Cytoskeleton Components<\/a><\/p>\n<div style=\"margin-top: -1em; font-family: din-regularalternate; font-size: 12pt;\">Front Synaptic Neurosci. 2019; 11: 23. Published online 2019 Aug 23. doi: 10.3389\/fnsyn.2019.00023<\/div>\n<\/div>\n<\/div>\n<hr style=\"margin-left: -20%; align-right; width: 65%; border: 0; height: 1px; background-image: linear-gradient(90deg, rgba(239,239,239,1) 0%, rgba(168,168,168,1) 38%, rgba(50,50,50,1) 88%);\"\/>\n&nbsp;<br \/>\n&nbsp;<br \/>\n&nbsp;<\/p>\n<div style=\"margin-left: 5em; text-align: left; line-height: 1.2em; font-family: dinalternate-italic; font-size: 12pt;\">18. Richter KN, Patzelt C, Phan NTN, Rizzoli SO.<\/p>\n<div style=\"line-height: 22pt; font-family: dinalternate-bold; font-size: 18pt;\"><a href=\"https:\/\/www.ncbi.nlm.nih.gov\/pubmed\/31239503\" target=\"_blank\" rel=\"noopener noreferrer\">Antibody-driven capture of synaptic vesicle proteins on the plasma membrane<br \/>\nenables the analysis of their interactions with other synaptic proteins<\/a><\/p>\n<div style=\"margin-top: -1em; font-family: din-regularalternate; font-size: 12pt;\">Sci Rep. 2019 Jun 25;9(1):9231. doi: 10.1038\/s41598-019-45729-4<\/div>\n<\/div>\n<\/div>\n<hr style=\"margin-left: -20%; align-right; width: 65%; border: 0; height: 1px; background-image: linear-gradient(90deg, rgba(239,239,239,1) 0%, rgba(168,168,168,1) 38%, rgba(50,50,50,1) 88%);\"\/>\n&nbsp;<br \/>\n&nbsp;<br \/>\n&nbsp;<\/p>\n<div style=\"margin-left: 5em; text-align: left; line-height: 1.2em; font-family: dinalternate-italic; font-size: 12pt;\">19. Seitz KJ, Rizzoli SO.<\/p>\n<div style=\"line-height: 22pt; font-family: dinalternate-bold; font-size: 18pt;\"><a href=\"https:\/\/www.ncbi.nlm.nih.gov\/pubmed\/31123313\" target=\"_blank\" rel=\"noopener noreferrer\">GFP nanobodies reveal recently-exocytosed pHluorin molecules<\/a><\/p>\n<div style=\"margin-top: -1em; font-family: din-regularalternate; font-size: 12pt;\">Sci Rep. 2019 May 23;9(1):7773. doi: 10.1038\/s41598-019-44262-8<\/div>\n<\/div>\n<\/div>\n<hr style=\"margin-left: -20%; align-right; width: 65%; border: 0; height: 1px; background-image: linear-gradient(90deg, rgba(239,239,239,1) 0%, rgba(168,168,168,1) 38%, rgba(50,50,50,1) 88%);\"\/>\n&nbsp;<br \/>\n&nbsp;<br \/>\n&nbsp;<\/p>\n<div style=\"margin-left: 5em; text-align: left; line-height: 1.2em; font-family: dinalternate-italic; font-size: 12pt;\">20. Sograte-Idrissi S, Oleksijevets N, Isbaner S, Eggert-Martinez M, Enderlein J, Tsukanov R, Opazo F.<\/p>\n<div style=\"line-height: 22pt; font-family: dinalternate-bold; font-size: 18pt;\"><a href=\"https:\/\/www.ncbi.nlm.nih.gov\/pubmed\/30646582\" target=\"_blank\" rel=\"naopener noopener noreferrer\">Nanobody Detection of Standard Fluorescent Proteins Enables Multi-Target DNA-PAINT with High Resolution and Minimal Displacement Errors<\/a><\/p>\n<div style=\"margin-top: -1em; font-family: din-regularalternate; font-size: 12pt;\">Cells. 2019 Jan 14;8(1). pii: E48. doi: 10.3390\/cells8010048<\/div>\n<\/div>\n<\/div>\n<hr style=\"margin-left: -20%; align-right; width: 65%; border: 0; height: 1px; background-image: linear-gradient(90deg, rgba(239,239,239,1) 0%, rgba(168,168,168,1) 38%, rgba(50,50,50,1) 88%);\"\/>\n&nbsp;<br \/>\n&nbsp;<br \/>\n&nbsp;<\/p>\n<div style=\"margin-left: 5em; text-align: left; line-height: 1.2em; font-family: dinalternate-italic; font-size: 12pt;\">21. Szeg\u0151 \u00c9M, Dominguez-Meijide A, Gerhardt E, K\u00f6nig A, Koss DJ, Li W, Pinho R, Fahlbusch C, Johnson M,<br \/>\nSantos P, Villar-Piqu\u00e9 A, Thom T, Rizzoli S, Schmitz M, Li J, Zerr I, Attems J, Jahn O, Outeiro TF.<\/p>\n<div style=\"line-height: 22pt; font-family: dinalternate-bold; font-size: 18pt;\"><a href=\"https:\/\/www.ncbi.nlm.nih.gov\/pubmed\/?term=Cytosolic+Trapping+of+a+Mitochondrial+Heat+Shock+Protein+Is+an+Early+Pathological+Event+in+Synucleinopathies\" target=\"_blank\" rel=\"naopener noopener noreferrer\">Cytosolic Trapping of a Mitochondrial Heat Shock Protein Is an<br \/>\nEarly Pathological Event in Synucleinopathies<\/a><\/p>\n<div style=\"margin-top: -1em; font-family: din-regularalternate; font-size: 12pt;\">Cell Rep. 2019 Jul 2;28(1):65-77.e6. doi: 10.1016\/j.celrep.2019.06.009<\/div>\n<\/div>\n<\/div>\n<hr style=\"margin-left: -20%; align-right; width: 65%; border: 0; height: 1px; background-image: linear-gradient(90deg, rgba(239,239,239,1) 0%, rgba(168,168,168,1) 38%, rgba(50,50,50,1) 88%);\"\/>\n&nbsp;<br \/>\n&nbsp;<br \/>\n&nbsp;<\/p>\n<div style=\"margin-left: 5em; text-align: left; line-height: 1.2em; font-family: dinalternate-italic; font-size: 12pt;\">22. Truckenbrodt S, Sommer C, Rizzoli SO, Danzl JG.<\/p>\n<div style=\"line-height: 22pt; font-family: dinalternate-bold; font-size: 18pt;\"><a href=\"https:\/\/www.ncbi.nlm.nih.gov\/pubmed\/30778205\" target=\"_blank\" rel=\"naopener noopener noreferrer\">A practical guide to optimization in X10 expansion microscopy<\/a><\/p>\n<div style=\"margin-top: -1em; font-family: din-regularalternate; font-size: 12pt;\">Nat Protoc. 2019 Mar;14(3):832-863. doi: 10.1038\/s41596-018-0117-3<\/div>\n<\/div>\n<\/div>\n<hr style=\"margin-left: -20%; align-right; width: 65%; border: 0; height: 1px; background-image: linear-gradient(90deg, rgba(239,239,239,1) 0%, rgba(168,168,168,1) 38%, rgba(50,50,50,1) 88%);\"\/>\n&nbsp;<br \/>\n&nbsp;<br \/>\n&nbsp;<\/p>\n<div style=\"margin-left: 5em; text-align: left; line-height: 1.2em; font-family: dinalternate-italic; font-size: 12pt;\">23. Zhang D, Bedogni F, Boterberg S, Camfield C, Camfield P, Charman T, Curfs L, Einspieler C, Esposito G,<br \/>\nDe Filippis B, Goin-Kochel RP, H\u00f6glinger GU, Holzinger D, Iosif AM, Lancioni GE, Landsberger N, Laviola G,<br \/>\nMarco EM, M\u00fcller M, Neul JL, Nielsen-Saines K, Nordahl-Hansen A, O&#8217;Reilly MF, Ozonoff S, Poustka L, Roeyers H, Rankovic M, Sigafoos J, Tammimies K, Townend GS, Zwaigenbaum L, Zweckstetter M, B\u00f6lte S, Marschik PB.<\/p>\n<div style=\"line-height: 22pt; font-family: dinalternate-bold; font-size: 18pt;\"><a href=\"https:\/\/www.ncbi.nlm.nih.gov\/pubmed\/31442516\" target=\"_blank\" rel=\"naopener noopener noreferrer\">Towards a consensus on developmental regression<\/a><\/p>\n<div style=\"margin-top: -1em; line-height: 1.2em; font-family: din-regularalternate; font-size: 12pt;\">Neurosci Biobehav Rev. 2019 Aug 20. pii: S0149-7634(19)30711-0. doi: 10.1016\/j.neubiorev.2019.08.014<br \/>\n[Epub 2019 Aug 20.]<\/div>\n<\/div>\n<\/div>\n<hr style=\"margin-left: -20%; align-right; width: 65%; border: 0; height: 1px; background-image: linear-gradient(90deg, rgba(239,239,239,1) 0%, rgba(168,168,168,1) 38%, rgba(50,50,50,1) 88%);\"\/>\n","protected":false},"excerpt":{"rendered":"<p>&nbsp; &nbsp; &nbsp; &nbsp; 1. Ag\u00fc\u00ed Gonz\u00e1lez P, J\u00e4hne S, Phan NTN. SIMS imaging in neuro- and cell biology J Anal At Spectrom, doi: 10.1039\/C9JA00118B (2019) &nbsp; &nbsp; &nbsp; 2. Alevra M, Mandad S, Ischebeck T, Urlaub H, Rizzoli SO, Fornasiero EF. A mass spectrometry workflow for measuring protein turnover rates in vivo Nat Protoc. &hellip; <\/p>\n<p class=\"link-more\"><a href=\"https:\/\/www.neuro-physiol.med.uni-goettingen.de\/wordpress\/publications\/2019-2\/\" class=\"more-link\"><span class=\"screen-reader-text\">\u201ePublications\u00a0\u00a02019\u201c <\/span>weiterlesen<\/a><\/p>\n","protected":false},"author":1,"featured_media":0,"parent":54,"menu_order":3,"comment_status":"closed","ping_status":"closed","template":"","meta":{"footnotes":""},"class_list":["post-3436","page","type-page","status-publish","hentry"],"_links":{"self":[{"href":"https:\/\/www.neuro-physiol.med.uni-goettingen.de\/wordpress\/wp-json\/wp\/v2\/pages\/3436","targetHints":{"allow":["GET"]}}],"collection":[{"href":"https:\/\/www.neuro-physiol.med.uni-goettingen.de\/wordpress\/wp-json\/wp\/v2\/pages"}],"about":[{"href":"https:\/\/www.neuro-physiol.med.uni-goettingen.de\/wordpress\/wp-json\/wp\/v2\/types\/page"}],"author":[{"embeddable":true,"href":"https:\/\/www.neuro-physiol.med.uni-goettingen.de\/wordpress\/wp-json\/wp\/v2\/users\/1"}],"replies":[{"embeddable":true,"href":"https:\/\/www.neuro-physiol.med.uni-goettingen.de\/wordpress\/wp-json\/wp\/v2\/comments?post=3436"}],"version-history":[{"count":0,"href":"https:\/\/www.neuro-physiol.med.uni-goettingen.de\/wordpress\/wp-json\/wp\/v2\/pages\/3436\/revisions"}],"up":[{"embeddable":true,"href":"https:\/\/www.neuro-physiol.med.uni-goettingen.de\/wordpress\/wp-json\/wp\/v2\/pages\/54"}],"wp:attachment":[{"href":"https:\/\/www.neuro-physiol.med.uni-goettingen.de\/wordpress\/wp-json\/wp\/v2\/media?parent=3436"}],"curies":[{"name":"wp","href":"https:\/\/api.w.org\/{rel}","templated":true}]}}