{"id":8525,"date":"2022-01-14T20:03:34","date_gmt":"2022-01-14T19:03:34","guid":{"rendered":"https:\/\/www.neuro-physiol.med.uni-goettingen.de\/wordpress\/?page_id=8525"},"modified":"2024-09-18T09:21:43","modified_gmt":"2024-09-18T07:21:43","slug":"publications-2022","status":"publish","type":"page","link":"https:\/\/www.neuro-physiol.med.uni-goettingen.de\/wordpress\/publications\/publications-2022\/","title":{"rendered":"Publications\u00a0\u00a02022"},"content":{"rendered":"<p><img loading=\"lazy\" decoding=\"async\" src=\"https:\/\/www.neuro-physiol.med.uni-goettingen.de\/wordpress\/wp-content\/uploads\/Publication-Regale3.png\" alt=\"\" width=\"1135\" height=\"200\" \/><br \/>\n&nbsp;<br \/>\n&nbsp;<br \/>\n&nbsp;<br \/>\n&nbsp;<\/p>\n<div style=\"margin-left: 5em; text-align: left; line-height: 1.2em; font-family: dinalternate-italic; font-size: 12pt;\">1. Andrew RD, Farkas E, Hartings JA, Brennan KC, Herreras O, M\u00fcller M, Kirov SA, Ayata C, Dawson\u2011Scully KD, Ollen\u2011Bittle N, Reiffurth C, Revah O, Robertson RM, Dawson-Scully KD, Ullah G, Dreier JP.<\/p>\n<div style=\"line-height: 22pt; font-family: dinalternate-bold; font-size: 18pt;\"><a href=\"https:\/\/pubmed.ncbi.nlm.nih.gov\/35194729\/\" target=\"_blank\" rel=\"noopener\">Questioning Glutamate Excitotoxicity in Acute Brain Damage:<br \/>\nThe Importance of Spreading Depolarization<\/a><\/p>\n<div style=\"margin-top: -1em; font-family: din-regularalternate; font-size: 12pt;\">Neurocrit Care. 2022 Jun;37(Suppl 1):11-30. doi: 10.1007\/s12028-021-01429-4. Epub 2022 Feb 22.<\/div>\n<\/div>\n<\/div>\n<hr style=\"margin-left: -20%; align-right; width: 65%; border: 0; height: 1px; background-image: linear-gradient(90deg, rgba(239,239,239,1) 0%, rgba(168,168,168,1) 38%, rgba(50,50,50,1) 88%);\"\/>\n&nbsp;<br \/>\n&nbsp;<br \/>\n&nbsp;<\/p>\n<div style=\"margin-left: 5em; text-align: left; line-height: 1.2em; font-family: dinalternate-italic; font-size: 12pt;\">2. Andrew RD, Hartings JA, Ayata C, Brennan KC, Dawson\u2011Scully KD, Farkas E, Herreras O, Kirov SA,<br \/>\nM\u00fcller M, Ollen\u2011Bittle N, Reiffurth C, Revah O, Robertson RM, Shuttleworth CW, Ullah G, Dreier JP.<\/p>\n<div style=\"line-height: 22pt; font-family: dinalternate-bold; font-size: 18pt;\"><a href=\"https:\/\/pubmed.ncbi.nlm.nih.gov\/35257321\/\" target=\"_blank\" rel=\"noopener\">The Critical Role of Spreading Depolarizations in Early Brain Injury:<br \/>\nConsensus and Contention<\/a><\/p>\n<div style=\"margin-top: -1em; font-family: din-regularalternate; font-size: 12pt;\">Neurocrit Care. 2022 Jun;37(Suppl 1):83-101.  doi: 10.1007\/s12028-021-01431-w. Epub 2022 Mar 7.<\/div>\n<\/div>\n<\/div>\n<hr style=\"margin-left: -20%; align-right; width: 65%; border: 0; height: 1px; background-image: linear-gradient(90deg, rgba(239,239,239,1) 0%, rgba(168,168,168,1) 38%, rgba(50,50,50,1) 88%);\"\/>\n&nbsp;<br \/>\n&nbsp;<br \/>\n&nbsp;<\/p>\n<div style=\"margin-left: 5em; text-align: left; line-height: 1.2em; font-family: dinalternate-italic; font-size: 12pt;\">3. Baroncelli L, Auel S, Rinne L, Schuster AK, Brand V, Kempkes B, Dietrich K, M\u00fcller M.<\/p>\n<div style=\"line-height: 22pt; font-family: dinalternate-bold; font-size: 18pt;\"><a href=\"https:\/\/pubmed.ncbi.nlm.nih.gov\/35883897\/\" target=\"_blank\" rel=\"noopener\">Oral Feeding of an Antioxidant Cocktail as a Therapeutic Strategy<br \/>\nin a Mouse Model of Rett Syndrome:<br \/>\nMerits and Limitations of Long-Term Treatment<\/a><\/p>\n<div style=\"margin-top: -1em; font-family: din-regularalternate; font-size: 12pt;\">Antioxidants (Basel). 2022 Jul 20;11(7):1406.  doi: 10.3390\/antiox11071406<\/div>\n<\/div>\n<\/div>\n<hr style=\"margin-left: -20%; align-right; width: 65%; border: 0; height: 1px; background-image: linear-gradient(90deg, rgba(239,239,239,1) 0%, rgba(168,168,168,1) 38%, rgba(50,50,50,1) 88%);\"\/>\n&nbsp;<br \/>\n&nbsp;<br \/>\n&nbsp;<\/p>\n<div style=\"margin-left: 5em; text-align: left; line-height: 1.2em; font-family: dinalternate-italic; font-size: 12pt;\">4. Brodin L, Milovanovic D, Rizzoli SO, Shupliakov O.<\/p>\n<div style=\"line-height: 22pt; font-family: dinalternate-bold; font-size: 18pt;\"><a href=\"https:\/\/pubmed.ncbi.nlm.nih.gov\/35664678\/\" target=\"_blank\" rel=\"noopener\">\u03b1-Synuclein in the Synaptic Vesicle Liquid Phase:<br \/>\nActive Player or Passive Bystander?<\/a><\/p>\n<div style=\"margin-top: -1em; font-family: din-regularalternate; font-size: 12pt;\">Front Mol Biosci. 2022 May 18;9:891508.  doi: 10.3389\/fmolb.2022.891508. eCollection 2022.<\/div>\n<\/div>\n<\/div>\n<hr style=\"margin-left: -20%; align-right; width: 65%; border: 0; height: 1px; background-image: linear-gradient(90deg, rgba(239,239,239,1) 0%, rgba(168,168,168,1) 38%, rgba(50,50,50,1) 88%);\"\/>\n&nbsp;<br \/>\n&nbsp;<br \/>\n&nbsp;<\/p>\n<div style=\"margin-left: 5em; text-align: left; line-height: 1.2em; font-family: dinalternate-italic; font-size: 12pt;\">5. Chakrabarti R, Tob\u00f3n LMJ, Slitin L, Redondo-Canales M, Hoch G, Slashcheva M, Fritsch E,<br \/>\nBodensiek K, \u00d6z\u00e7ete \u00d6D, G\u00fcltas M, Michanski S, Opazo F, Neef J, Pangrsic T, Moser T, Wichmann W.<\/p>\n<div style=\"line-height: 22pt; font-family: dinalternate-bold; font-size: 18pt;\"><a href=\"https:\/\/pubmed.ncbi.nlm.nih.gov\/36562477\/\" target=\"_blank\" rel=\"noopener\">Optogenetics and electron tomography for structure-function analysis<br \/>\nof cochlear ribbon synapses<\/a><\/p>\n<div style=\"margin-top: -1em; font-family: din-regularalternate; font-size: 12pt;\">Elife. 2022 Dec 23;11:e79494.  doi: 10.7554\/eLife.79494.  Online ahead of print.<\/div>\n<\/div>\n<\/div>\n<hr style=\"margin-left: -20%; align-right; width: 65%; border: 0; height: 1px; background-image: linear-gradient(90deg, rgba(239,239,239,1) 0%, rgba(168,168,168,1) 38%, rgba(50,50,50,1) 88%);\"\/>\n&nbsp;<br \/>\n&nbsp;<br \/>\n&nbsp;<\/p>\n<div style=\"margin-left: 5em; text-align: left; line-height: 1.2em; font-family: dinalternate-italic; font-size: 12pt;\">6. Dankovich TM, Rizzoli SO.<\/p>\n<div style=\"line-height: 22pt; font-family: dinalternate-bold; font-size: 18pt;\"><a href=\"https:\/\/pubmed.ncbi.nlm.nih.gov\/35431813\/\" target=\"_blank\" rel=\"noopener\">Extracellular Matrix Recycling as a Novel Plasticity Mechanism<br \/>\nWith a Potential Role in Disease<\/a><\/p>\n<div style=\"margin-top: -1em; font-family: din-regularalternate; font-size: 12pt;\">Front Cell Neurosci. 2022 Mar 31;16:854897.  doi: 10.3389\/fncel.2022.854897. eCollection 2022.<\/div>\n<\/div>\n<\/div>\n<hr style=\"margin-left: -20%; align-right; width: 65%; border: 0; height: 1px; background-image: linear-gradient(90deg, rgba(239,239,239,1) 0%, rgba(168,168,168,1) 38%, rgba(50,50,50,1) 88%);\"\/>\n&nbsp;<br \/>\n&nbsp;<br \/>\n&nbsp;<\/p>\n<div style=\"margin-left: 5em; text-align: left; line-height: 1.2em; font-family: dinalternate-italic; font-size: 12pt;\">7. Dankovich TM, Rizzoli SO.<\/p>\n<div style=\"line-height: 22pt; font-family: dinalternate-bold; font-size: 18pt;\"><a href=\"https:\/\/pubmed.ncbi.nlm.nih.gov\/35350469\/\" target=\"_blank\" rel=\"noopener\">The Synaptic Extracellular Matrix:<br \/>\nLong-Lived, Stable, and Still Remarkably Dynamic<\/a><\/p>\n<div style=\"margin-top: -1em; font-family: din-regularalternate; font-size: 12pt;\">Front Synaptic Neurosci. 2022 Mar 8;14:854956.  doi: 10.3389\/fnsyn.2022.854956. eCollection 2022.<\/div>\n<\/div>\n<\/div>\n<hr style=\"margin-left: -20%; align-right; width: 65%; border: 0; height: 1px; background-image: linear-gradient(90deg, rgba(239,239,239,1) 0%, rgba(168,168,168,1) 38%, rgba(50,50,50,1) 88%);\"\/>\n&nbsp;<br \/>\n&nbsp;<br \/>\n&nbsp;<\/p>\n<div style=\"margin-left: 5em; text-align: left; line-height: 1.2em; font-family: dinalternate-italic; font-size: 12pt;\">8. Ding Y, Korchak S, Mamone S, Jagtap AP, Stevanato G, Sternkopf S, Moll D, Schroeder H,<br \/>\nBecker S, Fischer A, Gerhardt E, Outeiro TF, Opazo F, Griesinger C, Gl\u00f6ggler S.<\/p>\n<div style=\"line-height: 22pt; font-family: dinalternate-bold; font-size: 18pt;\"><a href=\"https:\/\/chemistry-europe.onlinelibrary.wiley.com\/doi\/10.1002\/cmtd.202200023\" target=\"_blank\" rel=\"noopener\">Rapidly Signal-enhanced Metabolites for Atomic Scale Monitoring<br \/>\nof Living Cells with Magnetic Resonance<\/a><\/p>\n<div style=\"margin-top: -1em; font-family: din-regularalternate; font-size: 12pt;\">Chem Methods 2022 Apr 07. doi: 10.1002\/cmtd.202200023<\/div>\n<\/div>\n<\/div>\n<hr style=\"margin-left: -20%; align-right; width: 65%; border: 0; height: 1px; background-image: linear-gradient(90deg, rgba(239,239,239,1) 0%, rgba(168,168,168,1) 38%, rgba(50,50,50,1) 88%);\"\/>\n&nbsp;<br \/>\n&nbsp;<br \/>\n&nbsp;<\/p>\n<div style=\"margin-left: 5em; text-align: left; line-height: 1.2em; font-family: dinalternate-italic; font-size: 12pt;\">9. Fornasiero EF, Savas JN.<\/p>\n<div style=\"line-height: 22pt; font-family: dinalternate-bold; font-size: 18pt;\"><a href=\"https:\/\/pubmed.ncbi.nlm.nih.gov\/36163144\/\" target=\"_blank\" rel=\"noopener\">Determining and interpreting protein lifetimes in mammalian tissues<\/a><\/p>\n<div style=\"margin-top: -1em; font-family: din-regularalternate; font-size: 12pt;\">Trends Biochem Sci. 2022 Sep 23;S0968-0004(22)00236-5. doi: 10.1016\/j.tibs.2022.08.011. Epub 2022 Sep 23.<\/div>\n<\/div>\n<\/div>\n<hr style=\"margin-left: -20%; align-right; width: 65%; border: 0; height: 1px; background-image: linear-gradient(90deg, rgba(239,239,239,1) 0%, rgba(168,168,168,1) 38%, rgba(50,50,50,1) 88%);\"\/>\n&nbsp;<br \/>\n&nbsp;<br \/>\n&nbsp;<\/p>\n<div style=\"margin-left: 5em; text-align: left; line-height: 1.2em; font-family: dinalternate-italic; font-size: 12pt;\">10. Iannielli A, Luoni M, Giannelli SG, Ferese R, Ordazzo G, Fossati M, Raimondi A, Opazo F, Corti O,<br \/>\nPrehn HMJ, Gambardella S, Melki R, Broccoli V.<\/p>\n<div style=\"line-height: 22pt; font-family: dinalternate-bold; font-size: 18pt;\"><a href=\"https:\/\/pubmed.ncbi.nlm.nih.gov\/36261424\/\" target=\"_blank\" rel=\"noopener\">Modeling native and seeded Synuclein aggregation and related cellular dysfunctions in dopaminergic neurons derived by a new set of isogenic<br \/>\niPSC lines with SNCA multiplications<\/a><\/p>\n<div style=\"margin-top: -1em; font-family: din-regularalternate; font-size: 12pt;\">Cell Death Dis. 2022 Oct 19;13(10):881.  doi: 10.1038\/s41419-022-05330-6<\/div>\n<\/div>\n<\/div>\n<hr style=\"margin-left: -20%; align-right; width: 65%; border: 0; height: 1px; background-image: linear-gradient(90deg, rgba(239,239,239,1) 0%, rgba(168,168,168,1) 38%, rgba(50,50,50,1) 88%);\"\/>\n&nbsp;<br \/>\n&nbsp;<br \/>\n&nbsp;<\/p>\n<div style=\"margin-left: 5em; text-align: left; line-height: 1.2em; font-family: dinalternate-italic; font-size: 12pt;\">11. Kabatas Glowacki S, Ag\u00fci-Gonzalez P, Sograte-Idrissi S, J\u00e4hne S, Opazo F, Phan NTN, Rizzoli SO.<\/p>\n<div style=\"line-height: 22pt; font-family: dinalternate-bold; font-size: 18pt;\"><a href=\"https:\/\/pubs.rsc.org\/en\/content\/articlelanding\/2022\/cc\/d2cc02290g\" target=\"_blank\" rel=\"noopener\">An iodine-containing probe as a tool for molecular detection<br \/>\nin secondary ion mass spectrometry<\/a><\/p>\n<div style=\"margin-top: -1em; font-family: din-regularalternate; font-size: 12pt;\">Chem Commun (Camb). 2022 Jul 5;58(54):7558-7561. doi: 10.1039\/d2cc02290g<\/div>\n<\/div>\n<\/div>\n<hr style=\"margin-left: -20%; align-right; width: 65%; border: 0; height: 1px; background-image: linear-gradient(90deg, rgba(239,239,239,1) 0%, rgba(168,168,168,1) 38%, rgba(50,50,50,1) 88%);\"\/>\n&nbsp;<br \/>\n&nbsp;<br \/>\n&nbsp;<\/p>\n<div style=\"margin-left: 5em; text-align: left; line-height: 1.2em; font-family: dinalternate-italic; font-size: 12pt;\">12. Katsenelson M, Shapira I, Abbas E, Jevdokimenko K, Styr B, Ruggiero A, A\u00efd S, Fornasiero EF,<br \/>\nHolzenberger M, Rizzoli SO, Slutsky I.<\/p>\n<div style=\"line-height: 22pt; font-family: dinalternate-bold; font-size: 18pt;\"><a href=\"https:\/\/pubmed.ncbi.nlm.nih.gov\/35943986\/\" target=\"_blank\" rel=\"noopener\">IGF-1 receptor regulates upward firing rate homeostasis<br \/>\nvia the mitochondrial calcium uniporter<\/a><\/p>\n<div style=\"margin-top: -1em; font-family: din-regularalternate; font-size: 12pt;\">Proc Natl Acad Sci USA. 2022 Aug 16;119(33):e2121040119. doi: 10.1073\/pnas.2121040119. Epub 2022 Aug 9.<\/div>\n<\/div>\n<\/div>\n<hr style=\"margin-left: -20%; align-right; width: 65%; border: 0; height: 1px; background-image: linear-gradient(90deg, rgba(239,239,239,1) 0%, rgba(168,168,168,1) 38%, rgba(50,50,50,1) 88%);\"\/>\n&nbsp;<br \/>\n&nbsp;<br \/>\n&nbsp;<\/p>\n<div style=\"margin-left: 5em; text-align: left; line-height: 1.2em; font-family: dinalternate-italic; font-size: 12pt;\">13. Kluever V, Russo B, Mandad S, Kumar NH, Alevra M, Ori A, Rizzoli SO, Urlaub H, Schneider A, Fornasiero EF.<\/p>\n<div style=\"line-height: 22pt; font-family: dinalternate-bold; font-size: 18pt;\"><a href=\"https:\/\/pubmed.ncbi.nlm.nih.gov\/35594347\/\" target=\"_blank\" rel=\"noopener\">Protein lifetimes in aged brains reveal a proteostatic adaptation linking<br \/>\nphysiological aging to neurodegeneration<\/a><\/p>\n<div style=\"margin-top: -1em; font-family: din-regularalternate; font-size: 12pt;\">Sci Adv. 2022 May 20;8(20):eabn4437. doi: 10.1126\/sciadv.abn4437. Epub 2022 May 20.<\/div>\n<\/div>\n<\/div>\n<hr style=\"margin-left: -20%; align-right; width: 65%; border: 0; height: 1px; background-image: linear-gradient(90deg, rgba(239,239,239,1) 0%, rgba(168,168,168,1) 38%, rgba(50,50,50,1) 88%);\"\/>\n&nbsp;<br \/>\n&nbsp;<br \/>\n&nbsp;<\/p>\n<div style=\"margin-left: 5em; text-align: left; line-height: 1.2em; font-family: dinalternate-italic; font-size: 12pt;\">14. Li F, Fornasiero EF, Dankovich TM, Kluever V, Rizzoli SO.<\/p>\n<div style=\"line-height: 22pt; font-family: dinalternate-bold; font-size: 18pt;\"><a href=\"https:\/\/pubmed.ncbi.nlm.nih.gov\/35563005\/\" target=\"_blank\" rel=\"noopener\">A Reliable Approach for Revealing Molecular Targets in Secondary<br \/>\nIon Mass Spectrometry<\/a><\/p>\n<div style=\"margin-top: -1em; font-family: din-regularalternate; font-size: 12pt;\">Int J Mol Sci. 2022 Apr 21;23(9):4615. doi: 10.3390\/ijms23094615<\/div>\n<\/div>\n<\/div>\n<hr style=\"margin-left: -20%; align-right; width: 65%; border: 0; height: 1px; background-image: linear-gradient(90deg, rgba(239,239,239,1) 0%, rgba(168,168,168,1) 38%, rgba(50,50,50,1) 88%);\"\/>\n&nbsp;<br \/>\n&nbsp;<br \/>\n&nbsp;<\/p>\n<div style=\"margin-left: 5em; text-align: left; line-height: 1.2em; font-family: dinalternate-italic; font-size: 12pt;\">15. Li W, Salovska B, Fornasiero EF, Liu Y.<\/p>\n<div style=\"line-height: 22pt; font-family: dinalternate-bold; font-size: 18pt;\"><a href=\"https:\/\/pubmed.ncbi.nlm.nih.gov\/36422574\/\" target=\"_blank\" rel=\"noopener\">Toward a hypothesis-free understanding of how phosphorylation<br \/>\ndynamically impacts protein turnover<\/a><\/p>\n<div style=\"margin-top: -1em; font-family: din-regularalternate; font-size: 12pt;\">Proteomics. 2022 Nov 24;e2100387. doi: 10.1002\/pmic.202100387. Online ahead of print.<\/div>\n<\/div>\n<\/div>\n<hr style=\"margin-left: -20%; align-right; width: 65%; border: 0; height: 1px; background-image: linear-gradient(90deg, rgba(239,239,239,1) 0%, rgba(168,168,168,1) 38%, rgba(50,50,50,1) 88%);\"\/>\n&nbsp;<br \/>\n&nbsp;<br \/>\n&nbsp;<\/p>\n<div style=\"margin-left: 5em; text-align: left; line-height: 1.2em; font-family: dinalternate-italic; font-size: 12pt;\">16. Meka DP, Kobler O, Hong S, Friedrich CM, Wuesthoff S, Henis M, Schwanke B, Krisp C,<br \/>\nSchmuelling N, Rueter R, Ruecker T, Betleja E, Cheng T, Mahjoub MR, Soba P, Schl\u00fcter H,<br \/>\nFornasiero EF, Calderon de Anda F.<\/p>\n<div style=\"line-height: 22pt; font-family: dinalternate-bold; font-size: 18pt;\"><a href=\"https:\/\/pubmed.ncbi.nlm.nih.gov\/35443171\/\" target=\"_blank\" rel=\"noopener\">Centrosome-dependent microtubule modifications<br \/>\nset the conditions for axon formation<\/a><\/p>\n<div style=\"margin-top: -1em; font-family: din-regularalternate; font-size: 12pt;\">Nat Commun. 2022 Mar 4;13(1):1163. doi: 10.1038\/s41467-022-28720-y<\/div>\n<\/div>\n<\/div>\n<hr style=\"margin-left: -20%; align-right; width: 65%; border: 0; height: 1px; background-image: linear-gradient(90deg, rgba(239,239,239,1) 0%, rgba(168,168,168,1) 38%, rgba(50,50,50,1) 88%);\"\/>\n&nbsp;<br \/>\n&nbsp;<br \/>\n&nbsp;<\/p>\n<div style=\"margin-left: 5em; text-align: left; line-height: 1.2em; font-family: dinalternate-italic; font-size: 12pt;\">17. Meschkat M, Steyer AM, Weil MT, Kusch K, Jahn O, Piepkorn L, Ag\u00fci-Gonzalez P, Phan NTN,<br \/>\nRuhwedel T, Sadowski B, Rizzoli SO, Werner HB, Ehrenreich H, Nave KA, M\u00f6bius W.<\/p>\n<div style=\"line-height: 22pt; font-family: dinalternate-bold; font-size: 18pt;\"><a href=\"https:\/\/pubmed.ncbi.nlm.nih.gov\/35246535\/\" target=\"_blank\" rel=\"noopener\">White matter integrity in mice requires continuous myelin synthesis<br \/>\nat the inner tongue<\/a><\/p>\n<div style=\"margin-top: -1em; font-family: din-regularalternate; font-size: 12pt;\">Cell Rep. 2022 Apr 19;39(3):110686. doi: 10.1016\/j.celrep.2022.110686<\/div>\n<\/div>\n<\/div>\n<hr style=\"margin-left: -20%; align-right; width: 65%; border: 0; height: 1px; background-image: linear-gradient(90deg, rgba(239,239,239,1) 0%, rgba(168,168,168,1) 38%, rgba(50,50,50,1) 88%);\"\/>\n&nbsp;<br \/>\n&nbsp;<br \/>\n&nbsp;<\/p>\n<div style=\"margin-left: 5em; text-align: left; line-height: 1.2em; font-family: dinalternate-italic; font-size: 12pt;\">18. Milovanovic D, Rizzoli SO.<\/p>\n<div style=\"line-height: 22pt; font-family: dinalternate-bold; font-size: 18pt;\"><a href=\"https:\/\/pubmed.ncbi.nlm.nih.gov\/35860657\/\" target=\"_blank\" rel=\"noopener\">Editorial: Protein Phase Separation and Aggregation in<br \/>\n(Patho)Physiology of Neurons<\/a><\/span><\/p>\n<div style=\"margin-top: -1em; font-family: din-regularalternate; font-size: 12pt;\">Front Physiol. 2022 Jul 4;13:959570. doi: 10.3389\/fphys.2022.959570. eCollection 2022.<\/div>\n<\/div>\n<\/div>\n<hr style=\"margin-left: -20%; align-right; width: 65%; border: 0; height: 1px; background-image: linear-gradient(90deg, rgba(239,239,239,1) 0%, rgba(168,168,168,1) 38%, rgba(50,50,50,1) 88%);\"\/>\n&nbsp;<br \/>\n&nbsp;<br \/>\n&nbsp;<\/p>\n<div style=\"margin-left: 5em; text-align: left; line-height: 1.2em; font-family: dinalternate-italic; font-size: 12pt;\">19. Oleksiievets N, Sargsyan Y, Thiele JC, Mougios N, Sograte-Idrissi S,<br \/>\nNevskyi O, Gregor I, Opazo F, Thoms S, Enderlein J, Tsukanov R.<\/p>\n<div style=\"line-height: 22pt; font-family: dinalternate-bold; font-size: 18pt;\"><a href=\"https:\/\/pubmed.ncbi.nlm.nih.gov\/35017652\/\" target=\"_blank\" rel=\"noopener\">Fluorescence lifetime DNA-PAINT for<br \/>\nmultiplexed super-resolution imaging of cells<\/a><\/p>\n<div style=\"margin-top: -1em; font-family: din-regularalternate; font-size: 12pt;\">Commun Biol. 2022 Jan 11;5(1):38. doi: 10.1038\/s42003-021-02976-4<\/div>\n<\/div>\n<\/div>\n<hr style=\"margin-left: -20%; align-right; width: 65%; border: 0; height: 1px; background-image: linear-gradient(90deg, rgba(239,239,239,1) 0%, rgba(168,168,168,1) 38%, rgba(50,50,50,1) 88%);\"\/>\n&nbsp;<br \/>\n&nbsp;<br \/>\n&nbsp;<\/p>\n<div style=\"margin-left: 5em; text-align: left; line-height: 1.2em; font-family: dinalternate-italic; font-size: 12pt;\">20. St\u00e4dele C, Stein W.<\/p>\n<div style=\"line-height: 22pt; font-family: dinalternate-bold; font-size: 18pt;\"><a href=\"https:\/\/pubmed.ncbi.nlm.nih.gov\/35171723\/\" target=\"_blank\" rel=\"noopener\">The dynamic range of voltage-dependent gap junction signaling is<br \/>\nmaintained by <i>I<\/i><sub>h<\/sub>-induced membrane potential depolarization<\/a><\/p>\n<div style=\"margin-top: -1em; font-family: din-regularalternate; font-size: 12pt;\">Front Cell Neurosci. 2022 Mar 28;16:849160. doi: 10.3389\/fncel.2022.849160. eCollection 2022<\/div>\n<\/div>\n<\/div>\n<hr style=\"margin-left: -20%; align-right; width: 65%; border: 0; height: 1px; background-image: linear-gradient(90deg, rgba(239,239,239,1) 0%, rgba(168,168,168,1) 38%, rgba(50,50,50,1) 88%);\"\/>\n&nbsp;<br \/>\n&nbsp;<br \/>\n&nbsp;<\/p>\n<div style=\"margin-left: 5em; text-align: left; line-height: 1.2em; font-family: dinalternate-italic; font-size: 12pt;\">21. Stein W, DeMaegd ML, Braun LY, Vidal-Gadea AG, Harris AL, St\u00e4dele C.<\/p>\n<div style=\"line-height: 22pt; font-family: dinalternate-bold; font-size: 18pt;\"><a href=\"https:\/\/pubmed.ncbi.nlm.nih.gov\/35418838\/\" target=\"_blank\" rel=\"noopener\">Neuromodulation Enables Temperature Robustness and Coupling<br \/>\nBetween Fast and Slow Oscillator Circuits<\/a><\/p>\n<div style=\"margin-top: -1em; font-family: din-regularalternate; font-size: 12pt;\">J Neurophysiol. 2022 Mar 1;127(3):776-790. doi: 10.1152\/jn.00545.2021. Epub 2022 Feb 16.<\/div>\n<\/div>\n<\/div>\n<hr style=\"margin-left: -20%; align-right; width: 65%; border: 0; height: 1px; background-image: linear-gradient(90deg, rgba(239,239,239,1) 0%, rgba(168,168,168,1) 38%, rgba(50,50,50,1) 88%);\"\/>\n&nbsp;<br \/>\n&nbsp;<br \/>\n&nbsp;<\/p>\n<div style=\"margin-left: 5em; text-align: left; line-height: 1.2em; font-family: dinalternate-italic; font-size: 12pt;\">22. Stejerean-Todoran I, Gimotty PA, Watters A, Brafford P, Krepler C, Godok T, Li H, Bonilla Del Rio Z,<br \/>\nZieseniss A, Katschinski DM, Sertel SM, Rizzoli SO, Garman B, Nathanson KL, Xu X, Chen Q, Oswald JH,<br \/>\nLotem M, Mills GB, Davies MA, Sch\u00f6n MP, Bogeski I, Herlyn M, Vultur A.<\/p>\n<div style=\"line-height: 22pt; font-family: dinalternate-bold; font-size: 18pt;\"><a href=\"https:\/\/academic.oup.com\/neuro-oncology\/advance-article\/doi\/10.1093\/neuonc\/noac212\/6687782?searchresult=1\" target=\"_blank\" rel=\"noopener noreferrer\">A distinct pattern of growth and RAC1 signaling<br \/>\nin melanoma brain metastasis cells<\/a><\/p>\n<div style=\"margin-top: -1em; font-family: din-regularalternate; font-size: 12pt;\">Neuro Oncol. 2022 Sep 2:noac212. doi: 10.1093\/neuonc\/noac212. Online ahead of print.<\/div>\n<\/div>\n<\/div>\n<hr style=\"margin-left: -20%; align-right; width: 65%; border: 0; height: 1px; background-image: linear-gradient(90deg, rgba(239,239,239,1) 0%, rgba(168,168,168,1) 38%, rgba(50,50,50,1) 88%);\"\/>\n&nbsp;<br \/>\n&nbsp;<br \/>\n&nbsp;<\/p>\n<div style=\"margin-left: 5em; text-align: left; line-height: 1.2em; font-family: dinalternate-italic; font-size: 12pt;\">23. Tabares L, Rizzoli SO.<\/p>\n<div style=\"line-height: 22pt; font-family: dinalternate-bold; font-size: 18pt;\"><a href=\"https:\/\/pubmed.ncbi.nlm.nih.gov\/35747240\/\" target=\"_blank\" rel=\"noopener\">Editorial: Molecular Nanomachines of the Presynaptic Terminal, Volume II<\/a><\/p>\n<div style=\"margin-top: -1em; font-family: din-regularalternate; font-size: 12pt;\">Front Synaptic Neurosci. 2022 Jun 7;14:941339. doi: 10.3389\/fnsyn.2022.941339. eCollection 2022<\/div>\n<\/div>\n<\/div>\n<hr style=\"margin-left: -20%; align-right; width: 65%; border: 0; height: 1px; background-image: linear-gradient(90deg, rgba(239,239,239,1) 0%, rgba(168,168,168,1) 38%, rgba(50,50,50,1) 88%);\"\/>\n","protected":false},"excerpt":{"rendered":"<p>&nbsp; &nbsp; &nbsp; &nbsp; 1. Andrew RD, Farkas E, Hartings JA, Brennan KC, Herreras O, M\u00fcller M, Kirov SA, Ayata C, Dawson\u2011Scully KD, Ollen\u2011Bittle N, Reiffurth C, Revah O, Robertson RM, Dawson-Scully KD, Ullah G, Dreier JP. Questioning Glutamate Excitotoxicity in Acute Brain Damage: The Importance of Spreading Depolarization Neurocrit Care. 2022 Jun;37(Suppl 1):11-30. doi: &hellip; <\/p>\n<p class=\"link-more\"><a href=\"https:\/\/www.neuro-physiol.med.uni-goettingen.de\/wordpress\/publications\/publications-2022\/\" class=\"more-link\"><span class=\"screen-reader-text\">\u201ePublications\u00a0\u00a02022\u201c <\/span>weiterlesen<\/a><\/p>\n","protected":false},"author":3,"featured_media":0,"parent":54,"menu_order":0,"comment_status":"closed","ping_status":"closed","template":"","meta":{"footnotes":""},"class_list":["post-8525","page","type-page","status-publish","hentry"],"_links":{"self":[{"href":"https:\/\/www.neuro-physiol.med.uni-goettingen.de\/wordpress\/wp-json\/wp\/v2\/pages\/8525","targetHints":{"allow":["GET"]}}],"collection":[{"href":"https:\/\/www.neuro-physiol.med.uni-goettingen.de\/wordpress\/wp-json\/wp\/v2\/pages"}],"about":[{"href":"https:\/\/www.neuro-physiol.med.uni-goettingen.de\/wordpress\/wp-json\/wp\/v2\/types\/page"}],"author":[{"embeddable":true,"href":"https:\/\/www.neuro-physiol.med.uni-goettingen.de\/wordpress\/wp-json\/wp\/v2\/users\/3"}],"replies":[{"embeddable":true,"href":"https:\/\/www.neuro-physiol.med.uni-goettingen.de\/wordpress\/wp-json\/wp\/v2\/comments?post=8525"}],"version-history":[{"count":0,"href":"https:\/\/www.neuro-physiol.med.uni-goettingen.de\/wordpress\/wp-json\/wp\/v2\/pages\/8525\/revisions"}],"up":[{"embeddable":true,"href":"https:\/\/www.neuro-physiol.med.uni-goettingen.de\/wordpress\/wp-json\/wp\/v2\/pages\/54"}],"wp:attachment":[{"href":"https:\/\/www.neuro-physiol.med.uni-goettingen.de\/wordpress\/wp-json\/wp\/v2\/media?parent=8525"}],"curies":[{"name":"wp","href":"https:\/\/api.w.org\/{rel}","templated":true}]}}